{"id":1378,"date":"2016-06-21T09:57:51","date_gmt":"2016-06-21T07:57:51","guid":{"rendered":"http:\/\/www.neessen.nl\/elsanta\/"},"modified":"2023-05-08T11:59:41","modified_gmt":"2023-05-08T09:59:41","slug":"elsanta","status":"publish","type":"page","link":"https:\/\/www.neessen.nl\/en\/neessen-aardbei-en-aspergeplanten\/aardbeienplanten\/varieties\/middentijdse-aardbeienrassen\/elsanta\/","title":{"rendered":"Elsanta"},"content":{"rendered":"<p>[et_pb_section fb_built=&#8221;1&#8243; fullwidth=&#8221;on&#8221; admin_label=&#8221;header aarbei&#8221; _builder_version=&#8221;4.19.4&#8243; _module_preset=&#8221;default&#8221; global_module=&#8221;1798&#8243; saved_tabs=&#8221;all&#8221; global_colors_info=&#8221;{}&#8221;][et_pb_fullwidth_image src=&#8221;https:\/\/www.neessen.nl\/wp-content\/uploads\/2023\/01\/neessen_header1.jpg&#8221; title_text=&#8221;neessen_header1&#8243; _builder_version=&#8221;4.19.4&#8243; _module_preset=&#8221;default&#8221; global_colors_info=&#8221;{}&#8221;][\/et_pb_fullwidth_image][\/et_pb_section][et_pb_section fb_built=&#8221;1&#8243; admin_label=&#8221;section&#8221; _builder_version=&#8221;4.16&#8243; custom_margin=&#8221;6px|||||&#8221; global_colors_info=&#8221;{}&#8221;][et_pb_row admin_label=&#8221;Rij&#8221; _builder_version=&#8221;4.16&#8243; background_size=&#8221;initial&#8221; background_position=&#8221;top_left&#8221; background_repeat=&#8221;repeat&#8221; custom_margin=&#8221;0px|||&#8221; custom_padding=&#8221;0px|||&#8221; make_fullwidth=&#8221;off&#8221; use_custom_width=&#8221;off&#8221; width_unit=&#8221;on&#8221; global_colors_info=&#8221;{}&#8221;][et_pb_column type=&#8221;4_4&#8243; _builder_version=&#8221;4.16&#8243; custom_padding=&#8221;|||&#8221; global_colors_info=&#8221;{}&#8221; custom_padding__hover=&#8221;|||&#8221;][et_pb_text admin_label=&#8221;Titel&#8221; _builder_version=&#8221;4.19.4&#8243; text_font_size=&#8221;66&#8243; background_size=&#8221;initial&#8221; background_position=&#8221;top_left&#8221; background_repeat=&#8221;repeat&#8221; min_height=&#8221;34.8px&#8221; custom_margin=&#8221;15px|||||&#8221; hover_enabled=&#8221;0&#8243; text_font_size_tablet=&#8221;40px&#8221; text_font_size_phone=&#8221;30px&#8221; text_font_size_last_edited=&#8221;on|phone&#8221; use_border_color=&#8221;off&#8221; border_color=&#8221;#ffffff&#8221; border_style=&#8221;solid&#8221; global_colors_info=&#8221;{}&#8221; sticky_enabled=&#8221;0&#8243;]<\/p>\n<p style=\"padding-left: 60px;\">Elsanta<\/p>\n<p>[\/et_pb_text][\/et_pb_column][\/et_pb_row][et_pb_row admin_label=&#8221;Rij&#8221; _builder_version=&#8221;4.16&#8243; background_size=&#8221;initial&#8221; background_position=&#8221;top_left&#8221; background_repeat=&#8221;repeat&#8221; global_colors_info=&#8221;{}&#8221;][et_pb_column type=&#8221;4_4&#8243; _builder_version=&#8221;4.16&#8243; custom_padding=&#8221;|||&#8221; global_colors_info=&#8221;{}&#8221; custom_padding__hover=&#8221;|||&#8221;][et_pb_text admin_label=&#8221;Tekst&#8221; _builder_version=&#8221;4.16&#8243; background_size=&#8221;initial&#8221; background_position=&#8221;top_left&#8221; background_repeat=&#8221;repeat&#8221; use_border_color=&#8221;off&#8221; border_color=&#8221;#ffffff&#8221; border_style=&#8221;solid&#8221; global_colors_info=&#8221;{}&#8221;]<strong>Elsanta is one of the most grown varieties! It is a firm strawberry variety with a good shelf life. Due to the high production, firmness and long shelf life of the fruit, Elsanta is extremely suitable for both growers and traders. The large fruit has a good taste with a strong strawberry aroma. Elsanta is widely cultivated in large parts of Europe.<\/strong><br \/>\n[\/et_pb_text][et_pb_image src=&#8221;https:\/\/www.neessen.nl\/wp-content\/uploads\/2023\/01\/2212_eigenschappen-rassen_NL_eigenschappen_elsantaENG-1.png&#8221; align_tablet=&#8221;center&#8221; align_phone=&#8221;center&#8221; align_last_edited=&#8221;on|desktop&#8221; admin_label=&#8221;Afbeelding eigenschappen&#8221; _builder_version=&#8221;4.16&#8243; custom_margin=&#8221;0px|||&#8221; animation=&#8221;off&#8221; use_border_color=&#8221;off&#8221; border_color=&#8221;#ffffff&#8221; border_style=&#8221;solid&#8221; sticky=&#8221;off&#8221; always_center_on_mobile=&#8221;on&#8221; global_colors_info=&#8221;{}&#8221;][\/et_pb_image][et_pb_text admin_label=&#8221;Vrucht kwaliteit&#8221; _builder_version=&#8221;4.16&#8243; background_size=&#8221;initial&#8221; background_position=&#8221;top_left&#8221; background_repeat=&#8221;repeat&#8221; use_border_color=&#8221;off&#8221; border_color=&#8221;#ffffff&#8221; border_style=&#8221;solid&#8221; global_colors_info=&#8221;{}&#8221;]<\/p>\n<h3>Fruit quality<\/h3>\n<p>Elsanta has a good taste and a strong strawberry aroma. The fruits are firm and conical in shape and have a shiny, red colour. The inside of the fruit is red, but the core remains white. The crown is firmly attached to the fruit. Elsanta has a strong fruit skin so that it is not sensitive to pressure points and is therefore very suitable for fresh consumption.<br \/>\n[\/et_pb_text][et_pb_text admin_label=&#8221;Bloei en pluk periode&#8221; _builder_version=&#8221;4.16&#8243; background_size=&#8221;initial&#8221; background_position=&#8221;top_left&#8221; background_repeat=&#8221;repeat&#8221; use_border_color=&#8221;off&#8221; border_color=&#8221;#ffffff&#8221; border_style=&#8221;solid&#8221; global_colors_info=&#8221;{}&#8221;]<\/p>\n<h3>Flowering and picking period<\/h3>\n<p>Elsanta is characterized by its large and wide fruits with long, sturdy fruit clusters. Elsanta produces fairly large flowers. The stamens of the first flowers are often less good. The other flowers often have reasonable to well-developed stamens. Elsanta is a mid-ripening strawberry. In the open ground, Elsanta is usually one or two days earlier than Sonata. In cooled cultivation, the harvest is more concentrated than Sonata. As a result, the fruits quickly become smaller.<br \/>\n[\/et_pb_text][et_pb_text admin_label=&#8221;Productiviteit&#8221; _builder_version=&#8221;4.16&#8243; background_size=&#8221;initial&#8221; background_position=&#8221;top_left&#8221; background_repeat=&#8221;repeat&#8221; use_border_color=&#8221;off&#8221; border_color=&#8221;#ffffff&#8221; border_style=&#8221;solid&#8221; global_colors_info=&#8221;{}&#8221;]<\/p>\n<h3>Productivity<\/h3>\n<p>The yield of Elsanta is high to very high. The fruits are easy to pick because the fruits are large and the plants have long, sturdy fruit clusters. Characteristics are the small sepals. The percentage of deformed fruits is higher than with Sonata, especially with an early spring crop. The share of class I is also higher at Sonata than at Elsanta.<br \/>\n[\/et_pb_text][et_pb_text admin_label=&#8221;Ziekten en plagen&#8221; _builder_version=&#8221;4.16&#8243; background_size=&#8221;initial&#8221; background_position=&#8221;top_left&#8221; background_repeat=&#8221;repeat&#8221; use_border_color=&#8221;off&#8221; border_color=&#8221;#ffffff&#8221; border_style=&#8221;solid&#8221; global_colors_info=&#8221;{}&#8221;]<\/p>\n<h3>Disease resistance<\/h3>\n<p>Elsanta is susceptible for the following diseases:\u00a0<em>Verticillium dahliae,\u00a0<\/em><em>Phytophthora cactorum,\u00a0<\/em><em>Phytophthora fragariae,\u00a0<\/em><em>Botrytis cinerea,\u00a0<\/em><em>colletotrichum acutatum and\u00a0<\/em><em>Sphaerotheca macularis<\/em><br \/>\n[\/et_pb_text][et_pb_text admin_label=&#8221;Teeltervaringen&#8221; _builder_version=&#8221;4.16&#8243; background_size=&#8221;initial&#8221; background_position=&#8221;top_left&#8221; background_repeat=&#8221;repeat&#8221; use_border_color=&#8221;off&#8221; border_color=&#8221;#ffffff&#8221; border_style=&#8221;solid&#8221; global_colors_info=&#8221;{}&#8221;]<\/p>\n<h3>Cultivation experiences<\/h3>\n<p>Elsanta can be used for all kinds of crops, both indoors and outdoors, and from early to fairly late. The variety is also very useful for the vegetable garden. Elsanta is grown in large parts of Europe. Unlike Sonata, Elsanta, however, is very sensitive to winter frost. Due to its sensitivity to wilt disease, Elsanta is less suitable for cultivation on soils on which potatoes and strawberries have been grown.<br \/>\n[\/et_pb_text][\/et_pb_column][\/et_pb_row][et_pb_row admin_label=&#8221;Rij&#8221; _builder_version=&#8221;4.16&#8243; background_size=&#8221;initial&#8221; background_position=&#8221;top_left&#8221; background_repeat=&#8221;repeat&#8221; global_colors_info=&#8221;{}&#8221;][et_pb_column type=&#8221;4_4&#8243; _builder_version=&#8221;4.16&#8243; custom_padding=&#8221;|||&#8221; global_colors_info=&#8221;{}&#8221; custom_padding__hover=&#8221;|||&#8221;][et_pb_text admin_label=&#8221;Beschikbaar als&#8221; _builder_version=&#8221;4.16&#8243; background_size=&#8221;initial&#8221; background_position=&#8221;top_left&#8221; background_repeat=&#8221;repeat&#8221; use_border_color=&#8221;off&#8221; border_color=&#8221;#ffffff&#8221; border_style=&#8221;solid&#8221; global_colors_info=&#8221;{}&#8221;]<\/p>\n<h1>Available as:<\/h1>\n<p>[\/et_pb_text][et_pb_image src=&#8221;https:\/\/www.neessen.nl\/wp-content\/uploads\/2023\/01\/2212_eigenschappen-rassen_NL_sorteringen_darselect_elsanta_falco_flair_opera_parlando_rumba_sonata_sonsation_twist_verdiENG-1.png&#8221; align_tablet=&#8221;center&#8221; align_phone=&#8221;center&#8221; align_last_edited=&#8221;on|desktop&#8221; admin_label=&#8221;Afbeelding sorteringen&#8221; _builder_version=&#8221;4.16&#8243; animation=&#8221;off&#8221; use_border_color=&#8221;off&#8221; border_color=&#8221;#ffffff&#8221; border_style=&#8221;solid&#8221; sticky=&#8221;off&#8221; always_center_on_mobile=&#8221;on&#8221; global_colors_info=&#8221;{}&#8221;][\/et_pb_image][\/et_pb_column][\/et_pb_row][\/et_pb_section]<\/p>\n","protected":false},"excerpt":{"rendered":"<p>ElsantaElsanta is one of the most grown varieties! It is a firm strawberry variety with a good shelf life. Due to the high production, firmness and long shelf life of the fruit, Elsanta is extremely suitable for both growers and traders. The large fruit has a good taste with a strong strawberry aroma. Elsanta is [&hellip;]<\/p>\n","protected":false},"author":1,"featured_media":0,"parent":1886,"menu_order":9,"comment_status":"closed","ping_status":"closed","template":"","meta":{"_et_pb_use_builder":"on","_et_pb_old_content":"<p><strong>\u00c9\u00e9n van de meest geteelde rassen<\/strong><br \/> Elsanta is een stevig aardbeiras met een goede houdbaarheid. Door de hoge productie, de stevigheid en de lange houdbaarheid van de vrucht is Elsanta uitermate geschikt voor zowel de teler als de handel. De grote vrucht heeft een goede smaak met een sterk aardbeiaroma. Elsanta wordt in grote delen van Europa op grote schaal geteeld.<\/p><h2>Vruchtkwaliteit<\/h2><p>Elsanta heeft een goede smaak en een sterk aardbeiaroma. De vruchten zijn stevig en<br \/> conisch van vorm en hebben een glanzende, rode kleur. Inwendig is de vrucht rood maar de<br \/> kern blijft wit. Het kroontje zit stevig op de vrucht. Elsanta heeft een sterke vruchthuid waardoor<br \/> ze niet gevoelig is voor drukplekken en is daarom zeer geschikt voor verse consumptie.<\/p><h2>Bloei en plukperiode<\/h2><p>Elsanta kenmerkt zich door haar forse en brede vruchten met lange, stevige vruchttrossen.<br \/> Elsanta maakt redelijk grote bloemen. De meeldraden van de eerste bloemen zijn vaak<br \/> minder goed. De overige bloemen hebben vaak redelijk tot goed ontwikkelde meeldraden.<br \/> Elsanta is een middentijds afrijpende aardbei. In de vollegrond is Elsanta doorgaans \u00e9\u00e9n \u00e0<br \/> twee dagen vroeger dan Sonata. In de gekoelde teelt is de oogst geconcentreerder dan<br \/> Sonata. Hierdoor worden de vruchten snel kleiner.<\/p><h2>Productiviteit<\/h2><p>De opbrengst van Elsanta is hoog tot zeer hoog. De vruchten zijn makkelijk te plukken,<br \/> omdat de vruchten fors zijn en de planten lange, stevige vruchttrossen hebben. Kenmerkend<br \/> zijn de kleine kelkbladeren. Het percentage misvormde vruchten ligt hoger dan bij Sonata,<br \/> vooral bij een vroege voorjaarsteelt. Ook is het aandeel klasse I bij Sonata hoger dan bij<br \/> Elsanta.<\/p><h2>Ziektegevoeligheid<\/h2><p>Elsanta is gevoelig voor de volgende ziektes:<br \/> - verwelkingsziekte (Verticillium dahliae)<br \/> - stengelbasisrot (Phytophthora cactorum)<br \/> - roodwortelrot (Phytophthora fragariae)<br \/> - vruchtrot (Botrytis cinerea)<br \/> - colletotrichum acutatum<br \/> - meeldauw (Sphaerotheca macularis)<\/p><h2>Teeltervaringen<\/h2><p>Elsanta kan gebruikt worden voor allerlei teelten, zowel binnen als buiten, en van vroeg tot<br \/> tamelijk laat. Het ras is ook goed bruikbaar voor de moestuin. Elsanta wordt in grote delen<br \/> van Europa geteeld. Elsanta is echter in tegenstelling tot o.a. Sonata, zeer gevoelig voor<br \/> wintervorst. Elsanta is vanwege zijn gevoeligheid voor verwelkingsziekte minder geschikt<br \/> voor teelt op gronden waarop aardappelen en aardbeien zijn geteeld.<\/p><p>[gallery ids=\"145,146\"]<\/p>","_et_gb_content_width":""},"acf":[],"_links":{"self":[{"href":"https:\/\/www.neessen.nl\/en\/wp-json\/wp\/v2\/pages\/1378"}],"collection":[{"href":"https:\/\/www.neessen.nl\/en\/wp-json\/wp\/v2\/pages"}],"about":[{"href":"https:\/\/www.neessen.nl\/en\/wp-json\/wp\/v2\/types\/page"}],"author":[{"embeddable":true,"href":"https:\/\/www.neessen.nl\/en\/wp-json\/wp\/v2\/users\/1"}],"replies":[{"embeddable":true,"href":"https:\/\/www.neessen.nl\/en\/wp-json\/wp\/v2\/comments?post=1378"}],"version-history":[{"count":9,"href":"https:\/\/www.neessen.nl\/en\/wp-json\/wp\/v2\/pages\/1378\/revisions"}],"predecessor-version":[{"id":4745,"href":"https:\/\/www.neessen.nl\/en\/wp-json\/wp\/v2\/pages\/1378\/revisions\/4745"}],"up":[{"embeddable":true,"href":"https:\/\/www.neessen.nl\/en\/wp-json\/wp\/v2\/pages\/1886"}],"wp:attachment":[{"href":"https:\/\/www.neessen.nl\/en\/wp-json\/wp\/v2\/media?parent=1378"}],"curies":[{"name":"wp","href":"https:\/\/api.w.org\/{rel}","templated":true}]}}