{"id":5592,"date":"2016-06-21T16:10:43","date_gmt":"2016-06-21T14:10:43","guid":{"rendered":"https:\/\/www.neessen.nl\/neessen-aardbei-en-aspergeplanten\/over-neessen\/wie-zijn-wij\/"},"modified":"2023-11-27T11:44:31","modified_gmt":"2023-11-27T10:44:31","slug":"wie-zijn-wij","status":"publish","type":"page","link":"https:\/\/www.neessen.nl\/de\/neessen-aardbei-en-aspergeplanten\/over-neessen\/wie-zijn-wij\/","title":{"rendered":"Wie zijn wij?"},"content":{"rendered":"<p>[et_pb_section fb_built=&#8220;1&#8243; fullwidth=&#8220;on&#8220; admin_label=&#8220;Header 1 algemeen&#8220; _builder_version=&#8220;4.19.4&#8243; _module_preset=&#8220;default&#8220; saved_tabs=&#8220;all&#8220; global_colors_info=&#8220;{}&#8220; global_module=&#8220;3647&#8243; theme_builder_area=&#8220;post_content&#8220;][et_pb_fullwidth_image src=&#8220;https:\/\/www.neessen.nl\/wp-content\/uploads\/2023\/01\/header-9-scaled-e1674047967329.jpg&#8220; title_text=&#8220;header (9)&#8220; _builder_version=&#8220;4.19.4&#8243; _module_preset=&#8220;default&#8220; global_colors_info=&#8220;{}&#8220; theme_builder_area=&#8220;post_content&#8220;][\/et_pb_fullwidth_image][\/et_pb_section][et_pb_section fb_built=&#8220;1&#8243; _builder_version=&#8220;4.16&#8243; global_colors_info=&#8220;{}&#8220;][et_pb_row _builder_version=&#8220;4.16&#8243; background_size=&#8220;initial&#8220; background_position=&#8220;top_left&#8220; background_repeat=&#8220;repeat&#8220; global_colors_info=&#8220;{}&#8220;][et_pb_column type=&#8220;4_4&#8243; _builder_version=&#8220;4.16&#8243; custom_padding=&#8220;|||&#8220; global_colors_info=&#8220;{}&#8220; custom_padding__hover=&#8220;|||&#8220;][et_pb_text _builder_version=&#8220;4.19.4&#8243; _module_preset=&#8220;default&#8220; text_font_size=&#8220;66px&#8220; custom_margin=&#8220;11px|||||&#8220; hover_enabled=&#8220;0&#8243; text_font_size_tablet=&#8220;40px&#8220; text_font_size_phone=&#8220;30px&#8220; text_font_size_last_edited=&#8220;on|phone&#8220; global_colors_info=&#8220;{}&#8220; sticky_enabled=&#8220;0&#8243;]<\/p>\n<p>Wer sind wir?<\/p>\n<p>[\/et_pb_text][et_pb_text _builder_version=&#8220;4.19.4&#8243; background_size=&#8220;initial&#8220; background_position=&#8220;top_left&#8220; background_repeat=&#8220;repeat&#8220; hover_enabled=&#8220;0&#8243; global_colors_info=&#8220;{}&#8220; sticky_enabled=&#8220;0&#8243;]<\/p>\n<p><strong>Das heutige Erdbeer- und Spargelpflanzen Unternehmen Neessen entstand 1906 aus einem gemischten Unternehmen, das von Jacobus Steeghs gegr\u00fcndet wurde. 1942 f\u00fchrten Sjang Neessen und Nel Steeghs das Unternehmen weiter. Das Unternehmen wurde in den folgenden Jahren als echtes Familienunternehmen weitergef\u00fchrt. Seit seiner Gr\u00fcndung ist Neessen in verschiedenen Bereichen der Vieh- und Schweinehaltung, des Ackerbaus und des Gartenbaus t\u00e4tig. Ab Ende der 1950er Jahre wurde Neessen auch im Gartenbau mit Spargelanbau und sp\u00e4ter auch Erdbeeranbau t\u00e4tig. Neessen begann ihre heutige Spezialit\u00e4t in den sp\u00e4ten 1960er Jahren:<\/strong><\/p>\n<ul>\n<li>Wachsendes Ausgangsmaterial von Erdbeerpflanzen zur Vermehrung<\/li>\n<li>Vermehrung von Erdbeerpflanzen f\u00fcr Erdbeerbauern<\/li>\n<li>Der Anbau von Spargelpflanzen f\u00fcr Spargelanbauer<\/li>\n<li>Der Produktionsanbau von Spargel<\/li>\n<\/ul>\n<p>Dar\u00fcber hinaus betreiben wir als Nebent\u00e4tigkeit den Anbau von geschnittenen Hortensien und Gartenpflanzen im Gew\u00e4chshaus sowie einige Ackerkulturen zur Rotation der Anbaufl\u00e4chen. Jedes Jahr bauen wir alle unsere Pflanzen auf etwa 200 Hektar Land und 12 Hektar Glas an.<\/p>\n<p>Basierend auf unserem gro\u00dfen handwerklichen K\u00f6nnen entwickeln wir gemeinsam mit unseren Kunden die perfekten Erdbeer- und Spargelpflanzen f\u00fcr Ihr optimales Ergebnis. Denn darum geht es bei Neessen.<\/p>\n<p>[\/et_pb_text][et_pb_image src=&#8220;https:\/\/www.neessen.nl\/wp-content\/uploads\/2023\/01\/DSC09166-scaled.jpg&#8220; title_text=&#8220;Familie foto&#8220; _builder_version=&#8220;4.19.4&#8243; _module_preset=&#8220;default&#8220; width=&#8220;100%&#8220; module_alignment=&#8220;center&#8220; global_colors_info=&#8220;{}&#8220;][\/et_pb_image][\/et_pb_column][\/et_pb_row][et_pb_row _builder_version=&#8220;4.19.4&#8243; _module_preset=&#8220;default&#8220; global_colors_info=&#8220;{}&#8220;][et_pb_column type=&#8220;4_4&#8243; _builder_version=&#8220;4.19.4&#8243; _module_preset=&#8220;default&#8220; global_colors_info=&#8220;{}&#8220;][\/et_pb_column][\/et_pb_row][\/et_pb_section]<\/p>\n","protected":false},"excerpt":{"rendered":"<p>Wer sind wir?Das heutige Erdbeer- und Spargelpflanzen Unternehmen Neessen entstand 1906 aus einem gemischten Unternehmen, das von Jacobus Steeghs gegr\u00fcndet wurde. 1942 f\u00fchrten Sjang Neessen und Nel Steeghs das Unternehmen weiter. Das Unternehmen wurde in den folgenden Jahren als echtes Familienunternehmen weitergef\u00fchrt. Seit seiner Gr\u00fcndung ist Neessen in verschiedenen Bereichen der Vieh- und Schweinehaltung, des [&hellip;]<\/p>\n","protected":false},"author":1,"featured_media":0,"parent":5586,"menu_order":2,"comment_status":"closed","ping_status":"closed","template":"","meta":{"_et_pb_use_builder":"on","_et_pb_old_content":"<p><strong>Het huidige bedrijf Neessen aardbei- en aspergeplanten is ontstaan in 1906 uit een gemengd bedrijf, opgericht door Jacobus Steeghs. Het bedrijf heeft zich in de daaropvolgende jaren voortgezet als een echt familiebedrijf. Sinds de oprichting is Neessen werkzaam geweest in diverse activiteiten in de vee- en varkenshouderij, akkerbouw en tuinbouw.<\/strong><\/p><p>Onze huidige specialismen zijn:<\/p><ul><li>Het vermeerderen van uitgangsmateriaal van aardbeiplanten voor vermeerdering<\/li><li>Het vermeerderen van aardbeiplanten voor aardbeitelers<\/li><li>De opkweek van aspergeplanten voor aspergetelers<\/li><li>De productieteelt van asperges<\/li><\/ul><p>Daarnaast hebben we als nevenactiviteiten het opkweken van snijhortensia\u2019s en tuinplanten in de kas en enkele akkerbouwgewassen ter roulatie van de teelgronden. Jaarlijks telen we op ongeveer 200hectare al onze gewassen.<\/p><p>Vanuit ons grote vakmanschap ontwikkelen we in samenwerking met onze relaties de perfecte aardbei- en aspergeplanten, voor uw optimale resultaat. Want dat is waar het om draait bij Neessen.<\/p><p>\u00a0<\/p><p>\u00a0<\/p><p>\u00a0<\/p>","_et_gb_content_width":""},"acf":[],"_links":{"self":[{"href":"https:\/\/www.neessen.nl\/de\/wp-json\/wp\/v2\/pages\/5592"}],"collection":[{"href":"https:\/\/www.neessen.nl\/de\/wp-json\/wp\/v2\/pages"}],"about":[{"href":"https:\/\/www.neessen.nl\/de\/wp-json\/wp\/v2\/types\/page"}],"author":[{"embeddable":true,"href":"https:\/\/www.neessen.nl\/de\/wp-json\/wp\/v2\/users\/1"}],"replies":[{"embeddable":true,"href":"https:\/\/www.neessen.nl\/de\/wp-json\/wp\/v2\/comments?post=5592"}],"version-history":[{"count":1,"href":"https:\/\/www.neessen.nl\/de\/wp-json\/wp\/v2\/pages\/5592\/revisions"}],"predecessor-version":[{"id":5594,"href":"https:\/\/www.neessen.nl\/de\/wp-json\/wp\/v2\/pages\/5592\/revisions\/5594"}],"up":[{"embeddable":true,"href":"https:\/\/www.neessen.nl\/de\/wp-json\/wp\/v2\/pages\/5586"}],"wp:attachment":[{"href":"https:\/\/www.neessen.nl\/de\/wp-json\/wp\/v2\/media?parent=5592"}],"curies":[{"name":"wp","href":"https:\/\/api.w.org\/{rel}","templated":true}]}}