{"id":5586,"date":"2016-06-14T06:39:54","date_gmt":"2016-06-14T04:39:54","guid":{"rendered":"https:\/\/www.neessen.nl\/neessen-aardbei-en-aspergeplanten\/over-neessen\/"},"modified":"2023-11-27T11:40:28","modified_gmt":"2023-11-27T10:40:28","slug":"over-neessen","status":"publish","type":"page","link":"https:\/\/www.neessen.nl\/de\/neessen-aardbei-en-aspergeplanten\/over-neessen\/","title":{"rendered":"Over Neessen"},"content":{"rendered":"<p>[et_pb_section fb_built=&#8220;1&#8243; fullwidth=&#8220;on&#8220; admin_label=&#8220;Header 1 algemeen&#8220; _builder_version=&#8220;4.19.4&#8243; _module_preset=&#8220;default&#8220; saved_tabs=&#8220;all&#8220; global_colors_info=&#8220;{}&#8220; global_module=&#8220;3647&#8243; theme_builder_area=&#8220;post_content&#8220;][et_pb_fullwidth_image src=&#8220;https:\/\/www.neessen.nl\/wp-content\/uploads\/2023\/01\/header-9-scaled-e1674047967329.jpg&#8220; title_text=&#8220;header (9)&#8220; _builder_version=&#8220;4.19.4&#8243; _module_preset=&#8220;default&#8220; global_colors_info=&#8220;{}&#8220; theme_builder_area=&#8220;post_content&#8220;][\/et_pb_fullwidth_image][\/et_pb_section][et_pb_section fb_built=&#8220;1&#8243; _builder_version=&#8220;4.16&#8243; custom_margin=&#8220;5px|||||&#8220; global_colors_info=&#8220;{}&#8220;][et_pb_row _builder_version=&#8220;4.19.4&#8243; background_size=&#8220;initial&#8220; background_position=&#8220;top_left&#8220; background_repeat=&#8220;repeat&#8220; min_height=&#8220;525.7px&#8220; custom_margin=&#8220;|auto|7px|auto||&#8220; custom_padding=&#8220;||0px|||&#8220; global_colors_info=&#8220;{}&#8220;][et_pb_column type=&#8220;4_4&#8243; _builder_version=&#8220;4.16&#8243; custom_padding=&#8220;|||&#8220; global_colors_info=&#8220;{}&#8220; custom_padding__hover=&#8220;|||&#8220;][et_pb_text _builder_version=&#8220;4.19.4&#8243; _module_preset=&#8220;default&#8220; text_font_size=&#8220;66px&#8220; custom_padding=&#8220;7px|||||&#8220; text_font_size_tablet=&#8220;40px&#8220; text_font_size_phone=&#8220;30px&#8220; text_font_size_last_edited=&#8220;on|phone&#8220; global_colors_info=&#8220;{}&#8220;]<\/p>\n<p>\u00dcber Neessen<\/p>\n<p>[\/et_pb_text][et_pb_text _builder_version=&#8220;4.19.4&#8243; background_size=&#8220;initial&#8220; background_position=&#8220;top_left&#8220; background_repeat=&#8220;repeat&#8220; global_colors_info=&#8220;{}&#8220;]<\/p>\n<div class=\"content\">\n<p><strong>Neessen Strawberry and Asparagus Plants wurde 1906 von Jacobus Steeghs gegr\u00fcndet. Das Unternehmen wurde in den folgenden Jahren als echtes Familienunternehmen weitergef\u00fchrt. Mittlerweile ist das Unternehmen spezialisiert auf:<\/strong><\/p>\n<ul>\n<li>Die Vermehrung und der Anbau von hochwertigem Ausgangsmaterial von Erdbeerpflanzen<\/li>\n<li>Vermehrung von Erdbeerpflanzen f\u00fcr Erdbeerbauern<\/li>\n<li>Der Anbau von Spargelpflanzen f\u00fcr Spargelanbauer<\/li>\n<\/ul>\n<p>Zus\u00e4tzlich zu diesen Zweigen bauen wir auch Produktions Spargel, Zuckerr\u00fcben und einige andere Ackerfr\u00fcchte an. Im Jahr 2010 begann ich nebenberuflich mit dem Schneiden von Hortensien und dem Z\u00fcchten von Hortensien und Astilben.<\/p>\n<p>Basierend auf unserem gro\u00dfen handwerklichen K\u00f6nnen entwickeln wir gemeinsam mit unseren Kunden die perfekten Erdbeer- und Spargelpflanzen f\u00fcr Ihr optimales Ergebnis. Denn darum geht es bei Neessen.<\/p>\n<\/div>\n<p>[\/et_pb_text][et_pb_text _builder_version=&#8220;4.19.4&#8243; _module_preset=&#8220;default&#8220; global_colors_info=&#8220;{}&#8220;]<\/p>\n<h2>Warum Neessen<\/h2>\n<p>[\/et_pb_text][et_pb_text _builder_version=&#8220;4.19.4&#8243; _module_preset=&#8220;default&#8220; custom_margin=&#8220;-19px|||||&#8220; custom_padding=&#8220;||0px|||&#8220; global_colors_info=&#8220;{}&#8220;]<\/p>\n<p><strong>Unsere Aktivit\u00e4ten gehen \u00fcber den reinen Anbau und die Lieferung von Erdbeer- und Spargelpflanzen hinaus. Dass wir als erfolgreicher Partner im Markt einen zus\u00e4tzlichen Mehrwert bieten, ist f\u00fcr uns selbstverst\u00e4ndlich.<\/strong><\/p>\n<p>Neessen Erdbeer- und Spargelpflanzen stehen f\u00fcr:<\/p>\n<p>&nbsp;<\/p>\n<p>[\/et_pb_text][\/et_pb_column][\/et_pb_row][et_pb_row column_structure=&#8220;1_4,1_4,1_4,1_4&#8243; _builder_version=&#8220;4.19.4&#8243; _module_preset=&#8220;default&#8220; custom_padding=&#8220;0px|||||&#8220; global_colors_info=&#8220;{}&#8220;][et_pb_column type=&#8220;1_4&#8243; _builder_version=&#8220;4.19.4&#8243; _module_preset=&#8220;default&#8220; global_colors_info=&#8220;{}&#8220;][et_pb_text _builder_version=&#8220;4.19.4&#8243; _module_preset=&#8220;default&#8220; global_colors_info=&#8220;{}&#8220;]<\/p>\n<h4>Handwerkskunst<\/h4>\n<p>Als Spezialist f\u00fcr Erdbeer- und Spargelpflanzen ist Neessen kontinuierlich auf der Suche nach Innovationen und Innovationen. Wir verfolgen die Marktentwicklungen und denken mit den Kunden mit.<\/p>\n<p>[\/et_pb_text][\/et_pb_column][et_pb_column type=&#8220;1_4&#8243; _builder_version=&#8220;4.19.4&#8243; _module_preset=&#8220;default&#8220; global_colors_info=&#8220;{}&#8220;][et_pb_text _builder_version=&#8220;4.19.4&#8243; _module_preset=&#8220;default&#8220; global_colors_info=&#8220;{}&#8220;]<\/p>\n<h4>Hingabe<\/h4>\n<p>Als Familienunternehmen besch\u00e4ftigen sich die Neessen-Mitarbeiter schon fr\u00fch mit dem Anbau von Erdbeer- und Spargelpflanzen, sodass ein sehr leidenschaftliches Team entsteht. Gemeinsam garantieren wir eine erfolgreiche Zusammenarbeit!<\/p>\n<p>[\/et_pb_text][\/et_pb_column][et_pb_column type=&#8220;1_4&#8243; _builder_version=&#8220;4.19.4&#8243; _module_preset=&#8220;default&#8220; global_colors_info=&#8220;{}&#8220;][et_pb_text _builder_version=&#8220;4.19.4&#8243; _module_preset=&#8220;default&#8220; global_colors_info=&#8220;{}&#8220;]<\/p>\n<h4>Beteiligung<\/h4>\n<p>Aufgrund ihrer Leidenschaft engagiert sich Neessen Strawberry and Asparagus Plants sehr f\u00fcr seine Kunden und die Entwicklungen auf dem Markt. Wir denken mit Ihnen mit und beraten Sie wo m\u00f6glich.<\/p>\n<p>[\/et_pb_text][\/et_pb_column][et_pb_column type=&#8220;1_4&#8243; _builder_version=&#8220;4.19.4&#8243; _module_preset=&#8220;default&#8220; global_colors_info=&#8220;{}&#8220;][et_pb_text _builder_version=&#8220;4.19.4&#8243; _module_preset=&#8220;default&#8220; global_colors_info=&#8220;{}&#8220;]<\/p>\n<h4>Diversit\u00e4t<\/h4>\n<p>Neessen baut ein breites Sortiment an Sorten und Arten von Erdbeer- und Spargelpflanzen an und erm\u00f6glicht es uns, den vielf\u00e4ltigen W\u00fcnschen und Bed\u00fcrfnissen unserer Kunden gerecht zu werden.<\/p>\n<p>[\/et_pb_text][\/et_pb_column][\/et_pb_row][et_pb_row column_structure=&#8220;1_4,1_4,1_4,1_4&#8243; _builder_version=&#8220;4.19.4&#8243; _module_preset=&#8220;default&#8220; custom_margin=&#8220;8px|auto||auto||&#8220; global_colors_info=&#8220;{}&#8220;][et_pb_column type=&#8220;1_4&#8243; _builder_version=&#8220;4.19.4&#8243; _module_preset=&#8220;default&#8220; global_colors_info=&#8220;{}&#8220;][et_pb_text _builder_version=&#8220;4.19.4&#8243; _module_preset=&#8220;default&#8220; global_colors_info=&#8220;{}&#8220;]<\/p>\n<h4>Flexibilit\u00e4t<\/h4>\n<p>Neessen hat die volle Kontrolle \u00fcber den Anbau von Erdbeer- und Spargelpflanzen, wodurch wir flexibel auf die W\u00fcnsche und Bed\u00fcrfnisse unserer Kunden reagieren k\u00f6nnen.<\/p>\n<p>[\/et_pb_text][\/et_pb_column][et_pb_column type=&#8220;1_4&#8243; _builder_version=&#8220;4.19.4&#8243; _module_preset=&#8220;default&#8220; global_colors_info=&#8220;{}&#8220;][et_pb_text _builder_version=&#8220;4.19.4&#8243; _module_preset=&#8220;default&#8220; global_colors_info=&#8220;{}&#8220;]<\/p>\n<h4>Zuverl\u00e4ssigkeit<\/h4>\n<p>\u201eEin Deal ist ein Deal\u201c ist f\u00fcr Neessen kein leerer Slogan. Keine nicht einzuhaltenden Versprechen, sondern Klarheit als verl\u00e4sslicher Partner.<\/p>\n<p>[\/et_pb_text][\/et_pb_column][et_pb_column type=&#8220;1_4&#8243; _builder_version=&#8220;4.19.4&#8243; _module_preset=&#8220;default&#8220; global_colors_info=&#8220;{}&#8220;][et_pb_text _builder_version=&#8220;4.19.4&#8243; _module_preset=&#8220;default&#8220; global_colors_info=&#8220;{}&#8220;]<\/p>\n<div class=\"et_pb_text_inner\">\n<div class=\"et-fb-popover-tinymce\" data-shortcode-id=\"1.0.0.3-1679048870014\" data-quickaccess-editable=\"yes\">\n<div class=\"mce-content-body\" style=\"position: relative;\" contenteditable=\"true\">\n<h4>Erfahrung<\/h4>\n<p>Durch jahrelange Erfahrung hat Neessen ein enormes Ma\u00df an Wissen und Fachwissen auf ihrem Gebiet erworben, was zu einer gesch\u00e4tzten Handwerkskunst f\u00fchrte.<\/p>\n<\/div>\n<\/div>\n<\/div>\n<p>[\/et_pb_text][\/et_pb_column][et_pb_column type=&#8220;1_4&#8243; _builder_version=&#8220;4.19.4&#8243; _module_preset=&#8220;default&#8220; global_colors_info=&#8220;{}&#8220;][\/et_pb_column][\/et_pb_row][\/et_pb_section]<\/p>\n","protected":false},"excerpt":{"rendered":"<p>\u00dcber Neessen Neessen Strawberry and Asparagus Plants wurde 1906 von Jacobus Steeghs gegr\u00fcndet. Das Unternehmen wurde in den folgenden Jahren als echtes Familienunternehmen weitergef\u00fchrt. Mittlerweile ist das Unternehmen spezialisiert auf: Die Vermehrung und der Anbau von hochwertigem Ausgangsmaterial von Erdbeerpflanzen Vermehrung von Erdbeerpflanzen f\u00fcr Erdbeerbauern Der Anbau von Spargelpflanzen f\u00fcr Spargelanbauer Zus\u00e4tzlich zu diesen Zweigen [&hellip;]<\/p>\n","protected":false},"author":1,"featured_media":0,"parent":305,"menu_order":1,"comment_status":"closed","ping_status":"closed","template":"","meta":{"_et_pb_use_builder":"on","_et_pb_old_content":"<div class=\"content\"><blockquote><p><em>\"Een vruchtbare historie in de agrarische sector!\"<\/em><\/p><\/blockquote><p><strong>Het oorspronkelijke bedrijf waaruit Neessen aardbei- en aspergeplanten is ontstaan is opgericht in 1906 door Jacobus Steeghs en in 1942 voortgezet door Sjang Neessen en Nel Steeghs. Neessen heeft zich in de daaropvolgende decennia voortgezet als een echt familiebedrijf. \u2028\u2028Sinds de oprichting is Neessen werkzaam geweest in diverse activiteiten in de akkerbouw en veehouderij. Vanaf eind jaren vijftig is Neessen ook actief geworden in de tuinbouw met productieasperges en later ook aardbeiproductie. Vanaf eind jaren zestig is Neessen begonnen met haar huidige specialisme:<\/strong><\/p><ul><li>Het vermeerderen van aardbeiplanten voor aardbeikwekers<\/li><li>De opkweek van aspergeplanten voor aspergetelers<\/li><\/ul><p>Naast deze takken telen we nog productieasperges, suikerbieten en enkele andere akkerbouwgewassen. Vanaf 2010 is de nevenactiviteit snijhortensia\u2019s en de opkweek van tuinplanten begonnen.<\/p><p>Vanuit ons grote vakmanschap ontwikkelen we in samenwerking met onze relaties de perfecte aardbei- en aspergeplanten, voor uw optimale resultaat. Want dat is waar het om draait bij Neessen.<\/p><\/div>","_et_gb_content_width":""},"acf":[],"_links":{"self":[{"href":"https:\/\/www.neessen.nl\/de\/wp-json\/wp\/v2\/pages\/5586"}],"collection":[{"href":"https:\/\/www.neessen.nl\/de\/wp-json\/wp\/v2\/pages"}],"about":[{"href":"https:\/\/www.neessen.nl\/de\/wp-json\/wp\/v2\/types\/page"}],"author":[{"embeddable":true,"href":"https:\/\/www.neessen.nl\/de\/wp-json\/wp\/v2\/users\/1"}],"replies":[{"embeddable":true,"href":"https:\/\/www.neessen.nl\/de\/wp-json\/wp\/v2\/comments?post=5586"}],"version-history":[{"count":2,"href":"https:\/\/www.neessen.nl\/de\/wp-json\/wp\/v2\/pages\/5586\/revisions"}],"predecessor-version":[{"id":5591,"href":"https:\/\/www.neessen.nl\/de\/wp-json\/wp\/v2\/pages\/5586\/revisions\/5591"}],"up":[{"embeddable":true,"href":"https:\/\/www.neessen.nl\/de\/wp-json\/wp\/v2\/pages\/305"}],"wp:attachment":[{"href":"https:\/\/www.neessen.nl\/de\/wp-json\/wp\/v2\/media?parent=5586"}],"curies":[{"name":"wp","href":"https:\/\/api.w.org\/{rel}","templated":true}]}}