{"id":2514,"date":"2016-06-21T11:32:10","date_gmt":"2016-06-21T09:32:10","guid":{"rendered":"https:\/\/www.neessen.nl\/doordragende-aardbeien-rassen\/ostara\/"},"modified":"2023-05-08T15:34:32","modified_gmt":"2023-05-08T13:34:32","slug":"ostara","status":"publish","type":"page","link":"https:\/\/www.neessen.nl\/de\/neessen-aardbei-en-aspergeplanten\/aardbeienplanten\/rassen\/doordragende-aardbeien-rassen\/ostara\/","title":{"rendered":"Ostara"},"content":{"rendered":"<p>[et_pb_section fb_built=&#8220;1&#8243; fullwidth=&#8220;on&#8220; admin_label=&#8220;Header 3 aarbeien&#8220; _builder_version=&#8220;4.19.4&#8243; _module_preset=&#8220;default&#8220; global_module=&#8220;2386&#8243; saved_tabs=&#8220;all&#8220; global_colors_info=&#8220;{}&#8220;][et_pb_fullwidth_image src=&#8220;https:\/\/www.neessen.nl\/wp-content\/uploads\/2023\/01\/neessen_header1.jpg&#8220; title_text=&#8220;neessen_header1&#8243; _builder_version=&#8220;4.19.4&#8243; _module_preset=&#8220;default&#8220; global_colors_info=&#8220;{}&#8220;][\/et_pb_fullwidth_image][\/et_pb_section][et_pb_section fb_built=&#8220;1&#8243; admin_label=&#8220;section&#8220; _builder_version=&#8220;4.16&#8243; global_colors_info=&#8220;{}&#8220;][et_pb_row admin_label=&#8220;Rij&#8220; _builder_version=&#8220;4.16&#8243; background_size=&#8220;initial&#8220; background_position=&#8220;top_left&#8220; background_repeat=&#8220;repeat&#8220; custom_margin=&#8220;0px|||&#8220; custom_padding=&#8220;0px|||&#8220; make_fullwidth=&#8220;off&#8220; use_custom_width=&#8220;off&#8220; width_unit=&#8220;on&#8220; global_colors_info=&#8220;{}&#8220;][et_pb_column type=&#8220;4_4&#8243; _builder_version=&#8220;4.16&#8243; custom_padding=&#8220;|||&#8220; global_colors_info=&#8220;{}&#8220; custom_padding__hover=&#8220;|||&#8220;][et_pb_text admin_label=&#8220;Titel&#8220; _builder_version=&#8220;4.19.4&#8243; text_font_size=&#8220;66&#8243; background_size=&#8220;initial&#8220; background_position=&#8220;top_left&#8220; background_repeat=&#8220;repeat&#8220; custom_margin=&#8220;17px|||||&#8220; hover_enabled=&#8220;0&#8243; text_font_size_tablet=&#8220;40px&#8220; text_font_size_phone=&#8220;30px&#8220; text_font_size_last_edited=&#8220;on|phone&#8220; use_border_color=&#8220;off&#8220; border_color=&#8220;#ffffff&#8220; border_style=&#8220;solid&#8220; global_colors_info=&#8220;{}&#8220; sticky_enabled=&#8220;0&#8243;]<\/p>\n<p style=\"padding-left: 60px;\">Ostara<\/p>\n<p>[\/et_pb_text][\/et_pb_column][\/et_pb_row][et_pb_row admin_label=&#8220;Rij&#8220; _builder_version=&#8220;4.16&#8243; background_size=&#8220;initial&#8220; background_position=&#8220;top_left&#8220; background_repeat=&#8220;repeat&#8220; global_colors_info=&#8220;{}&#8220;][et_pb_column type=&#8220;4_4&#8243; _builder_version=&#8220;4.16&#8243; custom_padding=&#8220;|||&#8220; global_colors_info=&#8220;{}&#8220; custom_padding__hover=&#8220;|||&#8220;][et_pb_text admin_label=&#8220;Tekst&#8220; _builder_version=&#8220;4.19.4&#8243; background_size=&#8220;initial&#8220; background_position=&#8220;top_left&#8220; background_repeat=&#8220;repeat&#8220; custom_margin=&#8220;12px|||||&#8220; use_border_color=&#8220;off&#8220; border_color=&#8220;#ffffff&#8220; border_style=&#8220;solid&#8220; global_colors_info=&#8220;{}&#8220;]<\/p>\n<p>Ostara ist eine schnellw\u00fcchsige Sorte mit einem ziemlich offenen und attraktiven Ertrag, sie hat eine reiche Bl\u00fcte mit vielen langstieligen Bl\u00fctenst\u00e4nden, einen guten Fruchtansatz und gro\u00dfe, kegelf\u00f6rmige, attraktive Fr\u00fcchte.<\/p>\n<p>[\/et_pb_text][et_pb_image src=&#8220;https:\/\/www.neessen.nl\/wp-content\/uploads\/2023\/02\/2212_eigenschappen-rassen_NL_eigenschappen_ostaraDU-1.png&#8220; title_text=&#8220;2212_eigenschappen rassen_NL_eigenschappen_ostaraDU-1&#8243; align_tablet=&#8220;center&#8220; align_phone=&#8220;center&#8220; align_last_edited=&#8220;on|desktop&#8220; admin_label=&#8220;Afbeelding eigenschappen&#8220; _builder_version=&#8220;4.19.4&#8243; animation=&#8220;off&#8220; use_border_color=&#8220;off&#8220; border_color=&#8220;#ffffff&#8220; border_style=&#8220;solid&#8220; sticky=&#8220;off&#8220; always_center_on_mobile=&#8220;on&#8220; global_colors_info=&#8220;{}&#8220;][\/et_pb_image][et_pb_text admin_label=&#8220;Plant eigenschappen&#8220; _builder_version=&#8220;4.19.4&#8243; background_size=&#8220;initial&#8220; background_position=&#8220;top_left&#8220; background_repeat=&#8220;repeat&#8220; custom_margin=&#8220;||9px|||&#8220; use_border_color=&#8220;off&#8220; border_color=&#8220;#ffffff&#8220; border_style=&#8220;solid&#8220; global_colors_info=&#8220;{}&#8220;]<\/p>\n<h3>Pflanzeneigenschaften<\/h3>\n<p>Ostaras Pflanzen sind kr\u00e4ftig, offen und breitw\u00fcchsig. Das Blatt ist mittelgro\u00df und hat eine dunkelgr\u00fcne Farbe. Die Pflanzen sind sehr ertragreich. Die Reifezeit ist von Mitte Juli bis November. Die Fr\u00fcchte sind fest, nicht zerbrechlich, saftig, frisch im Geschmack und haben ein rot gef\u00e4rbtes Fruchtfleisch.<\/p>\n<p>[\/et_pb_text][et_pb_text admin_label=&#8220;Ziekten en plagen&#8220; _builder_version=&#8220;4.19.4&#8243; background_size=&#8220;initial&#8220; background_position=&#8220;top_left&#8220; background_repeat=&#8220;repeat&#8220; min_height=&#8220;55.6px&#8220; custom_margin=&#8220;22px|||||&#8220; custom_padding=&#8220;||0px|||&#8220; use_border_color=&#8220;off&#8220; border_color=&#8220;#ffffff&#8220; border_style=&#8220;solid&#8220; global_colors_info=&#8220;{}&#8220;]<\/p>\n<h3>Resistenz gegen Krankheiten und Sch\u00e4dlinge<\/h3>\n<p>Ostara ist recht anf\u00e4llig f\u00fcr Fruchtf\u00e4ule, Welke und Wurzelf\u00e4ule; wenig anf\u00e4llig f\u00fcr Mehltau und Basalf\u00e4ule und anf\u00e4llig f\u00fcr Viren.<\/p>\n<div>\u00a0<\/div>\n<p>[\/et_pb_text][\/et_pb_column][\/et_pb_row][et_pb_row admin_label=&#8220;Rij&#8220; _builder_version=&#8220;4.16&#8243; background_size=&#8220;initial&#8220; background_position=&#8220;top_left&#8220; background_repeat=&#8220;repeat&#8220; custom_padding=&#8220;3px|||||&#8220; global_colors_info=&#8220;{}&#8220;][et_pb_column type=&#8220;4_4&#8243; _builder_version=&#8220;4.16&#8243; custom_padding=&#8220;|||&#8220; global_colors_info=&#8220;{}&#8220; custom_padding__hover=&#8220;|||&#8220;][et_pb_text admin_label=&#8220;Beschikbaar als&#8220; _builder_version=&#8220;4.19.4&#8243; background_size=&#8220;initial&#8220; background_position=&#8220;top_left&#8220; background_repeat=&#8220;repeat&#8220; use_border_color=&#8220;off&#8220; border_color=&#8220;#ffffff&#8220; border_style=&#8220;solid&#8220; global_colors_info=&#8220;{}&#8220;]<\/p>\n<div id=\"KnM9nf\">\n<div id=\"tw-source\">\n<div id=\"tw-source-text-container\" class=\"tw-ta-container F0azHf tw-nfl\">\n<div data-grammarly-part=\"highlights\">\n<div>\n<div>\n<h2>Verf\u00fcgbar als:<\/h2>\n<\/div>\n<\/div>\n<\/div>\n<\/div>\n<\/div>\n<\/div>\n<p>[\/et_pb_text][et_pb_image src=&#8220;https:\/\/www.neessen.nl\/wp-content\/uploads\/2023\/02\/2212_eigenschappen-rassen_NL_sorteringen_daroyal_elvira_florence_honeoye_kent_malwina_senga-sengana_tenira_vivaldiDU-1.png&#8220; title_text=&#8220;2212_eigenschappen rassen_NL_sorteringen_daroyal_elvira_florence_honeoye_kent_malwina_senga sengana_tenira_vivaldiDU-1&#8243; align_tablet=&#8220;center&#8220; align_phone=&#8220;center&#8220; align_last_edited=&#8220;on|desktop&#8220; admin_label=&#8220;Afbeelding sorteringen&#8220; _builder_version=&#8220;4.19.4&#8243; animation=&#8220;off&#8220; use_border_color=&#8220;off&#8220; border_color=&#8220;#ffffff&#8220; border_style=&#8220;solid&#8220; sticky=&#8220;off&#8220; always_center_on_mobile=&#8220;on&#8220; global_colors_info=&#8220;{}&#8220;][\/et_pb_image][\/et_pb_column][\/et_pb_row][\/et_pb_section]<\/p>\n","protected":false},"excerpt":{"rendered":"<p>OstaraOstara ist eine schnellw\u00fcchsige Sorte mit einem ziemlich offenen und attraktiven Ertrag, sie hat eine reiche Bl\u00fcte mit vielen langstieligen Bl\u00fctenst\u00e4nden, einen guten Fruchtansatz und gro\u00dfe, kegelf\u00f6rmige, attraktive Fr\u00fcchte.Pflanzeneigenschaften Ostaras Pflanzen sind kr\u00e4ftig, offen und breitw\u00fcchsig. Das Blatt ist mittelgro\u00df und hat eine dunkelgr\u00fcne Farbe. Die Pflanzen sind sehr ertragreich. Die Reifezeit ist von Mitte [&hellip;]<\/p>\n","protected":false},"author":1,"featured_media":0,"parent":2045,"menu_order":5,"comment_status":"closed","ping_status":"closed","template":"","meta":{"_et_pb_use_builder":"on","_et_pb_old_content":"<div id=\"content-content\" class=\"clear-block\"><div id=\"node-49\" class=\"node clear-block\"><div class=\"content\"><p>Ostara is een fors groeiend ras met een aantrekkelijk gewas: een rijke bloei met veel langgesteelde bloeiwijzen, een goede vruchtzetting en grote, kegelvormige, aantrekkelijke vruchten.<\/p><h2>Groei<\/h2><p>Ostara is een breed uitgroeiend, middelmatig groot, gewas met donkergroen blad dat veel uitloperplanten geeft.<\/p><h2>Bloei<\/h2><p>Ostara heeft na eenmaal ontbloemen van half juni tot in de herfst een goede, niet te rijke bloei. De bloemen hebben goed ontwikkelde meeldraden, die boven het blad uitsteken.<\/p><h2>Productiviteit<\/h2><p>Ostara heeft een zeer goede productiviteit.<\/p><h2>Vrucht<\/h2><p>De rijptijd van Ostara is van half juli tot november. De vruchten zijn tamelijk groot, regelmatig en kegelvormig met een helderrood en aantrekkelijk uiterlijk. De vruchten zijn stevig, sappig en fris van smaak met een goed aroma en rood vruchtvlees. De vruchten worden gebruikt voor verse consumptie.<\/p><h2>Ziekten en beschadigingen<\/h2><p>Ostara is gevoelig voor de volgende ziektes:<\/p><ul><li>Tamelijk vatbaar voor vruchtrot (Botrytis cinerea)<\/li><li>Tamelijk vatbaar voor verwelkingziekte (Verticilium dahliae)<\/li><li>Tamelijk vatbaar voor rood wortelrot (Phytophthora fragariae)<\/li><li>Weinig vatbaar voor meeldauw (Sphaerotheca macularis)<\/li><li>Weinig vatbaar voor Stengelbasisrot (Phytophthora cactorum)<\/li><li>Gevoelig voor virussen<\/li><\/ul><\/div><\/div><\/div>","_et_gb_content_width":""},"acf":[],"_links":{"self":[{"href":"https:\/\/www.neessen.nl\/de\/wp-json\/wp\/v2\/pages\/2514"}],"collection":[{"href":"https:\/\/www.neessen.nl\/de\/wp-json\/wp\/v2\/pages"}],"about":[{"href":"https:\/\/www.neessen.nl\/de\/wp-json\/wp\/v2\/types\/page"}],"author":[{"embeddable":true,"href":"https:\/\/www.neessen.nl\/de\/wp-json\/wp\/v2\/users\/1"}],"replies":[{"embeddable":true,"href":"https:\/\/www.neessen.nl\/de\/wp-json\/wp\/v2\/comments?post=2514"}],"version-history":[{"count":4,"href":"https:\/\/www.neessen.nl\/de\/wp-json\/wp\/v2\/pages\/2514\/revisions"}],"predecessor-version":[{"id":5045,"href":"https:\/\/www.neessen.nl\/de\/wp-json\/wp\/v2\/pages\/2514\/revisions\/5045"}],"up":[{"embeddable":true,"href":"https:\/\/www.neessen.nl\/de\/wp-json\/wp\/v2\/pages\/2045"}],"wp:attachment":[{"href":"https:\/\/www.neessen.nl\/de\/wp-json\/wp\/v2\/media?parent=2514"}],"curies":[{"name":"wp","href":"https:\/\/api.w.org\/{rel}","templated":true}]}}