{"id":2337,"date":"2016-06-21T10:45:13","date_gmt":"2016-06-21T08:45:13","guid":{"rendered":"https:\/\/www.neessen.nl\/late-aardbeien-rassen\/salsa\/"},"modified":"2024-11-27T11:09:35","modified_gmt":"2024-11-27T10:09:35","slug":"salsa","status":"publish","type":"page","link":"https:\/\/www.neessen.nl\/de\/neessen-aardbei-en-aspergeplanten\/aardbeienplanten\/rassen\/late-aardbeien-rassen\/salsa\/","title":{"rendered":"Salsa"},"content":{"rendered":"<p>[et_pb_section fb_built=&#8220;1&#8243; fullwidth=&#8220;on&#8220; admin_label=&#8220;Header 3 aarbeien&#8220; _builder_version=&#8220;4.19.4&#8243; _module_preset=&#8220;default&#8220; global_module=&#8220;2386&#8243; saved_tabs=&#8220;all&#8220; global_colors_info=&#8220;{}&#8220;][et_pb_fullwidth_image src=&#8220;https:\/\/www.neessen.nl\/wp-content\/uploads\/2023\/01\/neessen_header1.jpg&#8220; title_text=&#8220;neessen_header1&#8243; _builder_version=&#8220;4.19.4&#8243; _module_preset=&#8220;default&#8220; global_colors_info=&#8220;{}&#8220;][\/et_pb_fullwidth_image][\/et_pb_section][et_pb_section fb_built=&#8220;1&#8243; admin_label=&#8220;section&#8220; _builder_version=&#8220;4.16&#8243; global_colors_info=&#8220;{}&#8220;][et_pb_row admin_label=&#8220;Rij&#8220; _builder_version=&#8220;4.16&#8243; background_size=&#8220;initial&#8220; background_position=&#8220;top_left&#8220; background_repeat=&#8220;repeat&#8220; custom_margin=&#8220;0px|||&#8220; custom_padding=&#8220;0px|||&#8220; make_fullwidth=&#8220;off&#8220; use_custom_width=&#8220;off&#8220; width_unit=&#8220;on&#8220; global_colors_info=&#8220;{}&#8220;][et_pb_column type=&#8220;4_4&#8243; _builder_version=&#8220;4.16&#8243; custom_padding=&#8220;|||&#8220; global_colors_info=&#8220;{}&#8220; custom_padding__hover=&#8220;|||&#8220;][et_pb_text admin_label=&#8220;Titel&#8220; _builder_version=&#8220;4.19.4&#8243; text_font_size=&#8220;66&#8243; background_size=&#8220;initial&#8220; background_position=&#8220;top_left&#8220; background_repeat=&#8220;repeat&#8220; custom_margin=&#8220;21px|||||&#8220; text_font_size_tablet=&#8220;40px&#8220; text_font_size_phone=&#8220;30px&#8220; text_font_size_last_edited=&#8220;on|phone&#8220; use_border_color=&#8220;off&#8220; border_color=&#8220;#ffffff&#8220; border_style=&#8220;solid&#8220; global_colors_info=&#8220;{}&#8220;]<\/p>\n<p style=\"padding-left: 60px;\">Salsa<\/p>\n<p>[\/et_pb_text][\/et_pb_column][\/et_pb_row][et_pb_row admin_label=&#8220;Rij&#8220; _builder_version=&#8220;4.16&#8243; background_size=&#8220;initial&#8220; background_position=&#8220;top_left&#8220; background_repeat=&#8220;repeat&#8220; custom_padding=&#8220;10px|||||&#8220; make_fullwidth=&#8220;off&#8220; use_custom_width=&#8220;off&#8220; width_unit=&#8220;on&#8220; global_colors_info=&#8220;{}&#8220;][et_pb_column type=&#8220;4_4&#8243; _builder_version=&#8220;4.16&#8243; custom_padding=&#8220;|||&#8220; global_colors_info=&#8220;{}&#8220; custom_padding__hover=&#8220;|||&#8220;][et_pb_slider admin_label=&#8220;Slider&#8220; _builder_version=&#8220;4.16&#8243; custom_margin=&#8220;12px|||||&#8220; custom_padding=&#8220;250px|0px||0px&#8220; custom_padding_tablet=&#8220;|||&#8220; custom_padding_phone=&#8220;|||&#8220; top_padding=&#8220;250px&#8220; remove_inner_shadow=&#8220;on&#8220; hide_content_on_mobile=&#8220;off&#8220; hide_cta_on_mobile=&#8220;off&#8220; show_inner_shadow=&#8220;off&#8220; button_letter_spacing_hover=&#8220;0&#8243; saved_tabs=&#8220;all&#8220; global_colors_info=&#8220;{}&#8220; button_text_size__hover_enabled=&#8220;off&#8220; button_one_text_size__hover_enabled=&#8220;off&#8220; button_two_text_size__hover_enabled=&#8220;off&#8220; button_text_color__hover_enabled=&#8220;off&#8220; button_one_text_color__hover_enabled=&#8220;off&#8220; button_two_text_color__hover_enabled=&#8220;off&#8220; button_border_width__hover_enabled=&#8220;off&#8220; button_one_border_width__hover_enabled=&#8220;off&#8220; button_two_border_width__hover_enabled=&#8220;off&#8220; button_border_color__hover_enabled=&#8220;off&#8220; button_one_border_color__hover_enabled=&#8220;off&#8220; button_two_border_color__hover_enabled=&#8220;off&#8220; button_border_radius__hover_enabled=&#8220;off&#8220; button_one_border_radius__hover_enabled=&#8220;off&#8220; button_two_border_radius__hover_enabled=&#8220;off&#8220; button_letter_spacing__hover_enabled=&#8220;on&#8220; button_letter_spacing__hover=&#8220;0&#8243; button_one_letter_spacing__hover_enabled=&#8220;off&#8220; button_two_letter_spacing__hover_enabled=&#8220;off&#8220; button_bg_color__hover_enabled=&#8220;off&#8220; button_one_bg_color__hover_enabled=&#8220;off&#8220; button_two_bg_color__hover_enabled=&#8220;off&#8220;][et_pb_slide use_bg_overlay=&#8220;off&#8220; use_text_overlay=&#8220;off&#8220; _builder_version=&#8220;4.16&#8243; header_font=&#8220;||||&#8220; body_font=&#8220;||||&#8220; background_color=&#8220;#ffffff&#8220; background_image=&#8220;https:\/\/www.neessen.nl\/wp-content\/uploads\/2023\/01\/Salsa-studio-2.jpg&#8220; button_icon_placement=&#8220;right&#8220; button_on_hover=&#8220;on&#8220; global_colors_info=&#8220;{}&#8220; button_text_size__hover_enabled=&#8220;off&#8220; button_one_text_size__hover_enabled=&#8220;off&#8220; button_two_text_size__hover_enabled=&#8220;off&#8220; button_text_color__hover_enabled=&#8220;off&#8220; button_one_text_color__hover_enabled=&#8220;off&#8220; button_two_text_color__hover_enabled=&#8220;off&#8220; button_border_width__hover_enabled=&#8220;off&#8220; button_one_border_width__hover_enabled=&#8220;off&#8220; button_two_border_width__hover_enabled=&#8220;off&#8220; button_border_color__hover_enabled=&#8220;off&#8220; button_one_border_color__hover_enabled=&#8220;off&#8220; button_two_border_color__hover_enabled=&#8220;off&#8220; button_border_radius__hover_enabled=&#8220;off&#8220; button_one_border_radius__hover_enabled=&#8220;off&#8220; button_two_border_radius__hover_enabled=&#8220;off&#8220; button_letter_spacing__hover_enabled=&#8220;off&#8220; button_one_letter_spacing__hover_enabled=&#8220;off&#8220; button_two_letter_spacing__hover_enabled=&#8220;off&#8220; button_bg_color__hover_enabled=&#8220;off&#8220; button_one_bg_color__hover_enabled=&#8220;off&#8220; button_two_bg_color__hover_enabled=&#8220;off&#8220; sticky_transition=&#8220;on&#8220;][\/et_pb_slide][et_pb_slide use_bg_overlay=&#8220;off&#8220; use_text_overlay=&#8220;off&#8220; _builder_version=&#8220;4.16&#8243; header_font=&#8220;||||&#8220; body_font=&#8220;||||&#8220; background_color=&#8220;#ffffff&#8220; background_image=&#8220;https:\/\/www.neessen.nl\/wp-content\/uploads\/2023\/01\/Salsa-studio-1.jpg&#8220; button_icon_placement=&#8220;right&#8220; button_on_hover=&#8220;on&#8220; global_colors_info=&#8220;{}&#8220; button_text_size__hover_enabled=&#8220;off&#8220; button_one_text_size__hover_enabled=&#8220;off&#8220; button_two_text_size__hover_enabled=&#8220;off&#8220; button_text_color__hover_enabled=&#8220;off&#8220; button_one_text_color__hover_enabled=&#8220;off&#8220; button_two_text_color__hover_enabled=&#8220;off&#8220; button_border_width__hover_enabled=&#8220;off&#8220; button_one_border_width__hover_enabled=&#8220;off&#8220; button_two_border_width__hover_enabled=&#8220;off&#8220; button_border_color__hover_enabled=&#8220;off&#8220; button_one_border_color__hover_enabled=&#8220;off&#8220; button_two_border_color__hover_enabled=&#8220;off&#8220; button_border_radius__hover_enabled=&#8220;off&#8220; button_one_border_radius__hover_enabled=&#8220;off&#8220; button_two_border_radius__hover_enabled=&#8220;off&#8220; button_letter_spacing__hover_enabled=&#8220;off&#8220; button_one_letter_spacing__hover_enabled=&#8220;off&#8220; button_two_letter_spacing__hover_enabled=&#8220;off&#8220; button_bg_color__hover_enabled=&#8220;off&#8220; button_one_bg_color__hover_enabled=&#8220;off&#8220; button_two_bg_color__hover_enabled=&#8220;off&#8220; sticky_transition=&#8220;on&#8220;][\/et_pb_slide][\/et_pb_slider][\/et_pb_column][\/et_pb_row][et_pb_row admin_label=&#8220;Rij&#8220; _builder_version=&#8220;4.16&#8243; background_size=&#8220;initial&#8220; background_position=&#8220;top_left&#8220; background_repeat=&#8220;repeat&#8220; global_colors_info=&#8220;{}&#8220;][et_pb_column type=&#8220;4_4&#8243; _builder_version=&#8220;4.16&#8243; custom_padding=&#8220;|||&#8220; global_colors_info=&#8220;{}&#8220; custom_padding__hover=&#8220;|||&#8220;][et_pb_text admin_label=&#8220;Tekst&#8220; _builder_version=&#8220;4.19.4&#8243; background_size=&#8220;initial&#8220; background_position=&#8220;top_left&#8220; background_repeat=&#8220;repeat&#8220; use_border_color=&#8220;off&#8220; border_color=&#8220;#ffffff&#8220; border_style=&#8220;solid&#8220; global_colors_info=&#8220;{}&#8220;]<\/p>\n<p><strong>Salsa ist ein sp\u00e4ter Einmaltr\u00e4ger, der etwa eine Woche nach der Sonata mit der Produktion anf\u00e4ngt. Ihre Vorteile sind der gute Geschmack in Kombination mit der sp\u00e4ten Produktion, die hervorragenden Ertr\u00e4ge und die sehr gro\u00dfen, orangeroten Fr\u00fcchte. Au\u00dferdem ist die Salsa wenig anf\u00e4llig gegen\u00fcber Mehltau und der Verticillium-Welke. Daher eignet sich diese Sorte auch gut auf B\u00f6den, die f\u00fcr viele andere Sorten ungeeignet sind. Salsa wird in Mittel- und Nordeuropa erfolgreich in Freilandkulturen angebaut, insbesondere von Betrieben mit Direktverkauf.<\/strong><\/p>\n<p>[\/et_pb_text][et_pb_image src=&#8220;https:\/\/www.neessen.nl\/wp-content\/uploads\/2023\/02\/2212_eigenschappen-rassen_NL_eigenschappen_salsaDU-1.png&#8220; title_text=&#8220;2212_eigenschappen rassen_NL_eigenschappen_salsaDU-1&#8243; align_tablet=&#8220;center&#8220; align_phone=&#8220;center&#8220; align_last_edited=&#8220;on|desktop&#8220; admin_label=&#8220;Afbeelding eigenschappen&#8220; _builder_version=&#8220;4.19.4&#8243; animation=&#8220;off&#8220; use_border_color=&#8220;off&#8220; border_color=&#8220;#ffffff&#8220; border_style=&#8220;solid&#8220; sticky=&#8220;off&#8220; always_center_on_mobile=&#8220;on&#8220; global_colors_info=&#8220;{}&#8220;][\/et_pb_image][et_pb_text admin_label=&#8220;Plant eigenschappen&#8220; _builder_version=&#8220;4.19.4&#8243; background_size=&#8220;initial&#8220; background_position=&#8220;top_left&#8220; background_repeat=&#8220;repeat&#8220; use_border_color=&#8220;off&#8220; border_color=&#8220;#ffffff&#8220; border_style=&#8220;solid&#8220; global_colors_info=&#8220;{}&#8220;]<\/p>\n<h3>Bl\u00fcte und Pfl\u00fcckzeit<\/h3>\n<p>Die Salsa bildet eine robuste Pflanze mit recht sp\u00e4ter Bl\u00fcte. Da die Salsa au\u00dferdem unter dem Laub bl\u00fcht, sind weniger Sch\u00e4den durch sp\u00e4ten Nachtfrost zu erwarten. Die Qualit\u00e4t der Blumen ist hervorragend. Die Blumen und auch die Fr\u00fcchte sind sehr grob und erzeugen mehr als genug Bl\u00fctenstaub. Die Salsa wird ungef\u00e4hr eine Woche nach der Sonata gepfl\u00fcckt.<\/p>\n<p>[\/et_pb_text][et_pb_text admin_label=&#8220;Plant eigenschappen&#8220; _builder_version=&#8220;4.19.4&#8243; background_size=&#8220;initial&#8220; background_position=&#8220;top_left&#8220; background_repeat=&#8220;repeat&#8220; use_border_color=&#8220;off&#8220; border_color=&#8220;#ffffff&#8220; border_style=&#8220;solid&#8220; global_colors_info=&#8220;{}&#8220;]<\/p>\n<h3>Fruchtqualit\u00e4t<\/h3>\n<p>Die Salsa tr\u00e4gt sehr gro\u00dfe konische, orangerote Fr\u00fcchte mit einem Kelch, der h\u00e4ufig ein wenig aufgerichtet ist. Die Erdbeeren gl\u00e4nzen wundersch\u00f6n, haben ein wenig eingesunkene Samen und h\u00e4ufig einen wei\u00dfen Kragen. Bei heftigem Wachstum k\u00f6nnen die ersten Fr\u00fcchte sehr gro\u00df und leicht gerillt aussehen. Dadurch fallen die Fr\u00fcchte immer auf und sind auch sehr gut erkennbar. Das durchschnittliche Fruchtgewicht liegt im Regelfall zwischen 25 und 30 Gramm. Die Erdbeeren sind saftig und haben im Vergleich zu anderen sp\u00e4ten Sorten einen hervorragenden Geschmack. Die Fr\u00fcchte lassen sich leicht pfl\u00fccken. Dabei ist allerdings Vorsicht geboten, damit keine Druckstellen entstehen.<\/p>\n<p>[\/et_pb_text][et_pb_text admin_label=&#8220;Ziekten en plagen&#8220; _builder_version=&#8220;4.19.4&#8243; background_size=&#8220;initial&#8220; background_position=&#8220;top_left&#8220; background_repeat=&#8220;repeat&#8220; use_border_color=&#8220;off&#8220; border_color=&#8220;#ffffff&#8220; border_style=&#8220;solid&#8220; global_colors_info=&#8220;{}&#8220;]<\/p>\n<h3>Produktivit\u00e4t<\/h3>\n<p>Die Salsa ist sehr produktiv und erzielt Ertr\u00e4ge, die deutlich \u00fcber denen der Sonata liegen und schon eher mit denen der Florence vergleichbar sind. Dank des gro\u00dfen Fruchtma\u00dfes, der \u00fcbersichtlichen Pflanze und des einfachen Abbrechens der Fr\u00fcchte ist die Pfl\u00fcckleistung generell gut. Auch das Sortieren der Erdbeeren geht sehr schnell von der Hand.<\/p>\n<p>[\/et_pb_text][et_pb_text admin_label=&#8220;Teeltervaringen&#8220; _builder_version=&#8220;4.19.4&#8243; background_size=&#8220;initial&#8220; background_position=&#8220;top_left&#8220; background_repeat=&#8220;repeat&#8220; use_border_color=&#8220;off&#8220; border_color=&#8220;#ffffff&#8220; border_style=&#8220;solid&#8220; global_colors_info=&#8220;{}&#8220;]<\/p>\n<h3>Anf\u00e4lligkeit f\u00fcr Krankheiten<\/h3>\n<p>Die Salsa ist eine sehr robuste Pflanze, die im Gegensatz zu den Pflanzen vieler anderer Sorten kaum anf\u00e4llig f\u00fcr Verticillium-Welke (<i>Verticillium dahliae<\/i>) ist. Auch haben die Salsa-Pflanzen wenig Probleme mit Mehltau (<i>Sphaerotheca macularis<\/i>) und Rhizomf\u00e4ule (<i>Phytophthora cactorum<\/i>). Allerdings ist die Salsa anf\u00e4llig gegen\u00fcber der Fruchtf\u00e4ule (<em>Botrytis cinerea<\/em>). Somit ist das pr\u00e4ventive Spritzen gegen die Fruchtf\u00e4ule w\u00e4hrend der Bl\u00fcte sehr wichtig, auch weil die Salsa eine ziemlich dichte Pflanze werden kann.<\/p>\n<p>[\/et_pb_text][et_pb_text admin_label=&#8220;Teeltervaringen&#8220; _builder_version=&#8220;4.19.4&#8243; background_size=&#8220;initial&#8220; background_position=&#8220;top_left&#8220; background_repeat=&#8220;repeat&#8220; use_border_color=&#8220;off&#8220; border_color=&#8220;#ffffff&#8220; border_style=&#8220;solid&#8220; global_colors_info=&#8220;{}&#8220;]<\/p>\n<h3>Anbauerfahrungen<\/h3>\n<p>Beim normalen Anbau und bei Frigokulturen entwickelt sich die Salsa zu einer schweren bis sehr schweren Pflanze. Ein Pflanzabstand von 40 bis 45 cm ist dann in vielen F\u00e4llen empfehlenswert. Die Bl\u00fctentrauben starten langsam, entwickeln sich dann aber gut und sind auch gut sichtbar. Die Pflanzen bilden auch gern Ausl\u00e4ufer, was beim Anbau die n\u00f6tige Aufmerksamkeit erfordert. \u00dcbrigens ist die Salsa eine Sorte, die ziemlich gut mit standardm\u00e4\u00dfiger D\u00fcngung auskommt. Bei den Stickstoff- und Phosphormengen ist jedoch Vorsicht geboten. Bei zu starker D\u00fcngung wird die Salsa eine zu schwere Pflanze. Dabei k\u00f6nnen dann Probleme mit der Fruchtf\u00e4ule auftreten und au\u00dferdem kann das die Festigkeit der Erdbeeren beeintr\u00e4chtigen. Abgedeckt mit stroh wird die Ernte von Salsa 7 bis 10 Tagen versp\u00e4tet. Das beeintr\u00e4chtigt zwar die Produktion und Fruchtgr\u00f6\u00dfe, jedoch ist dieser Effekt bei der Salsa weniger eingreifend als bei der Florence.<\/p>\n<p>Die Salsa f\u00fchlt sich in den etwas k\u00e4lteren Anbaugebieten sowie in Nord- und Mitteleuropa wohl. Hier zeigt die Sorte erfahrungsgem\u00e4\u00df eine gute Best\u00e4ndigkeit gegen\u00fcber Krankheiten wie auch Frost im Winter. Aufgrund der sp\u00e4ten Bl\u00fcte ist allerdings besonders gut auf die Bek\u00e4mpfung des Erdbeerbl\u00fctenstechers (<i>Anthonomus rubi<\/i>) zu achten. Die Sorte eignet sich gut f\u00fcr mehrj\u00e4hrige Kulturen, insbesondere da die Ertr\u00e4ge und das Fruchtgewicht auch in sp\u00e4teren Jahren weiterhin hoch sind. Au\u00dferdem ist die Salsa eine gute Option f\u00fcr den Anbau auf \u00e4lteren B\u00f6den, auf denen bereits seit vielen Jahren Erdbeeren angebaut werden und eine Desinfektion des Bodens nicht m\u00f6glich ist. Aufgrund der Empfindlichkeit der Erdbeeren wird die Salsa vor allem dort angebaut, wo es kurze Absatzkan\u00e4le f\u00fcr die Erdbeeren gibt sowie bei Betrieben, die Selbstpfl\u00fccken anbieten. Hier sind die gro\u00dfen Fr\u00fcchte ein guter Blickf\u00e4nger.<\/p>\n<p>[\/et_pb_text][\/et_pb_column][\/et_pb_row][et_pb_row admin_label=&#8220;Rij&#8220; _builder_version=&#8220;4.16&#8243; background_size=&#8220;initial&#8220; background_position=&#8220;top_left&#8220; background_repeat=&#8220;repeat&#8220; global_colors_info=&#8220;{}&#8220;][et_pb_column type=&#8220;4_4&#8243; _builder_version=&#8220;4.16&#8243; custom_padding=&#8220;|||&#8220; global_colors_info=&#8220;{}&#8220; custom_padding__hover=&#8220;|||&#8220;][et_pb_text admin_label=&#8220;Beschikbaar als&#8220; _builder_version=&#8220;4.19.4&#8243; background_size=&#8220;initial&#8220; background_position=&#8220;top_left&#8220; background_repeat=&#8220;repeat&#8220; use_border_color=&#8220;off&#8220; border_color=&#8220;#ffffff&#8220; border_style=&#8220;solid&#8220; global_colors_info=&#8220;{}&#8220;]<\/p>\n<h1>Verf\u00fcgbar als:<\/h1>\n<p>[\/et_pb_text][et_pb_image src=&#8220;https:\/\/www.neessen.nl\/wp-content\/uploads\/2023\/02\/2212_eigenschappen-rassen_NL_sorteringen_daroyal_elvira_florence_honeoye_kent_malwina_senga-sengana_tenira_vivaldiDU-1.png&#8220; title_text=&#8220;2212_eigenschappen rassen_NL_sorteringen_salsaDU-1&#8243; align_tablet=&#8220;center&#8220; align_phone=&#8220;center&#8220; align_last_edited=&#8220;on|desktop&#8220; admin_label=&#8220;Afbeelding sorteringen&#8220; _builder_version=&#8220;4.19.4&#8243; hover_enabled=&#8220;0&#8243; animation=&#8220;off&#8220; use_border_color=&#8220;off&#8220; border_color=&#8220;#ffffff&#8220; border_style=&#8220;solid&#8220; sticky=&#8220;off&#8220; always_center_on_mobile=&#8220;on&#8220; global_colors_info=&#8220;{}&#8220; sticky_enabled=&#8220;0&#8243;][\/et_pb_image][\/et_pb_column][\/et_pb_row][et_pb_row admin_label=&#8220;Rij&#8220; _builder_version=&#8220;4.16&#8243; background_size=&#8220;initial&#8220; background_position=&#8220;top_left&#8220; background_repeat=&#8220;repeat&#8220; global_colors_info=&#8220;{}&#8220;][et_pb_column type=&#8220;4_4&#8243; _builder_version=&#8220;4.16&#8243; custom_padding=&#8220;|||&#8220; global_colors_info=&#8220;{}&#8220; custom_padding__hover=&#8220;|||&#8220;][et_pb_cta title=&#8220;Sortenbeschreibung PDF &#8220; button_url=&#8220;https:\/\/www.neessen.nl\/wp-content\/uploads\/2023\/01\/Sortebeschreibung_Salsa.pdf&#8220; url_new_window=&#8220;on&#8220; button_text=&#8220;Herunterladen&#8220; admin_label=&#8220;Oproep tot actie&#8220; _builder_version=&#8220;4.19.4&#8243; background_size=&#8220;initial&#8220; background_position=&#8220;top_left&#8220; background_repeat=&#8220;repeat&#8220; use_border_color=&#8220;off&#8220; border_color=&#8220;#ffffff&#8220; border_style=&#8220;solid&#8220; button_letter_spacing_hover=&#8220;0&#8243; saved_tabs=&#8220;all&#8220; global_colors_info=&#8220;{}&#8220; button_text_size__hover_enabled=&#8220;off&#8220; button_one_text_size__hover_enabled=&#8220;off&#8220; button_two_text_size__hover_enabled=&#8220;off&#8220; button_text_color__hover_enabled=&#8220;off&#8220; button_one_text_color__hover_enabled=&#8220;off&#8220; button_two_text_color__hover_enabled=&#8220;off&#8220; button_border_width__hover_enabled=&#8220;off&#8220; button_one_border_width__hover_enabled=&#8220;off&#8220; button_two_border_width__hover_enabled=&#8220;off&#8220; button_border_color__hover_enabled=&#8220;off&#8220; button_one_border_color__hover_enabled=&#8220;off&#8220; button_two_border_color__hover_enabled=&#8220;off&#8220; button_border_radius__hover_enabled=&#8220;off&#8220; button_one_border_radius__hover_enabled=&#8220;off&#8220; button_two_border_radius__hover_enabled=&#8220;off&#8220; button_letter_spacing__hover_enabled=&#8220;on&#8220; button_letter_spacing__hover=&#8220;0&#8243; button_one_letter_spacing__hover_enabled=&#8220;off&#8220; button_two_letter_spacing__hover_enabled=&#8220;off&#8220; button_bg_color__hover_enabled=&#8220;off&#8220; button_one_bg_color__hover_enabled=&#8220;off&#8220; button_two_bg_color__hover_enabled=&#8220;off&#8220;][\/et_pb_cta][\/et_pb_column][\/et_pb_row][et_pb_row admin_label=&#8220;Rij&#8220; _builder_version=&#8220;4.16&#8243; background_size=&#8220;initial&#8220; background_position=&#8220;top_left&#8220; background_repeat=&#8220;repeat&#8220; global_colors_info=&#8220;{}&#8220;][et_pb_column type=&#8220;4_4&#8243; _builder_version=&#8220;4.16&#8243; custom_padding=&#8220;|||&#8220; global_colors_info=&#8220;{}&#8220; custom_padding__hover=&#8220;|||&#8220;][et_pb_text admin_label=&#8220;Tekst&#8220; _builder_version=&#8220;4.19.4&#8243; background_size=&#8220;initial&#8220; background_position=&#8220;top_left&#8220; background_repeat=&#8220;repeat&#8220; use_border_color=&#8220;off&#8220; border_color=&#8220;#ffffff&#8220; border_style=&#8220;solid&#8220; saved_tabs=&#8220;all&#8220; global_colors_info=&#8220;{}&#8220;]<\/p>\n<p><a href=\"https:\/\/www.fresh-forward.nl\/nl\">Quelle angabe: FreshForward<\/a><\/p>\n<p>[\/et_pb_text][\/et_pb_column][\/et_pb_row][\/et_pb_section]<\/p>\n","protected":false},"excerpt":{"rendered":"<p>SalsaSalsa ist ein sp\u00e4ter Einmaltr\u00e4ger, der etwa eine Woche nach der Sonata mit der Produktion anf\u00e4ngt. Ihre Vorteile sind der gute Geschmack in Kombination mit der sp\u00e4ten Produktion, die hervorragenden Ertr\u00e4ge und die sehr gro\u00dfen, orangeroten Fr\u00fcchte. Au\u00dferdem ist die Salsa wenig anf\u00e4llig gegen\u00fcber Mehltau und der Verticillium-Welke. Daher eignet sich diese Sorte auch gut [&hellip;]<\/p>\n","protected":false},"author":1,"featured_media":0,"parent":2050,"menu_order":5,"comment_status":"closed","ping_status":"closed","template":"","meta":{"_et_pb_use_builder":"on","_et_pb_old_content":"<p>Salsa is een laat junidragend aardbeiras dat zeven tot tien dagen na Elsanta in productie komt.<br \/> Het is een bijzonder productief ras welke geschikt is om na het normale openluchtseizoen de markt van aardbeien te voorzien. Salsa is uitermate geschikt voor de \u2018zelfpluk\u2019 bedrijven. De vruchthuid is wat gevoelig voor drukplekken en hierdoor is Salsa minder geschikt voor de afzet via de klassieke marktketens. Salsa maakt grote tot zeer grote, vaak gegroefde conische vruchten met een omhoogstaand kroontje. De vruchten zijn oranjerood, sappig en hebben een goed aardbeiaroma.<\/p><h2>Planttype<\/h2><p>De planten van Salsa zijn stevig en snelgroeiend. Kenmerkend zijn de heldergroene bladeren, de harige bloemstengels en de makkelijke rankvorming.<\/p><h2>Vruchtkwaliteit<\/h2><p>De vruchtzetting verloopt bij Salsa goed. De eerste vruchten zijn groot, conisch en soms gegroefd. De latere vruchten zijn afgerond en kegelvormig. De vruchten hebben een omhoogstaand kroontje, waardoor ze soms een witte kraag vertonen. Het gemiddelde vruchtgewicht ligt dertig tot veertig procent boven dat van Elsanta. De vruchten hebben een oranjerode kleur en zijn inwendig lichtrood tot wit. De vruchten zijn sappiger dan die van Elsanta en de smaak is vrij goed. In vergelijking met andere late rassen heeft Salsa duidelijk een betere smaak.<\/p><h2>Bloei en plukperiode<\/h2><p>De bloemkwaliteit is goed. De plant maakt ruim voldoende stuifmeel. In de vollegrond begint de<br \/> bloeiperiode zeven tot tien dagen na die van Elsanta. Door de latere bloei is de kans op schade door nachtvorst in het voorjaar kleiner. De oogst begint vrijwel gelijktijdig met die van Florence.<\/p><h2>Productiviteit<\/h2><p>Doorgaans zijn zowel productie als vruchtgrootte hoger dan die van Florence. Tevens zijn de<br \/> vruchten makkelijk te plukken.<\/p><h2>Ziektegevoeligheid<\/h2><p>Salsa heeft een hoge mate van resistentie tegen verwelkingsziekte (Verticillium). Daarnaast is Salsa nauwelijks gevoelig voor meeldauw (Sphaerotheca mac.) en voor stengelbasisrot (Phytophthora cactorum). Salsa is echter wel vatbaar voor vruchtrot (Botrytis cinerea).<\/p><h2>Teeltervaringen<\/h2><p>Salsa is minder gevoelig voor wintervorst dan Elsanta. Daarom is Salsa geschikt voor teelten in<br \/> koudere regio\u2019s. Het ras past goed in meerjarige teelten en is een goed alternatief voor de teelt op oudere gronden, waar al vele jaren aardbeien worden geteeld en grondontsmetting niet mogelijk is.<\/p><p>Salsa is goed plukbaar, maar de vruchthuid is gevoelig voor drukplekken. Hierdoor is het ras vooral geschikt voor de lokale directe verkoop en voor \u201czelfpluk\u201d bedrijven. Om de vruchten voldoende vruchtstevigheid en glans te laten behouden dient tijdens de teelt met zo min mogelijk stikstof bemest te worden. Daarnaast is een preventieve bestrijding van vruchtrot belangrijk omdat Salsa zich tot een vrij dicht gewas kan ontwikkelen.<\/p><p>[gallery columns=\"4\" ids=\"191,192,193\"]<\/p>","_et_gb_content_width":""},"acf":[],"_links":{"self":[{"href":"https:\/\/www.neessen.nl\/de\/wp-json\/wp\/v2\/pages\/2337"}],"collection":[{"href":"https:\/\/www.neessen.nl\/de\/wp-json\/wp\/v2\/pages"}],"about":[{"href":"https:\/\/www.neessen.nl\/de\/wp-json\/wp\/v2\/types\/page"}],"author":[{"embeddable":true,"href":"https:\/\/www.neessen.nl\/de\/wp-json\/wp\/v2\/users\/1"}],"replies":[{"embeddable":true,"href":"https:\/\/www.neessen.nl\/de\/wp-json\/wp\/v2\/comments?post=2337"}],"version-history":[{"count":9,"href":"https:\/\/www.neessen.nl\/de\/wp-json\/wp\/v2\/pages\/2337\/revisions"}],"predecessor-version":[{"id":5853,"href":"https:\/\/www.neessen.nl\/de\/wp-json\/wp\/v2\/pages\/2337\/revisions\/5853"}],"up":[{"embeddable":true,"href":"https:\/\/www.neessen.nl\/de\/wp-json\/wp\/v2\/pages\/2050"}],"wp:attachment":[{"href":"https:\/\/www.neessen.nl\/de\/wp-json\/wp\/v2\/media?parent=2337"}],"curies":[{"name":"wp","href":"https:\/\/api.w.org\/{rel}","templated":true}]}}