{"id":2310,"date":"2016-06-21T10:42:20","date_gmt":"2016-06-21T08:42:20","guid":{"rendered":"https:\/\/www.neessen.nl\/middentijdse-aardbeienrassen\/tenira\/"},"modified":"2023-05-08T15:28:09","modified_gmt":"2023-05-08T13:28:09","slug":"tenira","status":"publish","type":"page","link":"https:\/\/www.neessen.nl\/de\/neessen-aardbei-en-aspergeplanten\/aardbeienplanten\/rassen\/middentijdse-aardbeienrassen\/tenira\/","title":{"rendered":"Tenira"},"content":{"rendered":"<p>[et_pb_section fb_built=&#8220;1&#8243; fullwidth=&#8220;on&#8220; admin_label=&#8220;Header 3 aarbeien&#8220; _builder_version=&#8220;4.19.4&#8243; _module_preset=&#8220;default&#8220; global_module=&#8220;2386&#8243; saved_tabs=&#8220;all&#8220; global_colors_info=&#8220;{}&#8220;][et_pb_fullwidth_image src=&#8220;https:\/\/www.neessen.nl\/wp-content\/uploads\/2023\/01\/neessen_header1.jpg&#8220; title_text=&#8220;neessen_header1&#8243; _builder_version=&#8220;4.19.4&#8243; _module_preset=&#8220;default&#8220; global_colors_info=&#8220;{}&#8220;][\/et_pb_fullwidth_image][\/et_pb_section][et_pb_section fb_built=&#8220;1&#8243; admin_label=&#8220;section&#8220; _builder_version=&#8220;4.16&#8243; global_colors_info=&#8220;{}&#8220;][et_pb_row admin_label=&#8220;Rij&#8220; _builder_version=&#8220;4.16&#8243; background_size=&#8220;initial&#8220; background_position=&#8220;top_left&#8220; background_repeat=&#8220;repeat&#8220; custom_margin=&#8220;0px|||&#8220; custom_padding=&#8220;0px|||&#8220; make_fullwidth=&#8220;off&#8220; use_custom_width=&#8220;off&#8220; width_unit=&#8220;on&#8220; global_colors_info=&#8220;{}&#8220;][et_pb_column type=&#8220;4_4&#8243; _builder_version=&#8220;4.16&#8243; custom_padding=&#8220;|||&#8220; global_colors_info=&#8220;{}&#8220; custom_padding__hover=&#8220;|||&#8220;][et_pb_text admin_label=&#8220;Titel&#8220; _builder_version=&#8220;4.19.4&#8243; text_font_size=&#8220;66&#8243; background_size=&#8220;initial&#8220; background_position=&#8220;top_left&#8220; background_repeat=&#8220;repeat&#8220; custom_margin=&#8220;19px||16px|||&#8220; hover_enabled=&#8220;0&#8243; text_font_size_tablet=&#8220;40px&#8220; text_font_size_phone=&#8220;30px&#8220; text_font_size_last_edited=&#8220;on|phone&#8220; use_border_color=&#8220;off&#8220; border_color=&#8220;#ffffff&#8220; border_style=&#8220;solid&#8220; global_colors_info=&#8220;{}&#8220; sticky_enabled=&#8220;0&#8243;]<\/p>\n<p style=\"padding-left: 60px;\">Tenira<\/p>\n<p>[\/et_pb_text][\/et_pb_column][\/et_pb_row][et_pb_row admin_label=&#8220;Rij&#8220; _builder_version=&#8220;4.16&#8243; background_size=&#8220;initial&#8220; background_position=&#8220;top_left&#8220; background_repeat=&#8220;repeat&#8220; global_colors_info=&#8220;{}&#8220;][et_pb_column type=&#8220;4_4&#8243; _builder_version=&#8220;4.16&#8243; custom_padding=&#8220;|||&#8220; global_colors_info=&#8220;{}&#8220; custom_padding__hover=&#8220;|||&#8220;][et_pb_text admin_label=&#8220;Tekst&#8220; _builder_version=&#8220;4.19.4&#8243; background_size=&#8220;initial&#8220; background_position=&#8220;top_left&#8220; background_repeat=&#8220;repeat&#8220; use_border_color=&#8220;off&#8220; border_color=&#8220;#ffffff&#8220; border_style=&#8220;solid&#8220; global_colors_info=&#8220;{}&#8220;]<\/p>\n<p><strong>Tenira ist eine ziemlich geschlossene Kultur mit gro\u00dfen Erdbeeren. Die Pflanze selbst ist nicht zu gro\u00df. Tenira ist eine Rasse mittleren Alters. Die Staubbl\u00e4tter sind im Allgemeinen gut entwickelt, obwohl sie in den ersten Bl\u00fcten oft m\u00e4\u00dfig sind. Tenira ist sehr produktiv.<\/strong><\/p>\n<p>[\/et_pb_text][et_pb_image src=&#8220;https:\/\/www.neessen.nl\/wp-content\/uploads\/2023\/02\/2212_eigenschappen-rassen_NL_eigenschappen_teniraDU-1.png&#8220; title_text=&#8220;2212_eigenschappen rassen_NL_eigenschappen_teniraDU-1&#8243; align_tablet=&#8220;center&#8220; align_phone=&#8220;center&#8220; align_last_edited=&#8220;on|desktop&#8220; admin_label=&#8220;Afbeelding eigenschappen&#8220; _builder_version=&#8220;4.19.4&#8243; animation=&#8220;off&#8220; use_border_color=&#8220;off&#8220; border_color=&#8220;#ffffff&#8220; border_style=&#8220;solid&#8220; sticky=&#8220;off&#8220; always_center_on_mobile=&#8220;on&#8220; global_colors_info=&#8220;{}&#8220;][\/et_pb_image][et_pb_text admin_label=&#8220;Plant eigenschappen&#8220; _builder_version=&#8220;4.19.4&#8243; background_size=&#8220;initial&#8220; background_position=&#8220;top_left&#8220; background_repeat=&#8220;repeat&#8220; use_border_color=&#8220;off&#8220; border_color=&#8220;#ffffff&#8220; border_style=&#8220;solid&#8220; global_colors_info=&#8220;{}&#8220;]<\/p>\n<h3>Pflanzeneigenschaften<\/h3>\n<p>Tenira ist eine mittlere bis sp\u00e4te Rasse. Die Fr\u00fcchte der Tenira sind gro\u00df, regelm\u00e4\u00dfig kegelf\u00f6rmig, intensiv rot mit gelben Samen. Die ersten Fr\u00fcchte der Tenira k\u00f6nnen manchmal etwas unf\u00f6rmig sein. Tenira ist nicht sehr zerbrechlich und daher eine ziemlich starke Erdbeere, die innen rot ist und auch gut schmeckt und riecht. Die Haltbarkeit der Fr\u00fcchte ist gut.<\/p>\n<p>[\/et_pb_text][et_pb_text admin_label=&#8220;Ziekten en plagen&#8220; _builder_version=&#8220;4.19.4&#8243; background_size=&#8220;initial&#8220; background_position=&#8220;top_left&#8220; background_repeat=&#8220;repeat&#8220; use_border_color=&#8220;off&#8220; border_color=&#8220;#ffffff&#8220; border_style=&#8220;solid&#8220; global_colors_info=&#8220;{}&#8220;]<\/p>\n<h3>Resistenz gegen Krankheiten und Sch\u00e4dlinge<\/h3>\n<p>Tenira ist ziemlich anf\u00e4llig f\u00fcr Wurzelf\u00e4ule (<em>Phytium ultimum<\/em>); wenig anf\u00e4llig f\u00fcr Welke (<em>Verticillium dahliae<\/em>), Stammf\u00e4ule (<em>Phytophthora cactorum<\/em>) und Fruchtf\u00e4ule (<em>Botrytis cinerea<\/em>); sehr empfindlich gegen Alternaria, Spinnenbefall und beliebt beim Erdbeerbl\u00fctenk\u00e4fer.<\/p>\n<p>[\/et_pb_text][\/et_pb_column][\/et_pb_row][et_pb_row admin_label=&#8220;Rij&#8220; _builder_version=&#8220;4.16&#8243; background_size=&#8220;initial&#8220; background_position=&#8220;top_left&#8220; background_repeat=&#8220;repeat&#8220; global_colors_info=&#8220;{}&#8220;][et_pb_column type=&#8220;4_4&#8243; _builder_version=&#8220;4.16&#8243; custom_padding=&#8220;|||&#8220; global_colors_info=&#8220;{}&#8220; custom_padding__hover=&#8220;|||&#8220;][et_pb_text admin_label=&#8220;Beschikbaar als&#8220; _builder_version=&#8220;4.19.4&#8243; background_size=&#8220;initial&#8220; background_position=&#8220;top_left&#8220; background_repeat=&#8220;repeat&#8220; use_border_color=&#8220;off&#8220; border_color=&#8220;#ffffff&#8220; border_style=&#8220;solid&#8220; global_colors_info=&#8220;{}&#8220;]<\/p>\n<h1>Verf\u00fcgbar als:<\/h1>\n<p>[\/et_pb_text][et_pb_image src=&#8220;https:\/\/www.neessen.nl\/wp-content\/uploads\/2023\/02\/2212_eigenschappen-rassen_NL_sorteringen_daroyal_elvira_florence_honeoye_kent_malwina_senga-sengana_tenira_vivaldiDU-1.png&#8220; title_text=&#8220;2212_eigenschappen rassen_NL_sorteringen_daroyal_elvira_florence_honeoye_kent_malwina_senga sengana_tenira_vivaldiDU-1&#8243; align_tablet=&#8220;center&#8220; align_phone=&#8220;center&#8220; align_last_edited=&#8220;on|desktop&#8220; admin_label=&#8220;Afbeelding sorteringen&#8220; _builder_version=&#8220;4.19.4&#8243; animation=&#8220;off&#8220; use_border_color=&#8220;off&#8220; border_color=&#8220;#ffffff&#8220; border_style=&#8220;solid&#8220; sticky=&#8220;off&#8220; always_center_on_mobile=&#8220;on&#8220; global_colors_info=&#8220;{}&#8220;][\/et_pb_image][\/et_pb_column][\/et_pb_row][\/et_pb_section]<\/p>\n","protected":false},"excerpt":{"rendered":"<p>TeniraTenira ist eine ziemlich geschlossene Kultur mit gro\u00dfen Erdbeeren. Die Pflanze selbst ist nicht zu gro\u00df. Tenira ist eine Rasse mittleren Alters. Die Staubbl\u00e4tter sind im Allgemeinen gut entwickelt, obwohl sie in den ersten Bl\u00fcten oft m\u00e4\u00dfig sind. Tenira ist sehr produktiv.Pflanzeneigenschaften Tenira ist eine mittlere bis sp\u00e4te Rasse. Die Fr\u00fcchte der Tenira sind gro\u00df, [&hellip;]<\/p>\n","protected":false},"author":1,"featured_media":0,"parent":2048,"menu_order":14,"comment_status":"closed","ping_status":"closed","template":"","meta":{"_et_pb_use_builder":"on","_et_pb_old_content":"<div id=\"content-content\" class=\"clear-block\"><div id=\"node-51\" class=\"node clear-block\"><div class=\"content\"><p>Tenira is een Nederlands ras, gekweekt door het Instituut voor de veredeling van Tuinbouwgewassen te Wageningen in 1965. Tenira is gewonnen uit een kruising van Redgauntlet met Gorella en werd in 1973 ge\u00efntroduceerd, waarna het sinds 1974 beschikt over het kwekersrecht.<\/p><h2>Groei<\/h2><p>De Tenira is een vrij gesloten gewas met grote aardbeien. De plant zelf is niet al te groot.<\/p><h3>Bloei<\/h3><p>Tenira is een middentijds ras. De meeldraden zijn in het algemeen goed ontwikkeld, al zijn ze bij de eerste bloemen vaak matig.<\/p><h2>Productiviteit<\/h2><p>Tenira heeft een goede productiviteit.<\/p><h2>Vrucht<\/h2><p>Tenira is een middentijds tot laat ras. De vruchten van de Tenira zijn groot, regelmatig kegelvormig, intensief rood met gele zaadjes. De eerste vruchten van de Tenira kunnen soms wat misvormd zijn.\u00a0 De Tenira is niet erg kwetsbaar en daardoor is het een vrij sterke aardbei die rood van binnen is en ook lekker smaakt en ruikt. De houdbaarheid van de vruchten is goed.<\/p><h2>Ziekten en beschadigingen<\/h2><p>Tenira is gevoelig voor de volgende ziekten:<\/p><ul><li>Tamelijk vatbaar voor wortelrot (Phytium ultimum)<\/li><li>Weinig vatbaar voor verwelkingsziekte (Verticillium dahliae)<\/li><li>Weinig vatbaar voor stengelbasisrot (Phytophthora cactorum)<\/li><li>Weinig vatbaar voor vruchtrot (Botrytis cinerea)\u2028- Zeer gevoelig voor Alternaria<\/li><li>Spintaantasting<\/li><li>Geliefd door de aardbeibloesemkever<\/li><\/ul><\/div><\/div><\/div>","_et_gb_content_width":""},"acf":[],"_links":{"self":[{"href":"https:\/\/www.neessen.nl\/de\/wp-json\/wp\/v2\/pages\/2310"}],"collection":[{"href":"https:\/\/www.neessen.nl\/de\/wp-json\/wp\/v2\/pages"}],"about":[{"href":"https:\/\/www.neessen.nl\/de\/wp-json\/wp\/v2\/types\/page"}],"author":[{"embeddable":true,"href":"https:\/\/www.neessen.nl\/de\/wp-json\/wp\/v2\/users\/1"}],"replies":[{"embeddable":true,"href":"https:\/\/www.neessen.nl\/de\/wp-json\/wp\/v2\/comments?post=2310"}],"version-history":[{"count":5,"href":"https:\/\/www.neessen.nl\/de\/wp-json\/wp\/v2\/pages\/2310\/revisions"}],"predecessor-version":[{"id":5008,"href":"https:\/\/www.neessen.nl\/de\/wp-json\/wp\/v2\/pages\/2310\/revisions\/5008"}],"up":[{"embeddable":true,"href":"https:\/\/www.neessen.nl\/de\/wp-json\/wp\/v2\/pages\/2048"}],"wp:attachment":[{"href":"https:\/\/www.neessen.nl\/de\/wp-json\/wp\/v2\/media?parent=2310"}],"curies":[{"name":"wp","href":"https:\/\/api.w.org\/{rel}","templated":true}]}}