{"id":2307,"date":"2016-06-21T10:41:15","date_gmt":"2016-06-21T08:41:15","guid":{"rendered":"https:\/\/www.neessen.nl\/middentijdse-aardbeienrassen\/senga-sengana\/"},"modified":"2023-05-08T15:27:51","modified_gmt":"2023-05-08T13:27:51","slug":"senga-sengana","status":"publish","type":"page","link":"https:\/\/www.neessen.nl\/de\/neessen-aardbei-en-aspergeplanten\/aardbeienplanten\/rassen\/middentijdse-aardbeienrassen\/senga-sengana\/","title":{"rendered":"Senga Sengana"},"content":{"rendered":"<p>[et_pb_section fb_built=&#8220;1&#8243; fullwidth=&#8220;on&#8220; admin_label=&#8220;Header 3 aarbeien&#8220; _builder_version=&#8220;4.19.4&#8243; _module_preset=&#8220;default&#8220; global_module=&#8220;2386&#8243; saved_tabs=&#8220;all&#8220; global_colors_info=&#8220;{}&#8220;][et_pb_fullwidth_image src=&#8220;https:\/\/www.neessen.nl\/wp-content\/uploads\/2023\/01\/neessen_header1.jpg&#8220; title_text=&#8220;neessen_header1&#8243; _builder_version=&#8220;4.19.4&#8243; _module_preset=&#8220;default&#8220; global_colors_info=&#8220;{}&#8220;][\/et_pb_fullwidth_image][\/et_pb_section][et_pb_section fb_built=&#8220;1&#8243; admin_label=&#8220;section&#8220; _builder_version=&#8220;4.16&#8243; global_colors_info=&#8220;{}&#8220;][et_pb_row admin_label=&#8220;Rij&#8220; _builder_version=&#8220;4.16&#8243; background_size=&#8220;initial&#8220; background_position=&#8220;top_left&#8220; background_repeat=&#8220;repeat&#8220; custom_margin=&#8220;0px|||&#8220; custom_padding=&#8220;0px|||&#8220; make_fullwidth=&#8220;off&#8220; use_custom_width=&#8220;off&#8220; width_unit=&#8220;on&#8220; global_colors_info=&#8220;{}&#8220;][et_pb_column type=&#8220;4_4&#8243; _builder_version=&#8220;4.16&#8243; custom_padding=&#8220;|||&#8220; global_colors_info=&#8220;{}&#8220; custom_padding__hover=&#8220;|||&#8220;][et_pb_text admin_label=&#8220;Titel&#8220; _builder_version=&#8220;4.19.4&#8243; text_font_size=&#8220;66&#8243; background_size=&#8220;initial&#8220; background_position=&#8220;top_left&#8220; background_repeat=&#8220;repeat&#8220; min_height=&#8220;27.8px&#8220; custom_margin=&#8220;13px||7px|||&#8220; hover_enabled=&#8220;0&#8243; text_font_size_tablet=&#8220;40px&#8220; text_font_size_phone=&#8220;30px&#8220; text_font_size_last_edited=&#8220;on|phone&#8220; use_border_color=&#8220;off&#8220; border_color=&#8220;#ffffff&#8220; border_style=&#8220;solid&#8220; global_colors_info=&#8220;{}&#8220; sticky_enabled=&#8220;0&#8243;]<\/p>\n<p style=\"padding-left: 20px;\">Senga Sengana<\/p>\n<p>[\/et_pb_text][\/et_pb_column][\/et_pb_row][et_pb_row admin_label=&#8220;Rij&#8220; _builder_version=&#8220;4.16&#8243; background_size=&#8220;initial&#8220; background_position=&#8220;top_left&#8220; background_repeat=&#8220;repeat&#8220; global_colors_info=&#8220;{}&#8220;][et_pb_column type=&#8220;4_4&#8243; _builder_version=&#8220;4.16&#8243; custom_padding=&#8220;|||&#8220; global_colors_info=&#8220;{}&#8220; custom_padding__hover=&#8220;|||&#8220;][et_pb_text admin_label=&#8220;Tekst&#8220; _builder_version=&#8220;4.19.4&#8243; background_size=&#8220;initial&#8220; background_position=&#8220;top_left&#8220; background_repeat=&#8220;repeat&#8220; use_border_color=&#8220;off&#8220; border_color=&#8220;#ffffff&#8220; border_style=&#8220;solid&#8220; global_colors_info=&#8220;{}&#8220;]<\/p>\n<p><strong>Senga Sengana schneidet im Freilandanbau f\u00fcr die Verarbeitung recht gut ab, ist mittelreif und ertragreich. Die Fr\u00fcchte haben eine einheitliche Gr\u00f6\u00dfe und lassen sich ohne Schale leicht pfl\u00fccken. F\u00fcr den Frischverzehr ist die Farbe zu dunkel und das Aroma zu stark.<\/strong><\/p>\n<p>[\/et_pb_text][et_pb_image src=&#8220;https:\/\/www.neessen.nl\/wp-content\/uploads\/2023\/02\/2212_eigenschappen-rassen_NL_eigenschappen_senga-senganaDU-1.png&#8220; title_text=&#8220;2212_eigenschappen rassen_NL_eigenschappen_senga senganaDU-1&#8243; align_tablet=&#8220;center&#8220; align_phone=&#8220;center&#8220; align_last_edited=&#8220;on|desktop&#8220; admin_label=&#8220;Afbeelding eigenschappen&#8220; _builder_version=&#8220;4.19.4&#8243; animation=&#8220;off&#8220; use_border_color=&#8220;off&#8220; border_color=&#8220;#ffffff&#8220; border_style=&#8220;solid&#8220; sticky=&#8220;off&#8220; always_center_on_mobile=&#8220;on&#8220; global_colors_info=&#8220;{}&#8220;][\/et_pb_image][et_pb_text admin_label=&#8220;Plant eigenschappen&#8220; _builder_version=&#8220;4.19.4&#8243; background_size=&#8220;initial&#8220; background_position=&#8220;top_left&#8220; background_repeat=&#8220;repeat&#8220; use_border_color=&#8220;off&#8220; border_color=&#8220;#ffffff&#8220; border_style=&#8220;solid&#8220; global_colors_info=&#8220;{}&#8220;]<\/p>\n<h3>Pflanzeneigenschaften<\/h3>\n<p>Die Senga Sengana ist eine mittelgro\u00dfe buschige Pflanze mit vielen Bl\u00fctentrauben mit ziemlich kleinen Bl\u00fcten. Die Erdbeeren sind kugelig und nicht wirklich gro\u00df. Die Samen sitzen tief in der Erdbeere und lassen sie wie die Himbeer-Erdbeere aussehen. Die Fr\u00fcchte sind innen sch\u00f6n rot und haben einen starken, etwas ungew\u00f6hnlichen Geruch, wenn sie reif gepfl\u00fcckt werden. Die Fr\u00fcchte sind einheitlich gro\u00df, gl\u00e4nzend und eher dunkelrot. Die Fr\u00fcchte sind nicht sehr zerbrechlich, tief orangerot, saftig und haben einen guten Geschmack mit starkem Aroma.<\/p>\n<p>[\/et_pb_text][et_pb_text admin_label=&#8220;Ziekten en plagen&#8220; _builder_version=&#8220;4.19.4&#8243; background_size=&#8220;initial&#8220; background_position=&#8220;top_left&#8220; background_repeat=&#8220;repeat&#8220; use_border_color=&#8220;off&#8220; border_color=&#8220;#ffffff&#8220; border_style=&#8220;solid&#8220; global_colors_info=&#8220;{}&#8220;]<\/p>\n<h3>Resistenz gegen Krankheiten und Sch\u00e4dlinge<\/h3>\n<p>Senga Sengana ist sehr anf\u00e4llig f\u00fcr Wurzelf\u00e4ule (<em>Phytopthora fragariae<\/em>), St\u00e4ngelf\u00e4ule (<em>Phytophthora cacotrum<\/em>) und Fruchtf\u00e4ule (<em>Botrytis cinerea<\/em>); wenig anf\u00e4llig f\u00fcr Welke (<em>Verticilium dahliae<\/em>), Mehltau (<em>Sphaerotheca macularis<\/em>) und Stammf\u00e4ule (<em>Phytopthora cactorum<\/em>); anf\u00e4llig f\u00fcr Viren und Blattnematoden.<\/p>\n<p>[\/et_pb_text][\/et_pb_column][\/et_pb_row][et_pb_row admin_label=&#8220;Rij&#8220; _builder_version=&#8220;4.16&#8243; background_size=&#8220;initial&#8220; background_position=&#8220;top_left&#8220; background_repeat=&#8220;repeat&#8220; global_colors_info=&#8220;{}&#8220;][et_pb_column type=&#8220;4_4&#8243; _builder_version=&#8220;4.16&#8243; custom_padding=&#8220;|||&#8220; global_colors_info=&#8220;{}&#8220; custom_padding__hover=&#8220;|||&#8220;][et_pb_text admin_label=&#8220;Beschikbaar als&#8220; _builder_version=&#8220;4.19.4&#8243; background_size=&#8220;initial&#8220; background_position=&#8220;top_left&#8220; background_repeat=&#8220;repeat&#8220; use_border_color=&#8220;off&#8220; border_color=&#8220;#ffffff&#8220; border_style=&#8220;solid&#8220; global_colors_info=&#8220;{}&#8220;]<\/p>\n<h1>Verf\u00fcgbar als:<\/h1>\n<p>[\/et_pb_text][et_pb_image src=&#8220;https:\/\/www.neessen.nl\/wp-content\/uploads\/2023\/02\/2212_eigenschappen-rassen_NL_sorteringen_daroyal_elvira_florence_honeoye_kent_malwina_senga-sengana_tenira_vivaldiDU-1.png&#8220; title_text=&#8220;2212_eigenschappen rassen_NL_sorteringen_daroyal_elvira_florence_honeoye_kent_malwina_senga sengana_tenira_vivaldiDU-1&#8243; align_tablet=&#8220;center&#8220; align_phone=&#8220;center&#8220; align_last_edited=&#8220;on|desktop&#8220; admin_label=&#8220;Afbeelding sorteringen&#8220; _builder_version=&#8220;4.19.4&#8243; animation=&#8220;off&#8220; use_border_color=&#8220;off&#8220; border_color=&#8220;#ffffff&#8220; border_style=&#8220;solid&#8220; sticky=&#8220;off&#8220; always_center_on_mobile=&#8220;on&#8220; global_colors_info=&#8220;{}&#8220;][\/et_pb_image][\/et_pb_column][\/et_pb_row][\/et_pb_section]<\/p>\n","protected":false},"excerpt":{"rendered":"<p>Senga SenganaSenga Sengana schneidet im Freilandanbau f\u00fcr die Verarbeitung recht gut ab, ist mittelreif und ertragreich. Die Fr\u00fcchte haben eine einheitliche Gr\u00f6\u00dfe und lassen sich ohne Schale leicht pfl\u00fccken. F\u00fcr den Frischverzehr ist die Farbe zu dunkel und das Aroma zu stark.Pflanzeneigenschaften Die Senga Sengana ist eine mittelgro\u00dfe buschige Pflanze mit vielen Bl\u00fctentrauben mit ziemlich [&hellip;]<\/p>\n","protected":false},"author":1,"featured_media":0,"parent":2048,"menu_order":13,"comment_status":"closed","ping_status":"closed","template":"","meta":{"_et_pb_use_builder":"on","_et_pb_old_content":"<p>Senga Sengana is een Duits ras, gekruist\u00a0door Dhr.\u00a0von Sengbusch\u00a0uit Hamburg. In 1956 is dit ras op de markt verschenen.<\/p><h2>Groei<\/h2><p>Senga Sengana voldoet vrij goed in de vollegrondsteelt voor verwerking, is middentijds rijpend en productief.<\/p><h2>Uiterlijk<\/h2><p>De Senga Sengana is een middelgrote bossige\u00a0plant met veel bloemtrossen met vrij kleine bloemen. De aardbeien zijn kogelvormig en niet echt groot. De pitjes liggen diep in de aardbei waardoor hij wat op de frambozenaardbei gaat lijken. De vruchten zijn mooi rood van binnen en hebben als ze rijp geplukt worden een sterke wat aparte geur.<\/p><h2>Vrucht<\/h2><p>De vruchten zijn gelijkmatig van grootte, glanzend en tamelijk donkerrood.\u00a0 \u2028De vruchten zijn weinig kwetsbaar, diep oranjerood, sappig en goed van smaak met een sterk aroma.<\/p><h2>Ziekten en beschadigingen<\/h2><ul><li>Senga Sengana is gevoelig voor de volgende ziektes:<\/li><li>Zeer vatbaar voor roodwortelrot (Phytopthora fragariae)<\/li><li>Zeer vatbaar voor stengelrot (Phytophthora cacotrum)<\/li><li>Zeer vatbaar voor vruchtrot (Botrytis cinerea)<\/li><li>Weinig vatbaar voor verwelkingsziekte (Verticilium dahliae)<\/li><li>Weinig vatbaar voor meeldauw (Sphaerotheca macularis)<\/li><li>Weinig vatbaar voor stengelbasisrot (Phytopthora cactorum)<\/li><li>Gevoelig voor virussen en bladaaltjes<\/li><\/ul>","_et_gb_content_width":""},"acf":[],"_links":{"self":[{"href":"https:\/\/www.neessen.nl\/de\/wp-json\/wp\/v2\/pages\/2307"}],"collection":[{"href":"https:\/\/www.neessen.nl\/de\/wp-json\/wp\/v2\/pages"}],"about":[{"href":"https:\/\/www.neessen.nl\/de\/wp-json\/wp\/v2\/types\/page"}],"author":[{"embeddable":true,"href":"https:\/\/www.neessen.nl\/de\/wp-json\/wp\/v2\/users\/1"}],"replies":[{"embeddable":true,"href":"https:\/\/www.neessen.nl\/de\/wp-json\/wp\/v2\/comments?post=2307"}],"version-history":[{"count":7,"href":"https:\/\/www.neessen.nl\/de\/wp-json\/wp\/v2\/pages\/2307\/revisions"}],"predecessor-version":[{"id":5005,"href":"https:\/\/www.neessen.nl\/de\/wp-json\/wp\/v2\/pages\/2307\/revisions\/5005"}],"up":[{"embeddable":true,"href":"https:\/\/www.neessen.nl\/de\/wp-json\/wp\/v2\/pages\/2048"}],"wp:attachment":[{"href":"https:\/\/www.neessen.nl\/de\/wp-json\/wp\/v2\/media?parent=2307"}],"curies":[{"name":"wp","href":"https:\/\/api.w.org\/{rel}","templated":true}]}}