{"id":2303,"date":"2016-06-21T10:38:44","date_gmt":"2016-06-21T08:38:44","guid":{"rendered":"https:\/\/www.neessen.nl\/middentijdse-aardbeienrassen\/korona\/"},"modified":"2023-05-08T15:27:26","modified_gmt":"2023-05-08T13:27:26","slug":"korona","status":"publish","type":"page","link":"https:\/\/www.neessen.nl\/de\/neessen-aardbei-en-aspergeplanten\/aardbeienplanten\/rassen\/middentijdse-aardbeienrassen\/korona\/","title":{"rendered":"Korona"},"content":{"rendered":"<p>[et_pb_section fb_built=&#8220;1&#8243; fullwidth=&#8220;on&#8220; admin_label=&#8220;Header 3 aarbeien&#8220; _builder_version=&#8220;4.19.4&#8243; _module_preset=&#8220;default&#8220; global_module=&#8220;2386&#8243; saved_tabs=&#8220;all&#8220; global_colors_info=&#8220;{}&#8220;][et_pb_fullwidth_image src=&#8220;https:\/\/www.neessen.nl\/wp-content\/uploads\/2023\/01\/neessen_header1.jpg&#8220; title_text=&#8220;neessen_header1&#8243; _builder_version=&#8220;4.19.4&#8243; _module_preset=&#8220;default&#8220; global_colors_info=&#8220;{}&#8220;][\/et_pb_fullwidth_image][\/et_pb_section][et_pb_section fb_built=&#8220;1&#8243; admin_label=&#8220;section&#8220; _builder_version=&#8220;4.16&#8243; global_colors_info=&#8220;{}&#8220;][et_pb_row admin_label=&#8220;Rij&#8220; _builder_version=&#8220;4.16&#8243; background_size=&#8220;initial&#8220; background_position=&#8220;top_left&#8220; background_repeat=&#8220;repeat&#8220; custom_margin=&#8220;0px|||&#8220; custom_padding=&#8220;0px|||&#8220; make_fullwidth=&#8220;off&#8220; use_custom_width=&#8220;off&#8220; width_unit=&#8220;on&#8220; global_colors_info=&#8220;{}&#8220;][et_pb_column type=&#8220;4_4&#8243; _builder_version=&#8220;4.16&#8243; custom_padding=&#8220;|||&#8220; global_colors_info=&#8220;{}&#8220; custom_padding__hover=&#8220;|||&#8220;][et_pb_text admin_label=&#8220;Titel&#8220; _builder_version=&#8220;4.19.4&#8243; text_font_size=&#8220;66&#8243; background_size=&#8220;initial&#8220; background_position=&#8220;top_left&#8220; background_repeat=&#8220;repeat&#8220; custom_margin=&#8220;18px|||||&#8220; hover_enabled=&#8220;0&#8243; text_font_size_tablet=&#8220;40px&#8220; text_font_size_phone=&#8220;30px&#8220; text_font_size_last_edited=&#8220;on|phone&#8220; use_border_color=&#8220;off&#8220; border_color=&#8220;#ffffff&#8220; border_style=&#8220;solid&#8220; global_colors_info=&#8220;{}&#8220; sticky_enabled=&#8220;0&#8243;]<\/p>\n<p style=\"padding-left: 60px;\">Korona<\/p>\n<p>[\/et_pb_text][\/et_pb_column][\/et_pb_row][et_pb_row admin_label=&#8220;Rij&#8220; _builder_version=&#8220;4.16&#8243; background_size=&#8220;initial&#8220; background_position=&#8220;top_left&#8220; background_repeat=&#8220;repeat&#8220; global_colors_info=&#8220;{}&#8220;][et_pb_column type=&#8220;4_4&#8243; _builder_version=&#8220;4.16&#8243; custom_padding=&#8220;|||&#8220; global_colors_info=&#8220;{}&#8220; custom_padding__hover=&#8220;|||&#8220;][et_pb_text admin_label=&#8220;Tekst&#8220; _builder_version=&#8220;4.19.4&#8243; background_size=&#8220;initial&#8220; background_position=&#8220;top_left&#8220; background_repeat=&#8220;repeat&#8220; custom_margin=&#8220;15px|||||&#8220; use_border_color=&#8220;off&#8220; border_color=&#8220;#ffffff&#8220; border_style=&#8220;solid&#8220; global_colors_info=&#8220;{}&#8220;]<\/p>\n<p><strong>Korona geh\u00f6rt zu den Sorten der Zwischensaison. Die gro\u00dfen dunkelroten Fr\u00fcchte haben ein hervorragendes Erdbeeraroma und einen guten Geschmack.<\/strong><\/p>\n<p>[\/et_pb_text][et_pb_image src=&#8220;https:\/\/www.neessen.nl\/wp-content\/uploads\/2023\/02\/2212_eigenschappen-rassen_NL_eigenschappen_koronaDU-1.png&#8220; title_text=&#8220;2212_eigenschappen rassen_NL_eigenschappen_koronaDU-1&#8243; align_tablet=&#8220;center&#8220; align_phone=&#8220;center&#8220; align_last_edited=&#8220;on|desktop&#8220; admin_label=&#8220;Afbeelding eigenschappen&#8220; _builder_version=&#8220;4.19.4&#8243; animation=&#8220;off&#8220; use_border_color=&#8220;off&#8220; border_color=&#8220;#ffffff&#8220; border_style=&#8220;solid&#8220; sticky=&#8220;off&#8220; always_center_on_mobile=&#8220;on&#8220; global_colors_info=&#8220;{}&#8220;][\/et_pb_image][et_pb_text admin_label=&#8220;Plant eigenschappen&#8220; _builder_version=&#8220;4.19.4&#8243; background_size=&#8220;initial&#8220; background_position=&#8220;top_left&#8220; background_repeat=&#8220;repeat&#8220; use_border_color=&#8220;off&#8220; border_color=&#8220;#ffffff&#8220; border_style=&#8220;solid&#8220; global_colors_info=&#8220;{}&#8220;]<\/p>\n<h3>Pflanzeneigenschaften<\/h3>\n<p>Korona ist eine attraktive Pflanze mit ziemlich gro\u00dfen Fr\u00fcchten. Die kegelf\u00f6rmigen Fr\u00fcchte sind sowohl au\u00dfen als auch innen dunkelrot gef\u00e4rbt. Die Fr\u00fcchte haben einen sehr guten Geschmack, ein hervorragendes Erdbeeraroma und sind sehr saftig. Leider sind die Fr\u00fcchte auch ziemlich zerbrechlich. Die Frucht wird nach einigen Ernten schnell kleiner. Neben 3-bl\u00e4ttrigen Bl\u00e4ttern kommen auch 4- oder 5-bl\u00e4ttrige Bl\u00e4tter vor. Sie sind ebenfalls dunkelgr\u00fcn und leicht schalenf\u00f6rmig. Korona ist eine gro\u00dfe, ziemlich offene Pflanze und bl\u00fcht in der Zwischensaison. Die Bl\u00fcten sind gro\u00df mit gut entwickelten Staubbl\u00e4ttern.<\/p>\n<p>Korona ist eine ertragreiche Sorte. Ohne Kelch ist die Frucht schwer zu pfl\u00fccken. Zu Beginn der Ernte sind die Fr\u00fcchte oft breit und vom Kelch bis zur Spitze gefurcht.<\/p>\n<p>[\/et_pb_text][et_pb_text admin_label=&#8220;Ziekten en plagen&#8220; _builder_version=&#8220;4.19.4&#8243; background_size=&#8220;initial&#8220; background_position=&#8220;top_left&#8220; background_repeat=&#8220;repeat&#8220; use_border_color=&#8220;off&#8220; border_color=&#8220;#ffffff&#8220; border_style=&#8220;solid&#8220; global_colors_info=&#8220;{}&#8220;]<\/p>\n<h3>Krankheitsanf\u00e4lligkeit<\/h3>\n<p>Korona ist m\u00e4\u00dfig anf\u00e4llig f\u00fcr Fruchtf\u00e4ule (<em>Botrytis cineria<\/em>) und wenig anf\u00e4llig f\u00fcr Welke (<em>Verticillium dahliae<\/em>), Echten Mehltau (<em>Sphaerotheca macularis<\/em>) und Wurzelf\u00e4ule (<em>Phytophthora fragariae<\/em>).<\/p>\n<p>[\/et_pb_text][et_pb_text admin_label=&#8220;Teeltervaringen&#8220; _builder_version=&#8220;4.19.4&#8243; background_size=&#8220;initial&#8220; background_position=&#8220;top_left&#8220; background_repeat=&#8220;repeat&#8220; use_border_color=&#8220;off&#8220; border_color=&#8220;#ffffff&#8220; border_style=&#8220;solid&#8220; global_colors_info=&#8220;{}&#8220;]<\/p>\n<h3>Kultivierungserfahrungen<\/h3>\n<p>Korona ist f\u00fcr den Anbau im Freiland geeignet. Allerdings eignet sich Korona nur f\u00fcr den Direktverkauf, wie zum Beispiel den Haust\u00fcrverkauf.<\/p>\n<p>[\/et_pb_text][\/et_pb_column][\/et_pb_row][et_pb_row admin_label=&#8220;Rij&#8220; _builder_version=&#8220;4.16&#8243; background_size=&#8220;initial&#8220; background_position=&#8220;top_left&#8220; background_repeat=&#8220;repeat&#8220; global_colors_info=&#8220;{}&#8220;][et_pb_column type=&#8220;4_4&#8243; _builder_version=&#8220;4.16&#8243; custom_padding=&#8220;|||&#8220; global_colors_info=&#8220;{}&#8220; custom_padding__hover=&#8220;|||&#8220;][et_pb_text admin_label=&#8220;Beschikbaar als&#8220; _builder_version=&#8220;4.19.4&#8243; background_size=&#8220;initial&#8220; background_position=&#8220;top_left&#8220; background_repeat=&#8220;repeat&#8220; use_border_color=&#8220;off&#8220; border_color=&#8220;#ffffff&#8220; border_style=&#8220;solid&#8220; global_colors_info=&#8220;{}&#8220;]<\/p>\n<h1>Verf\u00fcgbar als:<\/h1>\n<p>[\/et_pb_text][et_pb_image src=&#8220;https:\/\/www.neessen.nl\/wp-content\/uploads\/2023\/02\/2212_eigenschappen-rassen_NL_sorteringen_figaro_koronaDU-1-1.png&#8220; title_text=&#8220;2212_eigenschappen rassen_NL_sorteringen_figaro_koronaDU-1&#8243; align_tablet=&#8220;center&#8220; align_phone=&#8220;center&#8220; align_last_edited=&#8220;on|desktop&#8220; admin_label=&#8220;Afbeelding sorteringen&#8220; _builder_version=&#8220;4.19.4&#8243; animation=&#8220;off&#8220; use_border_color=&#8220;off&#8220; border_color=&#8220;#ffffff&#8220; border_style=&#8220;solid&#8220; sticky=&#8220;off&#8220; always_center_on_mobile=&#8220;on&#8220; global_colors_info=&#8220;{}&#8220;][\/et_pb_image][\/et_pb_column][\/et_pb_row][\/et_pb_section]<\/p>\n","protected":false},"excerpt":{"rendered":"<p>KoronaKorona geh\u00f6rt zu den Sorten der Zwischensaison. Die gro\u00dfen dunkelroten Fr\u00fcchte haben ein hervorragendes Erdbeeraroma und einen guten Geschmack.Pflanzeneigenschaften Korona ist eine attraktive Pflanze mit ziemlich gro\u00dfen Fr\u00fcchten. Die kegelf\u00f6rmigen Fr\u00fcchte sind sowohl au\u00dfen als auch innen dunkelrot gef\u00e4rbt. Die Fr\u00fcchte haben einen sehr guten Geschmack, ein hervorragendes Erdbeeraroma und sind sehr saftig. Leider sind [&hellip;]<\/p>\n","protected":false},"author":1,"featured_media":0,"parent":2048,"menu_order":12,"comment_status":"closed","ping_status":"closed","template":"","meta":{"_et_pb_use_builder":"on","_et_pb_old_content":"<p>Korona behoort tot een van de lekkerste aardbeien. De grote donkerrode vruchten hebben een uitstekend aardbeiaroma.<\/p><h2>Vruchtkwaliteit<\/h2><p>Korona is een aantrekkelijke plant met redelijk grote vruchten. De conische vruchten zijn zowel uitwendig als inwendig donkerrood van kleur. De vruchten hebben een zeer goede smaak, met een uitstekend aardbeiaroma en zijn zeer sappig. Helaas zijn de vruchten ook redelijk kwetsbaar. De vrucht wordt na enkele oogsten snel kleiner. Naast 3-tallige bladeren komen ook 4- of 5-tallige bladeren voor. Verder zijn ze dondergroen en iets komvormig.<\/p><h2>Bloei en plukperiode<\/h2><p>Korona is een fors, tamelijk open gewas en bloeit middentijds. De bloemen zijn groot met goed ontwikkelde meeldraden.<\/p><h2>Productiviteit<\/h2><p>Korona is een productief ras. De vrucht is moeilijk zonder kelk te plukken. Aan het begin van de oogst zijn de vruchten vaak breed en van de kelk naar de punt gegroefd.<\/p><h2>Ziektegevoeligheid<\/h2><p>Korona is matig vatbaar voor vruchtrot (Botrytis cineria) en weinig vatbaar voor verwelkingsziekte (Verticillium dahliae), meeldauw (Sphaerotheca macularis) en roodwortelrot (Phytophthora fragariae).<\/p><h2>Teeltervaringen<\/h2><p>Korona is geschikt voor teelt in de open grond. Korona is echter alleen geschikt voor de directe afzet, zoals aanhuisverkoop.<\/p>","_et_gb_content_width":""},"acf":[],"_links":{"self":[{"href":"https:\/\/www.neessen.nl\/de\/wp-json\/wp\/v2\/pages\/2303"}],"collection":[{"href":"https:\/\/www.neessen.nl\/de\/wp-json\/wp\/v2\/pages"}],"about":[{"href":"https:\/\/www.neessen.nl\/de\/wp-json\/wp\/v2\/types\/page"}],"author":[{"embeddable":true,"href":"https:\/\/www.neessen.nl\/de\/wp-json\/wp\/v2\/users\/1"}],"replies":[{"embeddable":true,"href":"https:\/\/www.neessen.nl\/de\/wp-json\/wp\/v2\/comments?post=2303"}],"version-history":[{"count":6,"href":"https:\/\/www.neessen.nl\/de\/wp-json\/wp\/v2\/pages\/2303\/revisions"}],"predecessor-version":[{"id":5003,"href":"https:\/\/www.neessen.nl\/de\/wp-json\/wp\/v2\/pages\/2303\/revisions\/5003"}],"up":[{"embeddable":true,"href":"https:\/\/www.neessen.nl\/de\/wp-json\/wp\/v2\/pages\/2048"}],"wp:attachment":[{"href":"https:\/\/www.neessen.nl\/de\/wp-json\/wp\/v2\/media?parent=2303"}],"curies":[{"name":"wp","href":"https:\/\/api.w.org\/{rel}","templated":true}]}}