{"id":2300,"date":"2016-06-21T09:57:51","date_gmt":"2016-06-21T07:57:51","guid":{"rendered":"https:\/\/www.neessen.nl\/middentijdse-aardbeienrassen\/elsanta\/"},"modified":"2023-05-08T15:26:25","modified_gmt":"2023-05-08T13:26:25","slug":"elsanta","status":"publish","type":"page","link":"https:\/\/www.neessen.nl\/de\/neessen-aardbei-en-aspergeplanten\/aardbeienplanten\/rassen\/middentijdse-aardbeienrassen\/elsanta\/","title":{"rendered":"Elsanta"},"content":{"rendered":"<p>[et_pb_section fb_built=&#8220;1&#8243; fullwidth=&#8220;on&#8220; admin_label=&#8220;Header 3 aarbeien&#8220; _builder_version=&#8220;4.19.4&#8243; _module_preset=&#8220;default&#8220; global_module=&#8220;2386&#8243; saved_tabs=&#8220;all&#8220; global_colors_info=&#8220;{}&#8220;][et_pb_fullwidth_image src=&#8220;https:\/\/www.neessen.nl\/wp-content\/uploads\/2023\/01\/neessen_header1.jpg&#8220; title_text=&#8220;neessen_header1&#8243; _builder_version=&#8220;4.19.4&#8243; _module_preset=&#8220;default&#8220; global_colors_info=&#8220;{}&#8220;][\/et_pb_fullwidth_image][\/et_pb_section][et_pb_section fb_built=&#8220;1&#8243; admin_label=&#8220;section&#8220; _builder_version=&#8220;4.16&#8243; global_colors_info=&#8220;{}&#8220;][et_pb_row admin_label=&#8220;Rij&#8220; _builder_version=&#8220;4.16&#8243; background_size=&#8220;initial&#8220; background_position=&#8220;top_left&#8220; background_repeat=&#8220;repeat&#8220; custom_margin=&#8220;0px|||&#8220; custom_padding=&#8220;0px|||&#8220; make_fullwidth=&#8220;off&#8220; use_custom_width=&#8220;off&#8220; width_unit=&#8220;on&#8220; global_colors_info=&#8220;{}&#8220;][et_pb_column type=&#8220;4_4&#8243; _builder_version=&#8220;4.16&#8243; custom_padding=&#8220;|||&#8220; global_colors_info=&#8220;{}&#8220; custom_padding__hover=&#8220;|||&#8220;][et_pb_text admin_label=&#8220;Titel&#8220; _builder_version=&#8220;4.19.4&#8243; text_font_size=&#8220;66&#8243; background_size=&#8220;initial&#8220; background_position=&#8220;top_left&#8220; background_repeat=&#8220;repeat&#8220; custom_margin=&#8220;23px||9px|||&#8220; hover_enabled=&#8220;0&#8243; text_font_size_tablet=&#8220;40px&#8220; text_font_size_phone=&#8220;30px&#8220; text_font_size_last_edited=&#8220;on|phone&#8220; use_border_color=&#8220;off&#8220; border_color=&#8220;#ffffff&#8220; border_style=&#8220;solid&#8220; global_colors_info=&#8220;{}&#8220; sticky_enabled=&#8220;0&#8243;]<\/p>\n<p style=\"padding-left: 60px;\">Elsanta<\/p>\n<p>[\/et_pb_text][\/et_pb_column][\/et_pb_row][et_pb_row admin_label=&#8220;Rij&#8220; _builder_version=&#8220;4.16&#8243; background_size=&#8220;initial&#8220; background_position=&#8220;top_left&#8220; background_repeat=&#8220;repeat&#8220; custom_margin=&#8220;7px|auto||auto||&#8220; global_colors_info=&#8220;{}&#8220;][et_pb_column type=&#8220;4_4&#8243; _builder_version=&#8220;4.16&#8243; custom_padding=&#8220;|||&#8220; global_colors_info=&#8220;{}&#8220; custom_padding__hover=&#8220;|||&#8220;][et_pb_text admin_label=&#8220;Tekst&#8220; _builder_version=&#8220;4.19.4&#8243; background_size=&#8220;initial&#8220; background_position=&#8220;top_left&#8220; background_repeat=&#8220;repeat&#8220; use_border_color=&#8220;off&#8220; border_color=&#8220;#ffffff&#8220; border_style=&#8220;solid&#8220; global_colors_info=&#8220;{}&#8220;]<\/p>\n<p><strong>Eine der am meisten angebauten Sorten! Elsanta ist eine feste Erdbeersorte mit guter Lagerf\u00e4higkeit. Aufgrund der hohen Produktion, Festigkeit und langen Haltbarkeit der Fr\u00fcchte ist Elsanta sowohl f\u00fcr Erzeuger als auch f\u00fcr H\u00e4ndler hervorragend geeignet. Die gro\u00dfe Frucht hat einen guten Geschmack mit einem starken Erdbeeraroma. Elsanta wird in weiten Teilen Europas angebaut.<\/strong><\/p>\n<p>[\/et_pb_text][et_pb_image src=&#8220;https:\/\/www.neessen.nl\/wp-content\/uploads\/2023\/02\/2212_eigenschappen-rassen_NL_eigenschappen_elsantaDU-1.png&#8220; title_text=&#8220;2212_eigenschappen rassen_NL_eigenschappen_elsantaDU-1&#8243; align_tablet=&#8220;center&#8220; align_phone=&#8220;center&#8220; align_last_edited=&#8220;on|desktop&#8220; admin_label=&#8220;Afbeelding eigenschappen&#8220; _builder_version=&#8220;4.19.4&#8243; custom_margin=&#8220;0px|||&#8220; animation=&#8220;off&#8220; use_border_color=&#8220;off&#8220; border_color=&#8220;#ffffff&#8220; border_style=&#8220;solid&#8220; sticky=&#8220;off&#8220; always_center_on_mobile=&#8220;on&#8220; global_colors_info=&#8220;{}&#8220;][\/et_pb_image][et_pb_text admin_label=&#8220;Vrucht kwaliteit&#8220; _builder_version=&#8220;4.19.4&#8243; background_size=&#8220;initial&#8220; background_position=&#8220;top_left&#8220; background_repeat=&#8220;repeat&#8220; use_border_color=&#8220;off&#8220; border_color=&#8220;#ffffff&#8220; border_style=&#8220;solid&#8220; global_colors_info=&#8220;{}&#8220;]<\/p>\n<h3>Fruchtqualit\u00e4t<\/h3>\n<p>Elsanta hat einen guten Geschmack und ein starkes Erdbeeraroma. Die Fr\u00fcchte sind fest und konisch geformt und haben eine gl\u00e4nzende, rote Farbe. Das Innere der Frucht ist rot, aber der Kern bleibt wei\u00df. Die Krone ist fest mit der Frucht verbunden. Elsanta hat eine kr\u00e4ftige Fruchtschale, so dass sie nicht druckstellenempfindlich ist und sich daher sehr gut f\u00fcr den Frischverzehr eignet.<\/p>\n<p>[\/et_pb_text][et_pb_text admin_label=&#8220;Bloei en pluk periode&#8220; _builder_version=&#8220;4.19.4&#8243; background_size=&#8220;initial&#8220; background_position=&#8220;top_left&#8220; background_repeat=&#8220;repeat&#8220; use_border_color=&#8220;off&#8220; border_color=&#8220;#ffffff&#8220; border_style=&#8220;solid&#8220; global_colors_info=&#8220;{}&#8220;]<\/p>\n<h3>Bl\u00fcte- und Pfl\u00fcckzeit<\/h3>\n<p>Elsanta zeichnet sich durch gro\u00dfe und breite Fr\u00fcchte mit langen, kr\u00e4ftigen Fruchtb\u00fcscheln aus. Elsanta produziert ziemlich gro\u00dfe Bl\u00fcten. Die Staubbl\u00e4tter der ersten Bl\u00fcten sind oft weniger gut. Die anderen Bl\u00fcten haben oft vern\u00fcnftig bis gut entwickelte Staubbl\u00e4tter. Elsanta ist eine mittelreife Erdbeere. Im Freiland ist Elsanta normalerweise ein oder zwei Tage fr\u00fcher als Sonata. Beim gek\u00fchlten Anbau ist die Ernte konzentrierter als bei Sonata. Dadurch werden die Fr\u00fcchte schnell kleiner.<\/p>\n<p>[\/et_pb_text][et_pb_text admin_label=&#8220;Productiviteit&#8220; _builder_version=&#8220;4.19.4&#8243; background_size=&#8220;initial&#8220; background_position=&#8220;top_left&#8220; background_repeat=&#8220;repeat&#8220; use_border_color=&#8220;off&#8220; border_color=&#8220;#ffffff&#8220; border_style=&#8220;solid&#8220; global_colors_info=&#8220;{}&#8220;]<\/p>\n<h3>Produktivit\u00e4t<\/h3>\n<p>Der Ertrag von Elsanta ist hoch bis sehr hoch. Die Fr\u00fcchte sind leicht zu pfl\u00fccken, da die Fr\u00fcchte gro\u00df sind und die Pflanzen lange, kr\u00e4ftige Fruchtb\u00fcschel haben. Charakteristisch sind die kleinen Kelchbl\u00e4tter. Der Anteil an deformierten Fr\u00fcchten ist h\u00f6her als bei Sonata, insbesondere bei einer fr\u00fchen Fr\u00fchjahrsernte. Auch der Anteil der Klasse I ist bei Sonata h\u00f6her als bei Elsanta.<\/p>\n<p>[\/et_pb_text][et_pb_text admin_label=&#8220;Ziekten en plagen&#8220; _builder_version=&#8220;4.19.4&#8243; background_size=&#8220;initial&#8220; background_position=&#8220;top_left&#8220; background_repeat=&#8220;repeat&#8220; use_border_color=&#8220;off&#8220; border_color=&#8220;#ffffff&#8220; border_style=&#8220;solid&#8220; global_colors_info=&#8220;{}&#8220;]<\/p>\n<h3>Resistenz gegen Krankheiten und Sch\u00e4dlinge<\/h3>\n<p>Elsanta ist anf\u00e4llig f\u00fcr folgende Krankheiten:<br \/>&#8211; Welkekrankheit (Verticillium dahliae)<br \/>&#8211; Stammf\u00e4ule (Phytophthora cactorum)<br \/>&#8211; Rote Wurzelf\u00e4ule (Phytophthora fragariae)<br \/>&#8211; Fruchtf\u00e4ule (Botrytis cinerea)<br \/>&#8211; Colletotrichum acutatum<br \/>&#8211; Mehltau (Sphaerotheca macularis)<\/p>\n<p>[\/et_pb_text][et_pb_text admin_label=&#8220;Teeltervaringen&#8220; _builder_version=&#8220;4.19.4&#8243; background_size=&#8220;initial&#8220; background_position=&#8220;top_left&#8220; background_repeat=&#8220;repeat&#8220; use_border_color=&#8220;off&#8220; border_color=&#8220;#ffffff&#8220; border_style=&#8220;solid&#8220; global_colors_info=&#8220;{}&#8220;]<\/p>\n<h3>Kultivierungserfahrungen<\/h3>\n<p>Elsanta kann f\u00fcr alle Arten von Kulturen verwendet werden, sowohl im Innen- als auch im Au\u00dfenbereich, und von fr\u00fch bis ziemlich sp\u00e4t. Auch f\u00fcr den Gem\u00fcsegarten ist die Sorte sehr n\u00fctzlich. Elsanta wird in weiten Teilen Europas angebaut. Im Gegensatz zu Sonata ist Elsanta jedoch sehr empfindlich gegen\u00fcber Winterfrost. Elsanta ist aufgrund ihrer Empfindlichkeit gegen\u00fcber Welkekrankheiten weniger f\u00fcr den Anbau auf B\u00f6den geeignet, auf denen Kartoffeln und Erdbeeren angebaut wurden.<\/p>\n<p>[\/et_pb_text][\/et_pb_column][\/et_pb_row][et_pb_row admin_label=&#8220;Rij&#8220; _builder_version=&#8220;4.16&#8243; background_size=&#8220;initial&#8220; background_position=&#8220;top_left&#8220; background_repeat=&#8220;repeat&#8220; global_colors_info=&#8220;{}&#8220;][et_pb_column type=&#8220;4_4&#8243; _builder_version=&#8220;4.16&#8243; custom_padding=&#8220;|||&#8220; global_colors_info=&#8220;{}&#8220; custom_padding__hover=&#8220;|||&#8220;][et_pb_text admin_label=&#8220;Beschikbaar als&#8220; _builder_version=&#8220;4.19.4&#8243; background_size=&#8220;initial&#8220; background_position=&#8220;top_left&#8220; background_repeat=&#8220;repeat&#8220; use_border_color=&#8220;off&#8220; border_color=&#8220;#ffffff&#8220; border_style=&#8220;solid&#8220; global_colors_info=&#8220;{}&#8220;]<\/p>\n<h1>Verf\u00fcgbar als:<\/h1>\n<p>[\/et_pb_text][et_pb_image src=&#8220;https:\/\/www.neessen.nl\/wp-content\/uploads\/2023\/02\/2212_eigenschappen-rassen_NL_sorteringen_darselect_elsanta_falco_flair_opera_parlando_rumba_sonata_sonsation_twist_verdiDU-1.png&#8220; title_text=&#8220;2212_eigenschappen rassen_NL_sorteringen_darselect_elsanta_falco_flair_opera_parlando_rumba_sonata_sonsation_twist_verdiDU-1&#8243; align_tablet=&#8220;center&#8220; align_phone=&#8220;center&#8220; align_last_edited=&#8220;on|desktop&#8220; admin_label=&#8220;Afbeelding sorteringen&#8220; _builder_version=&#8220;4.19.4&#8243; animation=&#8220;off&#8220; use_border_color=&#8220;off&#8220; border_color=&#8220;#ffffff&#8220; border_style=&#8220;solid&#8220; sticky=&#8220;off&#8220; always_center_on_mobile=&#8220;on&#8220; global_colors_info=&#8220;{}&#8220;][\/et_pb_image][\/et_pb_column][\/et_pb_row][\/et_pb_section]<\/p>\n","protected":false},"excerpt":{"rendered":"<p>ElsantaEine der am meisten angebauten Sorten! Elsanta ist eine feste Erdbeersorte mit guter Lagerf\u00e4higkeit. Aufgrund der hohen Produktion, Festigkeit und langen Haltbarkeit der Fr\u00fcchte ist Elsanta sowohl f\u00fcr Erzeuger als auch f\u00fcr H\u00e4ndler hervorragend geeignet. Die gro\u00dfe Frucht hat einen guten Geschmack mit einem starken Erdbeeraroma. Elsanta wird in weiten Teilen Europas angebaut.Fruchtqualit\u00e4t Elsanta hat [&hellip;]<\/p>\n","protected":false},"author":1,"featured_media":0,"parent":2048,"menu_order":9,"comment_status":"closed","ping_status":"closed","template":"","meta":{"_et_pb_use_builder":"on","_et_pb_old_content":"<p><strong>\u00c9\u00e9n van de meest geteelde rassen<\/strong><br \/> Elsanta is een stevig aardbeiras met een goede houdbaarheid. Door de hoge productie, de stevigheid en de lange houdbaarheid van de vrucht is Elsanta uitermate geschikt voor zowel de teler als de handel. De grote vrucht heeft een goede smaak met een sterk aardbeiaroma. Elsanta wordt in grote delen van Europa op grote schaal geteeld.<\/p><h2>Vruchtkwaliteit<\/h2><p>Elsanta heeft een goede smaak en een sterk aardbeiaroma. De vruchten zijn stevig en<br \/> conisch van vorm en hebben een glanzende, rode kleur. Inwendig is de vrucht rood maar de<br \/> kern blijft wit. Het kroontje zit stevig op de vrucht. Elsanta heeft een sterke vruchthuid waardoor<br \/> ze niet gevoelig is voor drukplekken en is daarom zeer geschikt voor verse consumptie.<\/p><h2>Bloei en plukperiode<\/h2><p>Elsanta kenmerkt zich door haar forse en brede vruchten met lange, stevige vruchttrossen.<br \/> Elsanta maakt redelijk grote bloemen. De meeldraden van de eerste bloemen zijn vaak<br \/> minder goed. De overige bloemen hebben vaak redelijk tot goed ontwikkelde meeldraden.<br \/> Elsanta is een middentijds afrijpende aardbei. In de vollegrond is Elsanta doorgaans \u00e9\u00e9n \u00e0<br \/> twee dagen vroeger dan Sonata. In de gekoelde teelt is de oogst geconcentreerder dan<br \/> Sonata. Hierdoor worden de vruchten snel kleiner.<\/p><h2>Productiviteit<\/h2><p>De opbrengst van Elsanta is hoog tot zeer hoog. De vruchten zijn makkelijk te plukken,<br \/> omdat de vruchten fors zijn en de planten lange, stevige vruchttrossen hebben. Kenmerkend<br \/> zijn de kleine kelkbladeren. Het percentage misvormde vruchten ligt hoger dan bij Sonata,<br \/> vooral bij een vroege voorjaarsteelt. Ook is het aandeel klasse I bij Sonata hoger dan bij<br \/> Elsanta.<\/p><h2>Ziektegevoeligheid<\/h2><p>Elsanta is gevoelig voor de volgende ziektes:<br \/> - verwelkingsziekte (Verticillium dahliae)<br \/> - stengelbasisrot (Phytophthora cactorum)<br \/> - roodwortelrot (Phytophthora fragariae)<br \/> - vruchtrot (Botrytis cinerea)<br \/> - colletotrichum acutatum<br \/> - meeldauw (Sphaerotheca macularis)<\/p><h2>Teeltervaringen<\/h2><p>Elsanta kan gebruikt worden voor allerlei teelten, zowel binnen als buiten, en van vroeg tot<br \/> tamelijk laat. Het ras is ook goed bruikbaar voor de moestuin. Elsanta wordt in grote delen<br \/> van Europa geteeld. Elsanta is echter in tegenstelling tot o.a. Sonata, zeer gevoelig voor<br \/> wintervorst. Elsanta is vanwege zijn gevoeligheid voor verwelkingsziekte minder geschikt<br \/> voor teelt op gronden waarop aardappelen en aardbeien zijn geteeld.<\/p><p>[gallery ids=\"145,146\"]<\/p>","_et_gb_content_width":""},"acf":[],"_links":{"self":[{"href":"https:\/\/www.neessen.nl\/de\/wp-json\/wp\/v2\/pages\/2300"}],"collection":[{"href":"https:\/\/www.neessen.nl\/de\/wp-json\/wp\/v2\/pages"}],"about":[{"href":"https:\/\/www.neessen.nl\/de\/wp-json\/wp\/v2\/types\/page"}],"author":[{"embeddable":true,"href":"https:\/\/www.neessen.nl\/de\/wp-json\/wp\/v2\/users\/1"}],"replies":[{"embeddable":true,"href":"https:\/\/www.neessen.nl\/de\/wp-json\/wp\/v2\/comments?post=2300"}],"version-history":[{"count":6,"href":"https:\/\/www.neessen.nl\/de\/wp-json\/wp\/v2\/pages\/2300\/revisions"}],"predecessor-version":[{"id":4994,"href":"https:\/\/www.neessen.nl\/de\/wp-json\/wp\/v2\/pages\/2300\/revisions\/4994"}],"up":[{"embeddable":true,"href":"https:\/\/www.neessen.nl\/de\/wp-json\/wp\/v2\/pages\/2048"}],"wp:attachment":[{"href":"https:\/\/www.neessen.nl\/de\/wp-json\/wp\/v2\/media?parent=2300"}],"curies":[{"name":"wp","href":"https:\/\/api.w.org\/{rel}","templated":true}]}}