{"id":2292,"date":"2022-11-17T11:54:52","date_gmt":"2022-11-17T10:54:52","guid":{"rendered":"https:\/\/www.neessen.nl\/middentijdse-aardbeienrassen\/sonsation\/"},"modified":"2026-01-20T02:31:52","modified_gmt":"2026-01-20T01:31:52","slug":"sonsation","status":"publish","type":"page","link":"https:\/\/www.neessen.nl\/de\/neessen-aardbei-en-aspergeplanten\/aardbeienplanten\/rassen\/middentijdse-aardbeienrassen\/sonsation\/","title":{"rendered":"Sonsation"},"content":{"rendered":"<p>[et_pb_section fb_built=&#8220;1&#8243; fullwidth=&#8220;on&#8220; admin_label=&#8220;Header 3 aarbeien&#8220; _builder_version=&#8220;4.19.4&#8243; _module_preset=&#8220;default&#8220; global_module=&#8220;2386&#8243; saved_tabs=&#8220;all&#8220; global_colors_info=&#8220;{}&#8220;][et_pb_fullwidth_image src=&#8220;https:\/\/www.neessen.nl\/wp-content\/uploads\/2023\/01\/neessen_header1.jpg&#8220; title_text=&#8220;neessen_header1&#8243; _builder_version=&#8220;4.19.4&#8243; _module_preset=&#8220;default&#8220; global_colors_info=&#8220;{}&#8220;][\/et_pb_fullwidth_image][\/et_pb_section][et_pb_section fb_built=&#8220;1&#8243; admin_label=&#8220;section&#8220; _builder_version=&#8220;4.16&#8243; global_colors_info=&#8220;{}&#8220;][et_pb_row admin_label=&#8220;Rij&#8220; _builder_version=&#8220;4.16&#8243; background_size=&#8220;initial&#8220; background_position=&#8220;top_left&#8220; background_repeat=&#8220;repeat&#8220; custom_margin=&#8220;0px|||&#8220; custom_padding=&#8220;0px|||&#8220; make_fullwidth=&#8220;off&#8220; use_custom_width=&#8220;off&#8220; width_unit=&#8220;on&#8220; global_colors_info=&#8220;{}&#8220;][et_pb_column type=&#8220;4_4&#8243; _builder_version=&#8220;4.16&#8243; custom_padding=&#8220;|||&#8220; global_colors_info=&#8220;{}&#8220; custom_padding__hover=&#8220;|||&#8220;][et_pb_text admin_label=&#8220;Titel&#8220; _builder_version=&#8220;4.19.4&#8243; text_font_size=&#8220;66&#8243; background_size=&#8220;initial&#8220; background_position=&#8220;top_left&#8220; background_repeat=&#8220;repeat&#8220; custom_margin=&#8220;21px||11px|||&#8220; text_font_size_tablet=&#8220;40px&#8220; text_font_size_phone=&#8220;30px&#8220; text_font_size_last_edited=&#8220;on|phone&#8220; use_border_color=&#8220;off&#8220; border_color=&#8220;#ffffff&#8220; border_style=&#8220;solid&#8220; global_colors_info=&#8220;{}&#8220;]<\/p>\n<p style=\"padding-left: 20px;\">Sonsation<\/p>\n<p>[\/et_pb_text][\/et_pb_column][\/et_pb_row][et_pb_row admin_label=&#8220;Rij&#8220; _builder_version=&#8220;4.16&#8243; background_size=&#8220;initial&#8220; background_position=&#8220;top_left&#8220; background_repeat=&#8220;repeat&#8220; make_fullwidth=&#8220;off&#8220; use_custom_width=&#8220;off&#8220; width_unit=&#8220;on&#8220; global_colors_info=&#8220;{}&#8220;][et_pb_column type=&#8220;4_4&#8243; _builder_version=&#8220;4.16&#8243; custom_padding=&#8220;|||&#8220; global_colors_info=&#8220;{}&#8220; custom_padding__hover=&#8220;|||&#8220;][et_pb_image align_tablet=&#8220;center&#8220; align_phone=&#8220;center&#8220; align_last_edited=&#8220;on|desktop&#8220; admin_label=&#8220;Afbeelding&#8220; _builder_version=&#8220;4.16&#8243; use_border_color=&#8220;off&#8220; border_color=&#8220;#ffffff&#8220; border_style=&#8220;solid&#8220; animation=&#8220;off&#8220; sticky=&#8220;off&#8220; always_center_on_mobile=&#8220;on&#8220; global_colors_info=&#8220;{}&#8220;][\/et_pb_image][\/et_pb_column][\/et_pb_row][et_pb_row admin_label=&#8220;Rij&#8220; _builder_version=&#8220;4.16&#8243; background_size=&#8220;initial&#8220; background_position=&#8220;top_left&#8220; background_repeat=&#8220;repeat&#8220; global_colors_info=&#8220;{}&#8220;][et_pb_column type=&#8220;4_4&#8243; _builder_version=&#8220;4.16&#8243; custom_padding=&#8220;|||&#8220; global_colors_info=&#8220;{}&#8220; custom_padding__hover=&#8220;|||&#8220;][et_pb_text admin_label=&#8220;Tekst&#8220; _builder_version=&#8220;4.19.4&#8243; background_size=&#8220;initial&#8220; background_position=&#8220;top_left&#8220; background_repeat=&#8220;repeat&#8220; use_border_color=&#8220;off&#8220; border_color=&#8220;#ffffff&#8220; border_style=&#8220;solid&#8220; global_colors_info=&#8220;{}&#8220;]<\/p>\n<p style=\"text-align: left;\"><strong>Sonsation ist eine schmackhafte Zwischensaisonsorte, die Erdbeeren sind saftig und haben einen guten Geschmack. Sie sind sch\u00f6n gl\u00e4nzend und lassen sich auch leicht pfl\u00fccken. Die Pflanzen haben eine hohe Toleranz gegen\u00fcber <em>Phytophtora cactorum<\/em>.<\/strong><\/p>\n<p>[\/et_pb_text][et_pb_image src=&#8220;https:\/\/www.neessen.nl\/wp-content\/uploads\/2026\/01\/2212_eigenschappen-rassen_NL_eigenschappen_sonsationDU-1.png&#8220; title_text=&#8220;2212_eigenschappen rassen_NL_eigenschappen_sonsationDU-1&#8243; align_tablet=&#8220;center&#8220; align_phone=&#8220;center&#8220; align_last_edited=&#8220;on|desktop&#8220; admin_label=&#8220;Afbeelding eigenschappen&#8220; _builder_version=&#8220;4.27.5&#8243; custom_margin=&#8220;0px|||&#8220; hover_enabled=&#8220;0&#8243; use_border_color=&#8220;off&#8220; border_color=&#8220;#ffffff&#8220; border_style=&#8220;solid&#8220; animation=&#8220;off&#8220; sticky=&#8220;off&#8220; always_center_on_mobile=&#8220;on&#8220; global_colors_info=&#8220;{}&#8220; sticky_enabled=&#8220;0&#8243;][\/et_pb_image][et_pb_text admin_label=&#8220;Plant eigenschappen&#8220; _builder_version=&#8220;4.19.4&#8243; background_size=&#8220;initial&#8220; background_position=&#8220;top_left&#8220; background_repeat=&#8220;repeat&#8220; use_border_color=&#8220;off&#8220; border_color=&#8220;#ffffff&#8220; border_style=&#8220;solid&#8220; global_colors_info=&#8220;{}&#8220;]<\/p>\n<h3>Pflanzeneigenschaften<\/h3>\n<p>Sonsation ist eine pflegeleichte Pflanze, die Pflanzen sind kompakt und die Bl\u00e4tter aufrecht. Die Bl\u00fctentrauben befinden sich zwischen den Bl\u00e4ttern, so dass sie gut vor Frost gesch\u00fctzt sind. Die Bl\u00fcten produzieren Pollen von guter Qualit\u00e4t, was eine gute Ernte garantiert. Sonsation ist eine Zwischensaison-Rasse. Die Fr\u00fcchte haben einen guten Geschmack, daher isst man sie lieber in einem Zug. Die Fr\u00fcchte sind sch\u00f6n gl\u00e4nzend und haben eine sch\u00f6ne Farbe.<\/p>\n<div>\u00a0<\/div>\n<p>[\/et_pb_text][et_pb_text admin_label=&#8220;Ziekten en plagen&#8220; _builder_version=&#8220;4.19.4&#8243; background_size=&#8220;initial&#8220; background_position=&#8220;top_left&#8220; background_repeat=&#8220;repeat&#8220; use_border_color=&#8220;off&#8220; border_color=&#8220;#ffffff&#8220; border_style=&#8220;solid&#8220; global_colors_info=&#8220;{}&#8220;]<\/p>\n<h3>Resistenz gegen Krankheiten und Sch\u00e4dlinge<\/h3>\n<p>Sonsation hat eine gute Toleranz gegen\u00fcber <em>Phytophtora cactorum<\/em> und ist unter guten Bedingungen resistent gegen Mehltau.<\/p>\n<p>[\/et_pb_text][\/et_pb_column][\/et_pb_row][et_pb_row admin_label=&#8220;Rij&#8220; _builder_version=&#8220;4.16&#8243; background_size=&#8220;initial&#8220; background_position=&#8220;top_left&#8220; background_repeat=&#8220;repeat&#8220; global_colors_info=&#8220;{}&#8220;][et_pb_column type=&#8220;4_4&#8243; _builder_version=&#8220;4.16&#8243; custom_padding=&#8220;|||&#8220; global_colors_info=&#8220;{}&#8220; custom_padding__hover=&#8220;|||&#8220;][et_pb_text admin_label=&#8220;Beschikbaar als&#8220; _builder_version=&#8220;4.19.4&#8243; background_size=&#8220;initial&#8220; background_position=&#8220;top_left&#8220; background_repeat=&#8220;repeat&#8220; use_border_color=&#8220;off&#8220; border_color=&#8220;#ffffff&#8220; border_style=&#8220;solid&#8220; global_colors_info=&#8220;{}&#8220;]<\/p>\n<h1>Verf\u00fcgbar als:<\/h1>\n<p>[\/et_pb_text][et_pb_image src=&#8220;https:\/\/www.neessen.nl\/wp-content\/uploads\/2023\/02\/2212_eigenschappen-rassen_NL_sorteringen_darselect_elsanta_falco_flair_opera_parlando_rumba_sonata_sonsation_twist_verdiDU-1.png&#8220; title_text=&#8220;2212_eigenschappen rassen_NL_sorteringen_darselect_elsanta_falco_flair_opera_parlando_rumba_sonata_sonsation_twist_verdiDU-1&#8243; align_tablet=&#8220;center&#8220; align_phone=&#8220;center&#8220; align_last_edited=&#8220;on|desktop&#8220; admin_label=&#8220;Afbeelding sorteringen&#8220; _builder_version=&#8220;4.19.4&#8243; use_border_color=&#8220;off&#8220; border_color=&#8220;#ffffff&#8220; border_style=&#8220;solid&#8220; animation=&#8220;off&#8220; sticky=&#8220;off&#8220; always_center_on_mobile=&#8220;on&#8220; global_colors_info=&#8220;{}&#8220;][\/et_pb_image][\/et_pb_column][\/et_pb_row][et_pb_row admin_label=&#8220;Rij&#8220; _builder_version=&#8220;4.16&#8243; background_size=&#8220;initial&#8220; background_position=&#8220;top_left&#8220; background_repeat=&#8220;repeat&#8220; global_colors_info=&#8220;{}&#8220;][et_pb_column type=&#8220;4_4&#8243; _builder_version=&#8220;4.16&#8243; custom_padding=&#8220;|||&#8220; global_colors_info=&#8220;{}&#8220; custom_padding__hover=&#8220;|||&#8220;][et_pb_cta title=&#8220;Sortenbeschreibung PDF &#8220; button_url=&#8220;https:\/\/www.neessen.nl\/wp-content\/uploads\/2023\/01\/FLEVOBERRY-A4Flyer-Sonsation-1119.pdf&#8220; url_new_window=&#8220;on&#8220; button_text=&#8220;Herunterladen&#8220; admin_label=&#8220;Oproep tot actie&#8220; _builder_version=&#8220;4.19.4&#8243; background_size=&#8220;initial&#8220; background_position=&#8220;top_left&#8220; background_repeat=&#8220;repeat&#8220; use_border_color=&#8220;off&#8220; border_color=&#8220;#ffffff&#8220; border_style=&#8220;solid&#8220; button_letter_spacing_hover=&#8220;0&#8243; saved_tabs=&#8220;all&#8220; global_colors_info=&#8220;{}&#8220; button_text_size__hover_enabled=&#8220;off&#8220; button_one_text_size__hover_enabled=&#8220;off&#8220; button_two_text_size__hover_enabled=&#8220;off&#8220; button_text_color__hover_enabled=&#8220;off&#8220; button_one_text_color__hover_enabled=&#8220;off&#8220; button_two_text_color__hover_enabled=&#8220;off&#8220; button_border_width__hover_enabled=&#8220;off&#8220; button_one_border_width__hover_enabled=&#8220;off&#8220; button_two_border_width__hover_enabled=&#8220;off&#8220; button_border_color__hover_enabled=&#8220;off&#8220; button_one_border_color__hover_enabled=&#8220;off&#8220; button_two_border_color__hover_enabled=&#8220;off&#8220; button_border_radius__hover_enabled=&#8220;off&#8220; button_one_border_radius__hover_enabled=&#8220;off&#8220; button_two_border_radius__hover_enabled=&#8220;off&#8220; button_letter_spacing__hover_enabled=&#8220;on&#8220; button_letter_spacing__hover=&#8220;0&#8243; button_one_letter_spacing__hover_enabled=&#8220;off&#8220; button_two_letter_spacing__hover_enabled=&#8220;off&#8220; button_bg_color__hover_enabled=&#8220;off&#8220; button_one_bg_color__hover_enabled=&#8220;off&#8220; button_two_bg_color__hover_enabled=&#8220;off&#8220;][\/et_pb_cta][\/et_pb_column][\/et_pb_row][\/et_pb_section]<\/p>\n","protected":false},"excerpt":{"rendered":"<p>SonsationSonsation ist eine schmackhafte Zwischensaisonsorte, die Erdbeeren sind saftig und haben einen guten Geschmack. Sie sind sch\u00f6n gl\u00e4nzend und lassen sich auch leicht pfl\u00fccken. Die Pflanzen haben eine hohe Toleranz gegen\u00fcber Phytophtora cactorum.Pflanzeneigenschaften Sonsation ist eine pflegeleichte Pflanze, die Pflanzen sind kompakt und die Bl\u00e4tter aufrecht. Die Bl\u00fctentrauben befinden sich zwischen den Bl\u00e4ttern, so dass [&hellip;]<\/p>\n","protected":false},"author":3,"featured_media":0,"parent":2048,"menu_order":4,"comment_status":"closed","ping_status":"closed","template":"","meta":{"_et_pb_use_builder":"on","_et_pb_old_content":"","_et_gb_content_width":""},"acf":[],"_links":{"self":[{"href":"https:\/\/www.neessen.nl\/de\/wp-json\/wp\/v2\/pages\/2292"}],"collection":[{"href":"https:\/\/www.neessen.nl\/de\/wp-json\/wp\/v2\/pages"}],"about":[{"href":"https:\/\/www.neessen.nl\/de\/wp-json\/wp\/v2\/types\/page"}],"author":[{"embeddable":true,"href":"https:\/\/www.neessen.nl\/de\/wp-json\/wp\/v2\/users\/3"}],"replies":[{"embeddable":true,"href":"https:\/\/www.neessen.nl\/de\/wp-json\/wp\/v2\/comments?post=2292"}],"version-history":[{"count":7,"href":"https:\/\/www.neessen.nl\/de\/wp-json\/wp\/v2\/pages\/2292\/revisions"}],"predecessor-version":[{"id":6017,"href":"https:\/\/www.neessen.nl\/de\/wp-json\/wp\/v2\/pages\/2292\/revisions\/6017"}],"up":[{"embeddable":true,"href":"https:\/\/www.neessen.nl\/de\/wp-json\/wp\/v2\/pages\/2048"}],"wp:attachment":[{"href":"https:\/\/www.neessen.nl\/de\/wp-json\/wp\/v2\/media?parent=2292"}],"curies":[{"name":"wp","href":"https:\/\/api.w.org\/{rel}","templated":true}]}}