{"id":2281,"date":"2016-06-21T09:25:30","date_gmt":"2016-06-21T07:25:30","guid":{"rendered":"https:\/\/www.neessen.nl\/vroege-aardbeiden-rassen\/elvira\/"},"modified":"2023-05-08T15:21:40","modified_gmt":"2023-05-08T13:21:40","slug":"elvira","status":"publish","type":"page","link":"https:\/\/www.neessen.nl\/de\/neessen-aardbei-en-aspergeplanten\/aardbeienplanten\/rassen\/vroege-aardbeiden-rassen\/elvira\/","title":{"rendered":"Elvira"},"content":{"rendered":"<p>[et_pb_section fb_built=&#8220;1&#8243; fullwidth=&#8220;on&#8220; admin_label=&#8220;Header 3 aarbeien&#8220; _builder_version=&#8220;4.19.4&#8243; _module_preset=&#8220;default&#8220; global_module=&#8220;2386&#8243; saved_tabs=&#8220;all&#8220; global_colors_info=&#8220;{}&#8220;][et_pb_fullwidth_image src=&#8220;https:\/\/www.neessen.nl\/wp-content\/uploads\/2023\/01\/neessen_header1.jpg&#8220; title_text=&#8220;neessen_header1&#8243; _builder_version=&#8220;4.19.4&#8243; _module_preset=&#8220;default&#8220; global_colors_info=&#8220;{}&#8220;][\/et_pb_fullwidth_image][\/et_pb_section][et_pb_section fb_built=&#8220;1&#8243; admin_label=&#8220;section&#8220; _builder_version=&#8220;4.16&#8243; global_colors_info=&#8220;{}&#8220;][et_pb_row admin_label=&#8220;Rij&#8220; _builder_version=&#8220;4.16&#8243; background_size=&#8220;initial&#8220; background_position=&#8220;top_left&#8220; background_repeat=&#8220;repeat&#8220; custom_margin=&#8220;21px|auto|19px|auto||&#8220; custom_padding=&#8220;0px|||&#8220; make_fullwidth=&#8220;off&#8220; use_custom_width=&#8220;off&#8220; width_unit=&#8220;on&#8220; global_colors_info=&#8220;{}&#8220;][et_pb_column type=&#8220;4_4&#8243; _builder_version=&#8220;4.16&#8243; custom_padding=&#8220;|||&#8220; global_colors_info=&#8220;{}&#8220; custom_padding__hover=&#8220;|||&#8220;][et_pb_text admin_label=&#8220;Titel&#8220; _builder_version=&#8220;4.19.4&#8243; text_font_size=&#8220;66&#8243; background_size=&#8220;initial&#8220; background_position=&#8220;top_left&#8220; background_repeat=&#8220;repeat&#8220; hover_enabled=&#8220;0&#8243; text_font_size_tablet=&#8220;40px&#8220; text_font_size_phone=&#8220;30px&#8220; text_font_size_last_edited=&#8220;on|phone&#8220; use_border_color=&#8220;off&#8220; border_color=&#8220;#ffffff&#8220; border_style=&#8220;solid&#8220; global_colors_info=&#8220;{}&#8220; sticky_enabled=&#8220;0&#8243;]<\/p>\n<p>Elvira<\/p>\n<p>[\/et_pb_text][\/et_pb_column][\/et_pb_row][et_pb_row admin_label=&#8220;Rij&#8220; _builder_version=&#8220;4.16&#8243; background_size=&#8220;initial&#8220; background_position=&#8220;top_left&#8220; background_repeat=&#8220;repeat&#8220; global_colors_info=&#8220;{}&#8220;][et_pb_column type=&#8220;4_4&#8243; _builder_version=&#8220;4.16&#8243; custom_padding=&#8220;|||&#8220; global_colors_info=&#8220;{}&#8220; custom_padding__hover=&#8220;|||&#8220;][et_pb_text admin_label=&#8220;Tekst&#8220; _builder_version=&#8220;4.19.4&#8243; background_size=&#8220;initial&#8220; background_position=&#8220;top_left&#8220; background_repeat=&#8220;repeat&#8220; use_border_color=&#8220;off&#8220; border_color=&#8220;#ffffff&#8220; border_style=&#8220;solid&#8220; global_colors_info=&#8220;{}&#8220;]<\/p>\n<div id=\"content-content\" class=\"clear-block\">\n<div id=\"node-48\" class=\"node clear-block\">\n<div class=\"content\">\n<p><strong>Elvira ist eine fr\u00fche Erdbeersorte, die gut unter Plastiktunneln gedeiht. Die Ernte ist niedrig und offen. Die Fr\u00fcchte haben einen guten Geschmack. Elvira hat eine moderate Wachstumsrate und eine offene Pflanzenart mit ziemlich kurzen Blattstielen. Die Bl\u00fctezeit von Elvira liegt in der Zwischensaison und bringt ziemlich gro\u00dfe Bl\u00fcten mit gut entwickelten Staubbl\u00e4ttern hervor. Elviras Produktivit\u00e4t ist sehr gut. Auch der niedrige offene Bestand f\u00f6rdert die Pfl\u00fcckleistung. Die Fr\u00fcchte sind gro\u00df, gleichm\u00e4\u00dfig und kegelf\u00f6rmig. Sie sind gl\u00e4nzend leuchtend rot mit eingefallenen gelben und roten Samen. Die Fr\u00fcchte sind fest, saftig und haben einen guten Geschmack.<\/strong><\/p>\n<\/div>\n<\/div>\n<\/div>\n<p>[\/et_pb_text][et_pb_image src=&#8220;https:\/\/www.neessen.nl\/wp-content\/uploads\/2023\/02\/2212_eigenschappen-rassen_NL_eigenschappen_elviraDU-1.png&#8220; title_text=&#8220;2212_eigenschappen rassen_NL_eigenschappen_elviraDU-1&#8243; align_tablet=&#8220;center&#8220; align_phone=&#8220;center&#8220; align_last_edited=&#8220;on|desktop&#8220; admin_label=&#8220;Afbeelding eigenschappen&#8220; _builder_version=&#8220;4.19.4&#8243; animation=&#8220;off&#8220; use_border_color=&#8220;off&#8220; border_color=&#8220;#ffffff&#8220; border_style=&#8220;solid&#8220; sticky=&#8220;off&#8220; always_center_on_mobile=&#8220;on&#8220; global_colors_info=&#8220;{}&#8220;][\/et_pb_image][et_pb_text admin_label=&#8220;Tekst&#8220; _builder_version=&#8220;4.19.4&#8243; background_size=&#8220;initial&#8220; background_position=&#8220;top_left&#8220; background_repeat=&#8220;repeat&#8220; use_border_color=&#8220;off&#8220; border_color=&#8220;#ffffff&#8220; border_style=&#8220;solid&#8220; global_colors_info=&#8220;{}&#8220;]<\/p>\n<div id=\"content-content\" class=\"clear-block\">\n<div id=\"node-48\" class=\"node clear-block\">\n<div class=\"content\">\n<h3>Krankheitsresistenz<\/h3>\n<p>Elvira ist anf\u00e4llig f\u00fcr <em>Sphaerotheca macularis<\/em>; m\u00e4\u00dfig anf\u00e4llig f\u00fcr <em>Phytophthora fragariae<\/em>; wenig anf\u00e4llig f\u00fcr <em>Botrytis cienera<\/em> und <em>Verticillium Dahliae<\/em>.<\/p>\n<\/div>\n<\/div>\n<\/div>\n<p>[\/et_pb_text][\/et_pb_column][\/et_pb_row][et_pb_row admin_label=&#8220;Rij&#8220; _builder_version=&#8220;4.16&#8243; background_size=&#8220;initial&#8220; background_position=&#8220;top_left&#8220; background_repeat=&#8220;repeat&#8220; global_colors_info=&#8220;{}&#8220;][et_pb_column type=&#8220;4_4&#8243; _builder_version=&#8220;4.16&#8243; custom_padding=&#8220;|||&#8220; global_colors_info=&#8220;{}&#8220; custom_padding__hover=&#8220;|||&#8220;][et_pb_text admin_label=&#8220;Beschikbaar als&#8220; _builder_version=&#8220;4.19.4&#8243; background_size=&#8220;initial&#8220; background_position=&#8220;top_left&#8220; background_repeat=&#8220;repeat&#8220; use_border_color=&#8220;off&#8220; border_color=&#8220;#ffffff&#8220; border_style=&#8220;solid&#8220; global_colors_info=&#8220;{}&#8220;]<\/p>\n<h1>Verf\u00fcgbar als:<\/h1>\n<p>[\/et_pb_text][et_pb_image src=&#8220;https:\/\/www.neessen.nl\/wp-content\/uploads\/2023\/02\/2212_eigenschappen-rassen_NL_sorteringen_daroyal_elvira_florence_honeoye_kent_malwina_senga-sengana_tenira_vivaldiDU-1.png&#8220; title_text=&#8220;2212_eigenschappen rassen_NL_sorteringen_daroyal_elvira_florence_honeoye_kent_malwina_senga sengana_tenira_vivaldiDU-1&#8243; align_tablet=&#8220;center&#8220; align_phone=&#8220;center&#8220; align_last_edited=&#8220;on|desktop&#8220; admin_label=&#8220;Afbeelding sorteringen&#8220; _builder_version=&#8220;4.19.4&#8243; animation=&#8220;off&#8220; use_border_color=&#8220;off&#8220; border_color=&#8220;#ffffff&#8220; border_style=&#8220;solid&#8220; sticky=&#8220;off&#8220; always_center_on_mobile=&#8220;on&#8220; global_colors_info=&#8220;{}&#8220;][\/et_pb_image][\/et_pb_column][\/et_pb_row][\/et_pb_section]<\/p>\n","protected":false},"excerpt":{"rendered":"<p>Elvira Elvira ist eine fr\u00fche Erdbeersorte, die gut unter Plastiktunneln gedeiht. Die Ernte ist niedrig und offen. Die Fr\u00fcchte haben einen guten Geschmack. Elvira hat eine moderate Wachstumsrate und eine offene Pflanzenart mit ziemlich kurzen Blattstielen. Die Bl\u00fctezeit von Elvira liegt in der Zwischensaison und bringt ziemlich gro\u00dfe Bl\u00fcten mit gut entwickelten Staubbl\u00e4ttern hervor. Elviras [&hellip;]<\/p>\n","protected":false},"author":1,"featured_media":0,"parent":2041,"menu_order":11,"comment_status":"closed","ping_status":"closed","template":"","meta":{"_et_pb_use_builder":"on","_et_pb_old_content":"<div id=\"content-content\" class=\"clear-block\"><div id=\"node-48\" class=\"node clear-block\"><div class=\"content\"><p>Elvira is een vroeg aardbeienras dat het goed doet onder plastic tunnels. Het gewas is laag en open. De vruchten zijn goed van smaak.<\/p><h2>Groei<\/h2><p>Elvira heeft een matige groeisnelheid en is een open planttype met tamelijk korte bladstelen.<\/p><h2>Bloei<\/h2><p>De bloeitijd van Elvira is middentijds en geeft tamelijk grote bloemen met goed ontwikkelde meeldraden.<\/p><h2>Productiviteit<\/h2><p>De productiviteit van Elvira is zeer goed. Het lage open gewas is daarnaast bevorderlijk voor de pluk prestatie.<\/p><h2>Vrucht<\/h2><p>Elvira is een tamelijk vroeg ras. De vruchten zijn groot, gelijkmatig en kegelvormig. Ze zijn glanzend helderrood met ingezonken gele en rode zaadjes. De vruchten zijn stevig, sappig en goed van smaak.<\/p><h2>Ziekten en beschadigingen<\/h2><p>Elvira is gevoelig voor de volgende ziektes:<\/p><ul><li>Vatbaar voor meeldauw (Sphaerotheca macularis)<\/li><li>Matig vatbaar voor roodwortelrot (Phytophthora fragariae)<\/li><li>Weinig vatbaar voor vruchtrot (Botrytis cinerea)<\/li><li>Weinig vatbaar voor verwelkingsziektes (Verticillium Dahliae)<\/li><\/ul><\/div><\/div><\/div>","_et_gb_content_width":""},"acf":[],"_links":{"self":[{"href":"https:\/\/www.neessen.nl\/de\/wp-json\/wp\/v2\/pages\/2281"}],"collection":[{"href":"https:\/\/www.neessen.nl\/de\/wp-json\/wp\/v2\/pages"}],"about":[{"href":"https:\/\/www.neessen.nl\/de\/wp-json\/wp\/v2\/types\/page"}],"author":[{"embeddable":true,"href":"https:\/\/www.neessen.nl\/de\/wp-json\/wp\/v2\/users\/1"}],"replies":[{"embeddable":true,"href":"https:\/\/www.neessen.nl\/de\/wp-json\/wp\/v2\/comments?post=2281"}],"version-history":[{"count":6,"href":"https:\/\/www.neessen.nl\/de\/wp-json\/wp\/v2\/pages\/2281\/revisions"}],"predecessor-version":[{"id":4968,"href":"https:\/\/www.neessen.nl\/de\/wp-json\/wp\/v2\/pages\/2281\/revisions\/4968"}],"up":[{"embeddable":true,"href":"https:\/\/www.neessen.nl\/de\/wp-json\/wp\/v2\/pages\/2041"}],"wp:attachment":[{"href":"https:\/\/www.neessen.nl\/de\/wp-json\/wp\/v2\/media?parent=2281"}],"curies":[{"name":"wp","href":"https:\/\/api.w.org\/{rel}","templated":true}]}}