{"id":2270,"date":"2016-06-21T09:20:23","date_gmt":"2016-06-21T07:20:23","guid":{"rendered":"https:\/\/www.neessen.nl\/vroege-aardbeiden-rassen\/daroyal\/"},"modified":"2023-05-08T15:20:42","modified_gmt":"2023-05-08T13:20:42","slug":"daroyal","status":"publish","type":"page","link":"https:\/\/www.neessen.nl\/de\/neessen-aardbei-en-aspergeplanten\/aardbeienplanten\/rassen\/vroege-aardbeiden-rassen\/daroyal\/","title":{"rendered":"Daroyal"},"content":{"rendered":"<p>[et_pb_section fb_built=&#8220;1&#8243; fullwidth=&#8220;on&#8220; admin_label=&#8220;Header 3 aarbeien&#8220; _builder_version=&#8220;4.19.4&#8243; _module_preset=&#8220;default&#8220; global_module=&#8220;2386&#8243; saved_tabs=&#8220;all&#8220; global_colors_info=&#8220;{}&#8220;][et_pb_fullwidth_image src=&#8220;https:\/\/www.neessen.nl\/wp-content\/uploads\/2023\/01\/neessen_header1.jpg&#8220; title_text=&#8220;neessen_header1&#8243; _builder_version=&#8220;4.19.4&#8243; _module_preset=&#8220;default&#8220; global_colors_info=&#8220;{}&#8220;][\/et_pb_fullwidth_image][\/et_pb_section][et_pb_section fb_built=&#8220;1&#8243; admin_label=&#8220;section&#8220; _builder_version=&#8220;4.16&#8243; global_colors_info=&#8220;{}&#8220;][et_pb_row admin_label=&#8220;Rij&#8220; _builder_version=&#8220;4.16&#8243; background_size=&#8220;initial&#8220; background_position=&#8220;top_left&#8220; background_repeat=&#8220;repeat&#8220; custom_margin=&#8220;0px|||&#8220; custom_padding=&#8220;0px|||&#8220; make_fullwidth=&#8220;off&#8220; use_custom_width=&#8220;off&#8220; width_unit=&#8220;on&#8220; global_colors_info=&#8220;{}&#8220;][et_pb_column type=&#8220;4_4&#8243; _builder_version=&#8220;4.16&#8243; custom_padding=&#8220;|||&#8220; global_colors_info=&#8220;{}&#8220; custom_padding__hover=&#8220;|||&#8220;][et_pb_text admin_label=&#8220;Titel&#8220; _builder_version=&#8220;4.19.4&#8243; text_font_size=&#8220;66&#8243; background_size=&#8220;initial&#8220; background_position=&#8220;top_left&#8220; background_repeat=&#8220;repeat&#8220; custom_margin=&#8220;24px|||||&#8220; hover_enabled=&#8220;0&#8243; text_font_size_tablet=&#8220;40px&#8220; text_font_size_phone=&#8220;30px&#8220; text_font_size_last_edited=&#8220;on|phone&#8220; use_border_color=&#8220;off&#8220; border_color=&#8220;#ffffff&#8220; border_style=&#8220;solid&#8220; global_colors_info=&#8220;{}&#8220; sticky_enabled=&#8220;0&#8243;]<\/p>\n<p style=\"padding-left: 60px;\">Daroyal<\/p>\n<p>[\/et_pb_text][\/et_pb_column][\/et_pb_row][et_pb_row admin_label=&#8220;Rij&#8220; _builder_version=&#8220;4.16&#8243; background_size=&#8220;initial&#8220; background_position=&#8220;top_left&#8220; background_repeat=&#8220;repeat&#8220; make_fullwidth=&#8220;off&#8220; use_custom_width=&#8220;off&#8220; width_unit=&#8220;on&#8220; global_colors_info=&#8220;{}&#8220;][et_pb_column type=&#8220;4_4&#8243; _builder_version=&#8220;4.16&#8243; custom_padding=&#8220;|||&#8220; global_colors_info=&#8220;{}&#8220; custom_padding__hover=&#8220;|||&#8220;][et_pb_image align_tablet=&#8220;center&#8220; align_phone=&#8220;center&#8220; align_last_edited=&#8220;on|desktop&#8220; admin_label=&#8220;Afbeelding&#8220; _builder_version=&#8220;4.16&#8243; animation=&#8220;off&#8220; use_border_color=&#8220;off&#8220; border_color=&#8220;#ffffff&#8220; border_style=&#8220;solid&#8220; sticky=&#8220;off&#8220; always_center_on_mobile=&#8220;on&#8220; global_colors_info=&#8220;{}&#8220;][\/et_pb_image][\/et_pb_column][\/et_pb_row][et_pb_row admin_label=&#8220;Rij&#8220; _builder_version=&#8220;4.16&#8243; background_size=&#8220;initial&#8220; background_position=&#8220;top_left&#8220; background_repeat=&#8220;repeat&#8220; global_colors_info=&#8220;{}&#8220;][et_pb_column type=&#8220;4_4&#8243; _builder_version=&#8220;4.16&#8243; custom_padding=&#8220;|||&#8220; global_colors_info=&#8220;{}&#8220; custom_padding__hover=&#8220;|||&#8220;][et_pb_text admin_label=&#8220;Tekst&#8220; _builder_version=&#8220;4.19.4&#8243; background_size=&#8220;initial&#8220; background_position=&#8220;top_left&#8220; background_repeat=&#8220;repeat&#8220; custom_margin=&#8220;19px|||||&#8220; use_border_color=&#8220;off&#8220; border_color=&#8220;#ffffff&#8220; border_style=&#8220;solid&#8220; global_colors_info=&#8220;{}&#8220;]<\/p>\n<p><strong>Daroyal ist eine fr\u00fche Sorte mit leckeren festen Erdbeeren.<\/strong><\/p>\n<p>[\/et_pb_text][et_pb_image src=&#8220;https:\/\/www.neessen.nl\/wp-content\/uploads\/2023\/02\/2212_eigenschappen-rassen_NL_eigenschappen_daroyalDU-1.png&#8220; title_text=&#8220;2212_eigenschappen rassen_NL_eigenschappen_daroyalDU-1&#8243; align_tablet=&#8220;center&#8220; align_phone=&#8220;center&#8220; align_last_edited=&#8220;on|desktop&#8220; admin_label=&#8220;Afbeelding eigenschappen&#8220; _builder_version=&#8220;4.19.4&#8243; animation=&#8220;off&#8220; use_border_color=&#8220;off&#8220; border_color=&#8220;#ffffff&#8220; border_style=&#8220;solid&#8220; sticky=&#8220;off&#8220; always_center_on_mobile=&#8220;on&#8220; global_colors_info=&#8220;{}&#8220;][\/et_pb_image][et_pb_text admin_label=&#8220;Tekst&#8220; _builder_version=&#8220;4.19.4&#8243; background_size=&#8220;initial&#8220; background_position=&#8220;top_left&#8220; background_repeat=&#8220;repeat&#8220; use_border_color=&#8220;off&#8220; border_color=&#8220;#ffffff&#8220; border_style=&#8220;solid&#8220; global_colors_info=&#8220;{}&#8220;]<\/p>\n<h3>Pflanzeneigenschaften<\/h3>\n<p>Pflanzen sind kr\u00e4ftig und vegetativ mit einer starken Wurzelkapazit\u00e4t. Die Pflanze hat eine gewisse Empfindlichkeit gegen\u00fcber Botrytis und eine m\u00e4\u00dfige Toleranz gegen\u00fcber Bodenkrankheiten, Versalzung und Winterh\u00e4rte. Wachsende Erfahrung zeigt einen K\u00fchlbedarf von 800 Stunden unter +7\u00baC.<\/p>\n<p>[\/et_pb_text][et_pb_text admin_label=&#8220;Plant eigenschappen&#8220; _builder_version=&#8220;4.19.4&#8243; background_size=&#8220;initial&#8220; background_position=&#8220;top_left&#8220; background_repeat=&#8220;repeat&#8220; use_border_color=&#8220;off&#8220; border_color=&#8220;#ffffff&#8220; border_style=&#8220;solid&#8220; global_colors_info=&#8220;{}&#8220;]<\/p>\n<h3>Fr\u00fcchte<\/h3>\n<p>Die Fr\u00fcchte haben eine attraktive, regelm\u00e4\u00dfige, konische Form. Die Schale dunkelt leicht nach, wenn die Fr\u00fcchte an der Pflanze reifen und wenn sie l\u00e4ngere Zeit im K\u00fchlschrank gelagert wurden. Sowohl die Haut als auch das Fruchtfleisch sind dunkelrot, aber die Frucht ist fester als Honeoye und hat ein gl\u00e4nzendes Aussehen. Der Anteil unverk\u00e4uflicher Fr\u00fcchte ist gering. Das durchschnittliche Beerengewicht ist h\u00f6her als bei Honeoye; Haltbarkeit ist \u00e4hnlich. Wenn sie geerntet werden, sind sie voll ausgereift, der Geschmack ist s\u00fc\u00df und die Textur saftig. Die Frucht ist etwas anf\u00e4llig f\u00fcr Botrytis.<\/p>\n<p>[\/et_pb_text][\/et_pb_column][\/et_pb_row][et_pb_row admin_label=&#8220;Rij&#8220; _builder_version=&#8220;4.16&#8243; background_size=&#8220;initial&#8220; background_position=&#8220;top_left&#8220; background_repeat=&#8220;repeat&#8220; global_colors_info=&#8220;{}&#8220;][et_pb_column type=&#8220;4_4&#8243; _builder_version=&#8220;4.16&#8243; custom_padding=&#8220;|||&#8220; global_colors_info=&#8220;{}&#8220; custom_padding__hover=&#8220;|||&#8220;][et_pb_text admin_label=&#8220;Beschikbaar als&#8220; _builder_version=&#8220;4.19.4&#8243; background_size=&#8220;initial&#8220; background_position=&#8220;top_left&#8220; background_repeat=&#8220;repeat&#8220; use_border_color=&#8220;off&#8220; border_color=&#8220;#ffffff&#8220; border_style=&#8220;solid&#8220; global_colors_info=&#8220;{}&#8220;]<\/p>\n<h1>Verf\u00fcgbar als:<\/h1>\n<p>[\/et_pb_text][et_pb_image src=&#8220;https:\/\/www.neessen.nl\/wp-content\/uploads\/2023\/02\/2212_eigenschappen-rassen_NL_sorteringen_daroyal_elvira_florence_honeoye_kent_malwina_senga-sengana_tenira_vivaldiDU-1.png&#8220; title_text=&#8220;2212_eigenschappen rassen_NL_sorteringen_daroyal_elvira_florence_honeoye_kent_malwina_senga sengana_tenira_vivaldiDU-1&#8243; align_tablet=&#8220;center&#8220; align_phone=&#8220;center&#8220; align_last_edited=&#8220;on|desktop&#8220; admin_label=&#8220;Afbeelding sorteringen&#8220; _builder_version=&#8220;4.19.4&#8243; animation=&#8220;off&#8220; use_border_color=&#8220;off&#8220; border_color=&#8220;#ffffff&#8220; border_style=&#8220;solid&#8220; sticky=&#8220;off&#8220; always_center_on_mobile=&#8220;on&#8220; global_colors_info=&#8220;{}&#8220;][\/et_pb_image][\/et_pb_column][\/et_pb_row][\/et_pb_section]<\/p>\n","protected":false},"excerpt":{"rendered":"<p>DaroyalDaroyal ist eine fr\u00fche Sorte mit leckeren festen Erdbeeren.Pflanzeneigenschaften Pflanzen sind kr\u00e4ftig und vegetativ mit einer starken Wurzelkapazit\u00e4t. Die Pflanze hat eine gewisse Empfindlichkeit gegen\u00fcber Botrytis und eine m\u00e4\u00dfige Toleranz gegen\u00fcber Bodenkrankheiten, Versalzung und Winterh\u00e4rte. Wachsende Erfahrung zeigt einen K\u00fchlbedarf von 800 Stunden unter +7\u00baC.Fr\u00fcchte Die Fr\u00fcchte haben eine attraktive, regelm\u00e4\u00dfige, konische Form. Die Schale [&hellip;]<\/p>\n","protected":false},"author":1,"featured_media":0,"parent":2041,"menu_order":8,"comment_status":"closed","ping_status":"closed","template":"","meta":{"_et_pb_use_builder":"on","_et_pb_old_content":"<h2>Origin<\/h2><p>obtained from the natural crossing of two Inotalis varieties. Bred and registered by Darbonne - Inotalis. EU 16910 (27-02-06)<\/p><h2>Plant<\/h2><p>Plants are vigorous and vegetative with strong rooting capacity. \u2028Trusses are elongated. Plant has some susceptibility to Botrytis and moderate tolerance to soil diseases, salinity and winter hardiness. Growing experience indicates a chilling requirement of 800 hours under +7\u00baC.<\/p><h2>Fruit<\/h2><p>Daroyal berries have an appealing regular, conical shape. The skin is somewhat darker when left to mature on the plant and in extended cold storage. Both skin and flesh are dark red but fruit is firmer than Honeoye and has a glossy appearance.\u2028The percentage of unmarketable fruit is low. Average berry weight is higher than Honeoye; shelf life is similar to it. When picked fully ripen, the flavour is sweet and the texture is juicy. The fruit has some susceptibility to Botrytis.<\/p><h2>Harvesting<\/h2><p>To date the commercial yield of Daroyal has been slightly higher than Honeoye. The picking rate is similar to Honeoye.<\/p><h2>Agronomical characteristics<\/h2><p>Daroyal enables growers to start their season with quality fruit, and productive plants. The combination of Daroyal for early season, Darselect for main season and Daisy for late is the key for success. Daroyal is suitable for all types of retail outlets. For controlling vigour, it is recommended that the density of plants and nitrogen is reduced. For preserving quality and general appearance, it is important to harvest reg<\/p>","_et_gb_content_width":""},"acf":[],"_links":{"self":[{"href":"https:\/\/www.neessen.nl\/de\/wp-json\/wp\/v2\/pages\/2270"}],"collection":[{"href":"https:\/\/www.neessen.nl\/de\/wp-json\/wp\/v2\/pages"}],"about":[{"href":"https:\/\/www.neessen.nl\/de\/wp-json\/wp\/v2\/types\/page"}],"author":[{"embeddable":true,"href":"https:\/\/www.neessen.nl\/de\/wp-json\/wp\/v2\/users\/1"}],"replies":[{"embeddable":true,"href":"https:\/\/www.neessen.nl\/de\/wp-json\/wp\/v2\/comments?post=2270"}],"version-history":[{"count":7,"href":"https:\/\/www.neessen.nl\/de\/wp-json\/wp\/v2\/pages\/2270\/revisions"}],"predecessor-version":[{"id":4959,"href":"https:\/\/www.neessen.nl\/de\/wp-json\/wp\/v2\/pages\/2270\/revisions\/4959"}],"up":[{"embeddable":true,"href":"https:\/\/www.neessen.nl\/de\/wp-json\/wp\/v2\/pages\/2041"}],"wp:attachment":[{"href":"https:\/\/www.neessen.nl\/de\/wp-json\/wp\/v2\/media?parent=2270"}],"curies":[{"name":"wp","href":"https:\/\/api.w.org\/{rel}","templated":true}]}}