{"id":2267,"date":"2016-06-21T09:10:53","date_gmt":"2016-06-21T07:10:53","guid":{"rendered":"https:\/\/www.neessen.nl\/vroege-aardbeiden-rassen\/darselect\/"},"modified":"2023-05-08T15:20:24","modified_gmt":"2023-05-08T13:20:24","slug":"darselect","status":"publish","type":"page","link":"https:\/\/www.neessen.nl\/de\/neessen-aardbei-en-aspergeplanten\/aardbeienplanten\/rassen\/vroege-aardbeiden-rassen\/darselect\/","title":{"rendered":"Darselect"},"content":{"rendered":"<p>[et_pb_section fb_built=&#8220;1&#8243; fullwidth=&#8220;on&#8220; admin_label=&#8220;Header 3 aarbeien&#8220; _builder_version=&#8220;4.19.4&#8243; _module_preset=&#8220;default&#8220; global_module=&#8220;2386&#8243; saved_tabs=&#8220;all&#8220; global_colors_info=&#8220;{}&#8220;][et_pb_fullwidth_image src=&#8220;https:\/\/www.neessen.nl\/wp-content\/uploads\/2023\/01\/neessen_header1.jpg&#8220; title_text=&#8220;neessen_header1&#8243; _builder_version=&#8220;4.19.4&#8243; _module_preset=&#8220;default&#8220; global_colors_info=&#8220;{}&#8220;][\/et_pb_fullwidth_image][\/et_pb_section][et_pb_section fb_built=&#8220;1&#8243; admin_label=&#8220;section&#8220; _builder_version=&#8220;4.16&#8243; global_colors_info=&#8220;{}&#8220;][et_pb_row admin_label=&#8220;Rij&#8220; _builder_version=&#8220;4.16&#8243; background_size=&#8220;initial&#8220; background_position=&#8220;top_left&#8220; background_repeat=&#8220;repeat&#8220; min_height=&#8220;42.8px&#8220; custom_margin=&#8220;0px|||&#8220; custom_padding=&#8220;0px|||&#8220; make_fullwidth=&#8220;off&#8220; use_custom_width=&#8220;off&#8220; width_unit=&#8220;on&#8220; global_colors_info=&#8220;{}&#8220;][et_pb_column type=&#8220;4_4&#8243; _builder_version=&#8220;4.16&#8243; custom_padding=&#8220;|||&#8220; global_colors_info=&#8220;{}&#8220; custom_padding__hover=&#8220;|||&#8220;][et_pb_text admin_label=&#8220;Titel&#8220; _builder_version=&#8220;4.19.4&#8243; text_font_size=&#8220;66&#8243; background_size=&#8220;initial&#8220; background_position=&#8220;top_left&#8220; background_repeat=&#8220;repeat&#8220; custom_margin=&#8220;12px|||||&#8220; hover_enabled=&#8220;0&#8243; text_font_size_tablet=&#8220;40px&#8220; text_font_size_phone=&#8220;30px&#8220; text_font_size_last_edited=&#8220;on|phone&#8220; use_border_color=&#8220;off&#8220; border_color=&#8220;#ffffff&#8220; border_style=&#8220;solid&#8220; global_colors_info=&#8220;{}&#8220; sticky_enabled=&#8220;0&#8243;]<\/p>\n<p style=\"padding-left: 60px;\">Darselect<\/p>\n<p>[\/et_pb_text][\/et_pb_column][\/et_pb_row][et_pb_row admin_label=&#8220;Rij&#8220; _builder_version=&#8220;4.16&#8243; background_size=&#8220;initial&#8220; background_position=&#8220;top_left&#8220; background_repeat=&#8220;repeat&#8220; make_fullwidth=&#8220;off&#8220; use_custom_width=&#8220;off&#8220; width_unit=&#8220;on&#8220; global_colors_info=&#8220;{}&#8220;][et_pb_column type=&#8220;4_4&#8243; _builder_version=&#8220;4.16&#8243; custom_padding=&#8220;|||&#8220; global_colors_info=&#8220;{}&#8220; custom_padding__hover=&#8220;|||&#8220;][et_pb_image align_tablet=&#8220;center&#8220; align_phone=&#8220;center&#8220; align_last_edited=&#8220;on|desktop&#8220; admin_label=&#8220;Afbeelding&#8220; _builder_version=&#8220;4.16&#8243; animation=&#8220;off&#8220; use_border_color=&#8220;off&#8220; border_color=&#8220;#ffffff&#8220; border_style=&#8220;solid&#8220; sticky=&#8220;off&#8220; always_center_on_mobile=&#8220;on&#8220; global_colors_info=&#8220;{}&#8220;][\/et_pb_image][\/et_pb_column][\/et_pb_row][et_pb_row admin_label=&#8220;Rij&#8220; _builder_version=&#8220;4.16&#8243; background_size=&#8220;initial&#8220; background_position=&#8220;top_left&#8220; background_repeat=&#8220;repeat&#8220; global_colors_info=&#8220;{}&#8220;][et_pb_column type=&#8220;4_4&#8243; _builder_version=&#8220;4.16&#8243; custom_padding=&#8220;|||&#8220; global_colors_info=&#8220;{}&#8220; custom_padding__hover=&#8220;|||&#8220;][et_pb_text admin_label=&#8220;Tekst&#8220; _builder_version=&#8220;4.19.4&#8243; background_size=&#8220;initial&#8220; background_position=&#8220;top_left&#8220; background_repeat=&#8220;repeat&#8220; use_border_color=&#8220;off&#8220; border_color=&#8220;#ffffff&#8220; border_style=&#8220;solid&#8220; global_colors_info=&#8220;{}&#8220;]<\/p>\n<p><strong>Darselect ist eine kr\u00e4ftige Pflanze mit dunkelgr\u00fcnen Bl\u00e4ttern und einer hohen Wurzelkapazit\u00e4t. Die Pflanzen ben\u00f6tigen viel Wasser und sind semitolerant gegen\u00fcber Phytophtora cactorum und empfindlich gegen\u00fcber <em>Verticilium<\/em>.<\/strong><\/p>\n<p>[\/et_pb_text][et_pb_image src=&#8220;https:\/\/www.neessen.nl\/wp-content\/uploads\/2023\/02\/2212_eigenschappen-rassen_NL_eigenschappen_darselectDU-1.png&#8220; title_text=&#8220;2212_eigenschappen rassen_NL_eigenschappen_darselectDU-1&#8243; align_tablet=&#8220;center&#8220; align_phone=&#8220;center&#8220; align_last_edited=&#8220;on|desktop&#8220; admin_label=&#8220;Afbeelding eigenschappen&#8220; _builder_version=&#8220;4.19.4&#8243; animation=&#8220;off&#8220; use_border_color=&#8220;off&#8220; border_color=&#8220;#ffffff&#8220; border_style=&#8220;solid&#8220; sticky=&#8220;off&#8220; always_center_on_mobile=&#8220;on&#8220; global_colors_info=&#8220;{}&#8220;][\/et_pb_image][et_pb_text admin_label=&#8220;Oogst en vrucht setting&#8220; _builder_version=&#8220;4.19.4&#8243; background_size=&#8220;initial&#8220; background_position=&#8220;top_left&#8220; background_repeat=&#8220;repeat&#8220; use_border_color=&#8220;off&#8220; border_color=&#8220;#ffffff&#8220; border_style=&#8220;solid&#8220; global_colors_info=&#8220;{}&#8220;]<\/p>\n<h3>Ernte und Fruchtansatz<\/h3>\n<p>Die Fr\u00fcchte sind l\u00e4nglich und kegelf\u00f6rmig, manchmal mit einem flachen und quadratischen Ende. Die Form der ersten Fr\u00fcchte kann etwas anders sein. Die Formunterschiede werden durch unzureichende oder \u00fcberm\u00e4\u00dfige K\u00e4lte im Winter verursacht. Dadurch entstehen Fruchtunterschiede, obwohl die Bl\u00fcten gut ged\u00fcngt sind. Die Anzahl der Fr\u00fcchte, die von einer Pflanze gepfl\u00fcckt werden k\u00f6nnen, ist im Vergleich zu Elsanta geringer, aber das Gesamtgewicht in einer Saison ist h\u00f6her. Die Fr\u00fcchte sind hellrot, sehr fest und nicht anf\u00e4llig f\u00fcr Druckstellen, was perfekt f\u00fcr den Ferntransport ist. Der Geschmack ist gut und die Fr\u00fcchte lassen sich leicht pfl\u00fccken.<br \/>Die Pflanzen eignen sich f\u00fcr den Anbau auf Substrat oder unter einem Tunnel.<\/p>\n<p>[\/et_pb_text][\/et_pb_column][\/et_pb_row][et_pb_row admin_label=&#8220;Rij&#8220; _builder_version=&#8220;4.16&#8243; background_size=&#8220;initial&#8220; background_position=&#8220;top_left&#8220; background_repeat=&#8220;repeat&#8220; global_colors_info=&#8220;{}&#8220;][et_pb_column type=&#8220;4_4&#8243; _builder_version=&#8220;4.16&#8243; custom_padding=&#8220;|||&#8220; global_colors_info=&#8220;{}&#8220; custom_padding__hover=&#8220;|||&#8220;][et_pb_text admin_label=&#8220;Beschikbaar als&#8220; _builder_version=&#8220;4.19.4&#8243; background_size=&#8220;initial&#8220; background_position=&#8220;top_left&#8220; background_repeat=&#8220;repeat&#8220; use_border_color=&#8220;off&#8220; border_color=&#8220;#ffffff&#8220; border_style=&#8220;solid&#8220; global_colors_info=&#8220;{}&#8220;]<\/p>\n<h1>Verf\u00fcgbar als:<\/h1>\n<p>[\/et_pb_text][et_pb_image src=&#8220;https:\/\/www.neessen.nl\/wp-content\/uploads\/2023\/02\/2212_eigenschappen-rassen_NL_sorteringen_darselect_elsanta_falco_flair_opera_parlando_rumba_sonata_sonsation_twist_verdiDU-1.png&#8220; title_text=&#8220;2212_eigenschappen rassen_NL_sorteringen_darselect_elsanta_falco_flair_opera_parlando_rumba_sonata_sonsation_twist_verdiDU-1&#8243; align_tablet=&#8220;center&#8220; align_phone=&#8220;center&#8220; align_last_edited=&#8220;on|desktop&#8220; admin_label=&#8220;Afbeelding sorteringen&#8220; _builder_version=&#8220;4.19.4&#8243; animation=&#8220;off&#8220; use_border_color=&#8220;off&#8220; border_color=&#8220;#ffffff&#8220; border_style=&#8220;solid&#8220; sticky=&#8220;off&#8220; always_center_on_mobile=&#8220;on&#8220; global_colors_info=&#8220;{}&#8220;][\/et_pb_image][\/et_pb_column][\/et_pb_row][\/et_pb_section]<\/p>\n","protected":false},"excerpt":{"rendered":"<p>DarselectDarselect ist eine kr\u00e4ftige Pflanze mit dunkelgr\u00fcnen Bl\u00e4ttern und einer hohen Wurzelkapazit\u00e4t. Die Pflanzen ben\u00f6tigen viel Wasser und sind semitolerant gegen\u00fcber Phytophtora cactorum und empfindlich gegen\u00fcber Verticilium.Ernte und Fruchtansatz Die Fr\u00fcchte sind l\u00e4nglich und kegelf\u00f6rmig, manchmal mit einem flachen und quadratischen Ende. Die Form der ersten Fr\u00fcchte kann etwas anders sein. Die Formunterschiede werden durch [&hellip;]<\/p>\n","protected":false},"author":1,"featured_media":0,"parent":2041,"menu_order":7,"comment_status":"closed","ping_status":"closed","template":"","meta":{"_et_pb_use_builder":"on","_et_pb_old_content":"<div id=\"content-content\" class=\"clear-block\"><div id=\"node-53\" class=\"node clear-block\"><div class=\"content\"><h2>\u00a0<\/h2><h2>Plant<\/h2><p>Vigorous, balanced, erect habit, dark green foliage with high rooting capacity. \u2028Big needs of water. Moderately tolerant to Phytophthora, Cactorum and sensitive to Verticilium. \u2028Sensitive to O\u00efdium during very early season and in autumn on foliage, to purple spots, to red spider.<\/p><h2>Fruit<\/h2><p>During full season, the dominant shape is conical and stretched out, with sometimes a flat and square extremity. The elder fruits, at the beginning of harvest, are generally nail shaped with large calibre. The regularity of the fruit shape can vary due to excessive or insufficient cold conditions during winter, or unfavourable environmental conditions during fecundation, even if the pollen fertility is naturally good. \u2028The total number of fruits is lower than ELSANTA's, but the average pondered weight on the harvest period is higher: 19 to 20 grams. The decrease in calibre is limited at the end of harvest.\u00a0 Skin has a homogeneous brick-red colouring, lacking of gloss in some production conditions. The quantity of hair is generally low, but can increase sometimes in stress conditions. The flesh is light red and firm. Generally speaking, the fruit is not sensitive to bruises, do not turn dark after harvest and is resistant to long distance transport.\u00a0The brittle [peduncle] favours a high speed of harvest and contributes to slightly decrease the harvest costs. The taste quality (acidity\/sugar ratio) and the typical strawberry flavour are really appreciated during the whole period of harvest (spring and autumns harvest). Nevertheless, the sugar formation, the optimal filling of the fruit, and the gloss of the skin are performed at maturity, when the red colouring is homogenous.\u2028The average commercial yield observed during the passed three years varies from 700 to 900 grams per plant. The waste percentage is slightly lower than ELSANTA's.\u2028Suitable for culture under large tunnel and on substrate.<\/p><h2>Harvesting<\/h2><p>Harvesting speed: the flower sticks are detached from foot; the fruit easy to harvest and the large calibre during the whole harvesting period, have a direct influence on harvesting speed, and so reduces the harvesting costs. Harvesting speed often mentioned by producers: 18 to 25kg per hour, vs 12 to 15 kg\/hour for Elsanta.<\/p><h2>Agronomical characteristics<\/h2><p>Sales eficienciency: for ground growing, it varies from 600 to 800 grams per plant, and can sometimes reach 1kg \/ plant in optimum growing conditions. Darselect during the 2nd year of growing: when growing conditions are optimum (healthy ground, protection against diseases) and with a minimum of maintenance, Darselect may offer a 2nd year of harvesting with a satisfying level of quantity and fruit quality.<\/p><\/div><\/div><\/div>","_et_gb_content_width":""},"acf":[],"_links":{"self":[{"href":"https:\/\/www.neessen.nl\/de\/wp-json\/wp\/v2\/pages\/2267"}],"collection":[{"href":"https:\/\/www.neessen.nl\/de\/wp-json\/wp\/v2\/pages"}],"about":[{"href":"https:\/\/www.neessen.nl\/de\/wp-json\/wp\/v2\/types\/page"}],"author":[{"embeddable":true,"href":"https:\/\/www.neessen.nl\/de\/wp-json\/wp\/v2\/users\/1"}],"replies":[{"embeddable":true,"href":"https:\/\/www.neessen.nl\/de\/wp-json\/wp\/v2\/comments?post=2267"}],"version-history":[{"count":5,"href":"https:\/\/www.neessen.nl\/de\/wp-json\/wp\/v2\/pages\/2267\/revisions"}],"predecessor-version":[{"id":4956,"href":"https:\/\/www.neessen.nl\/de\/wp-json\/wp\/v2\/pages\/2267\/revisions\/4956"}],"up":[{"embeddable":true,"href":"https:\/\/www.neessen.nl\/de\/wp-json\/wp\/v2\/pages\/2041"}],"wp:attachment":[{"href":"https:\/\/www.neessen.nl\/de\/wp-json\/wp\/v2\/media?parent=2267"}],"curies":[{"name":"wp","href":"https:\/\/api.w.org\/{rel}","templated":true}]}}