{"id":2147,"date":"2016-06-20T14:34:36","date_gmt":"2016-06-20T12:34:36","guid":{"rendered":"https:\/\/www.neessen.nl\/vroege-aardbeiden-rassen\/flair\/"},"modified":"2026-01-14T01:04:40","modified_gmt":"2026-01-14T00:04:40","slug":"flair","status":"publish","type":"page","link":"https:\/\/www.neessen.nl\/de\/neessen-aardbei-en-aspergeplanten\/aardbeienplanten\/rassen\/vroege-aardbeiden-rassen\/flair\/","title":{"rendered":"Flair"},"content":{"rendered":"<p>[et_pb_section fb_built=&#8220;1&#8243; fullwidth=&#8220;on&#8220; admin_label=&#8220;Header 3 aarbeien&#8220; _builder_version=&#8220;4.19.4&#8243; _module_preset=&#8220;default&#8220; global_module=&#8220;2386&#8243; saved_tabs=&#8220;all&#8220; global_colors_info=&#8220;{}&#8220;][et_pb_fullwidth_image src=&#8220;https:\/\/www.neessen.nl\/wp-content\/uploads\/2023\/01\/neessen_header1.jpg&#8220; title_text=&#8220;neessen_header1&#8243; _builder_version=&#8220;4.19.4&#8243; _module_preset=&#8220;default&#8220; global_colors_info=&#8220;{}&#8220;][\/et_pb_fullwidth_image][\/et_pb_section][et_pb_section fb_built=&#8220;1&#8243; admin_label=&#8220;section&#8220; _builder_version=&#8220;4.16&#8243; global_colors_info=&#8220;{}&#8220;][et_pb_row admin_label=&#8220;Rij&#8220; _builder_version=&#8220;4.16&#8243; background_size=&#8220;initial&#8220; background_position=&#8220;top_left&#8220; background_repeat=&#8220;repeat&#8220; custom_margin=&#8220;0px|||&#8220; custom_padding=&#8220;0px|||&#8220; make_fullwidth=&#8220;off&#8220; use_custom_width=&#8220;off&#8220; width_unit=&#8220;on&#8220; global_colors_info=&#8220;{}&#8220;][et_pb_column type=&#8220;4_4&#8243; _builder_version=&#8220;4.16&#8243; custom_padding=&#8220;|||&#8220; global_colors_info=&#8220;{}&#8220; custom_padding__hover=&#8220;|||&#8220;][et_pb_text admin_label=&#8220;Titel&#8220; _builder_version=&#8220;4.19.4&#8243; text_font_size=&#8220;66&#8243; background_size=&#8220;initial&#8220; background_position=&#8220;top_left&#8220; background_repeat=&#8220;repeat&#8220; text_font_size_tablet=&#8220;40px&#8220; text_font_size_phone=&#8220;30px&#8220; text_font_size_last_edited=&#8220;on|phone&#8220; use_border_color=&#8220;off&#8220; border_color=&#8220;#ffffff&#8220; border_style=&#8220;solid&#8220; global_colors_info=&#8220;{}&#8220;]<\/p>\n<p>Flair<\/p>\n<p>[\/et_pb_text][\/et_pb_column][\/et_pb_row][et_pb_row admin_label=&#8220;Rij&#8220; _builder_version=&#8220;4.16&#8243; background_size=&#8220;initial&#8220; background_position=&#8220;top_left&#8220; background_repeat=&#8220;repeat&#8220; make_fullwidth=&#8220;off&#8220; use_custom_width=&#8220;off&#8220; width_unit=&#8220;on&#8220; global_colors_info=&#8220;{}&#8220;][et_pb_column type=&#8220;4_4&#8243; _builder_version=&#8220;4.16&#8243; custom_padding=&#8220;|||&#8220; global_colors_info=&#8220;{}&#8220; custom_padding__hover=&#8220;|||&#8220;][et_pb_slider _builder_version=&#8220;4.27.5&#8243; _module_preset=&#8220;default&#8220; hover_enabled=&#8220;0&#8243; sticky_enabled=&#8220;0&#8243;][et_pb_slide _builder_version=&#8220;4.27.5&#8243; _module_preset=&#8220;default&#8220; title_text=&#8220;Flair 2021 0564&#8243; background_image=&#8220;https:\/\/www.neessen.nl\/wp-content\/uploads\/2026\/01\/Flair-2021-0564-scaled.jpg&#8220; background_enable_image=&#8220;on&#8220; background_position=&#8220;bottom_center&#8220; hover_enabled=&#8220;0&#8243; sticky_enabled=&#8220;0&#8243;][\/et_pb_slide][\/et_pb_slider][\/et_pb_column][\/et_pb_row][et_pb_row admin_label=&#8220;Rij&#8220; _builder_version=&#8220;4.16&#8243; background_size=&#8220;initial&#8220; background_position=&#8220;top_left&#8220; background_repeat=&#8220;repeat&#8220; global_colors_info=&#8220;{}&#8220;][et_pb_column type=&#8220;4_4&#8243; _builder_version=&#8220;4.16&#8243; custom_padding=&#8220;|||&#8220; global_colors_info=&#8220;{}&#8220; custom_padding__hover=&#8220;|||&#8220;][et_pb_text admin_label=&#8220;Tekst&#8220; _builder_version=&#8220;4.19.4&#8243; background_size=&#8220;initial&#8220; background_position=&#8220;top_left&#8220; background_repeat=&#8220;repeat&#8220; use_border_color=&#8220;off&#8220; border_color=&#8220;#ffffff&#8220; border_style=&#8220;solid&#8220; global_colors_info=&#8220;{}&#8220;]<\/p>\n<p><strong>Eine fr\u00fche Sorte auf dem Markt mit starkem Aroma und gutem Geschmack. Flair bietet M\u00f6glichkeiten f\u00fcr den fr\u00fchen Anbau unter Glas und Tunnel. Im Gegensatz zu Darselect haben die Flair-Fr\u00fcchte einen besseren Stand und behalten einen guten Glanz. Im Vergleich zu Clery hat Flair den Vorteil, ein paar Tage fr\u00fcher da zu sein. Im Vergleich zu Lambada ist Flair weniger anf\u00e4llig f\u00fcr Wurzelkrankheiten und die Fr\u00fcchte sind h\u00e4rter. In Norddeutschland und Skandinavien ersetzt Flair den weniger geschmackvollen Honeoye.<\/strong><\/p>\n<p>[\/et_pb_text][et_pb_image src=&#8220;https:\/\/www.neessen.nl\/wp-content\/uploads\/2026\/01\/2212_eigenschappen-rassen_NL_eigenschappen_flairDU-1.png&#8220; title_text=&#8220;2212_eigenschappen rassen_NL_eigenschappen_flairDU-1&#8243; align_tablet=&#8220;center&#8220; align_phone=&#8220;center&#8220; align_last_edited=&#8220;on|desktop&#8220; admin_label=&#8220;Afbeelding eigenschappen&#8220; _builder_version=&#8220;4.27.5&#8243; hover_enabled=&#8220;0&#8243; animation=&#8220;off&#8220; use_border_color=&#8220;off&#8220; border_color=&#8220;#ffffff&#8220; border_style=&#8220;solid&#8220; sticky=&#8220;off&#8220; always_center_on_mobile=&#8220;on&#8220; global_colors_info=&#8220;{}&#8220; sticky_enabled=&#8220;0&#8243;][\/et_pb_image][et_pb_text admin_label=&#8220;Bloei en pluk periode&#8220; _builder_version=&#8220;4.19.4&#8243; background_size=&#8220;initial&#8220; background_position=&#8220;top_left&#8220; background_repeat=&#8220;repeat&#8220; use_border_color=&#8220;off&#8220; border_color=&#8220;#ffffff&#8220; border_style=&#8220;solid&#8220; global_colors_info=&#8220;{}&#8220;]<\/p>\n<h3>Bl\u00fcte- und Pfl\u00fcckzeit<\/h3>\n<p>Angesichts der Fr\u00fchzeitigkeit von Flair ist es eine ideale Sorte, um die Erdbeersaison zu beginnen. Flair kann Clery zwei bis f\u00fcnf Tage voraus sein. Die Bl\u00fctenrispen von Flair sind lang, sodass die Bl\u00fcten oft \u00fcber die Ernte hinausragen. Allerdings erh\u00f6ht dies, und erst recht bei einer Abdeckung mit Vlies oder Folie, auch die Gefahr von Nachtfrostsch\u00e4den und hier sind entsprechende Vorkehrungen zu treffen. Die Fr\u00fcchte von Flair wachsen schnell, so dass in kurzer Zeit eine konzentrierte Erntezeit folgt. Im Durchschnitt ist die Ernte in vier Wochen beendet.<\/p>\n<p>[\/et_pb_text][et_pb_text admin_label=&#8220;Vrucht kwaliteit&#8220; _builder_version=&#8220;4.19.4&#8243; background_size=&#8220;initial&#8220; background_position=&#8220;top_left&#8220; background_repeat=&#8220;repeat&#8220; use_border_color=&#8220;off&#8220; border_color=&#8220;#ffffff&#8220; border_style=&#8220;solid&#8220; global_colors_info=&#8220;{}&#8220;]<\/p>\n<h3>Fruchtqualit\u00e4t<\/h3>\n<p>Flair mag ein k\u00fchles Klima; die Fr\u00fcchte wachsen dann gut an und sind ausreichend fest. Flair hat einen leichten Fruchtansatz. Dies jedoch unter der Voraussetzung, dass die Pflanzen ausreichend Winterk\u00e4lte f\u00fcr das Strecken der Bl\u00fctenrispen und die Qualit\u00e4t der Bl\u00fcten erhalten haben. In einem warmen Herbst kann Flair leichter etwas Vorbl\u00fcte geben, da die Bl\u00fcteinitiierung fr\u00fch beginnt. Die Fruchtform ist etwas l\u00e4nglich kegelf\u00f6rmig. Flair hat einen sch\u00f6nen Glanz und eine leuchtend rote Farbe.<\/p>\n<p>[\/et_pb_text][et_pb_text admin_label=&#8220;Oogst en productie&#8220; _builder_version=&#8220;4.19.4&#8243; background_size=&#8220;initial&#8220; background_position=&#8220;top_left&#8220; background_repeat=&#8220;repeat&#8220; use_border_color=&#8220;off&#8220; border_color=&#8220;#ffffff&#8220; border_style=&#8220;solid&#8220; global_colors_info=&#8220;{}&#8220;]<\/p>\n<h3>Ernte und Produktion<\/h3>\n<p>Typisch f\u00fcr Flair ist ihr offener, aufrechter Wuchs mit relativ wenigen Bl\u00e4ttern an langen Blattstielen. Diese Pflanzenstruktur macht die Erdbeeren einfach zu pfl\u00fccken. Ausreichendes Gie\u00dfen ist w\u00e4hrend des Wachstums und der Ernte wichtig. In den Stollen muss bei warmem Wetter alle zwei Tage morgens gepfl\u00fcckt werden, um \u00dcberreife zu vermeiden. Wenn die Erdbeeren nicht rechtzeitig gepfl\u00fcckt werden, verf\u00e4rben sie sich leicht durch die Lagerung. Aufgrund ihres Geschmacks hat sich die Sorte als hervorragend geeignet f\u00fcr den Direktverkauf erwiesen. Das Fruchtgewicht ist vergleichbar mit Clery und die Produktion kann bei rechtzeitiger Pflanzung und guter D\u00fcngung im Herbst auch auf dem gleichen Niveau liegen. F\u00fcr Traypflanzen ist es au\u00dferdem wichtig, ausreichend fr\u00fch Stecklinge zu ziehen und im Laufe des Septembers und Oktobers gut zu d\u00fcngen, um ein so gutes Produktionspotential zu erreichen.<\/p>\n<p>[\/et_pb_text][et_pb_text admin_label=&#8220;Ziekten en plagen&#8220; _builder_version=&#8220;4.19.4&#8243; background_size=&#8220;initial&#8220; background_position=&#8220;top_left&#8220; background_repeat=&#8220;repeat&#8220; use_border_color=&#8220;off&#8220; border_color=&#8220;#ffffff&#8220; border_style=&#8220;solid&#8220; global_colors_info=&#8220;{}&#8220;]<\/p>\n<h3>Krankheitsanf\u00e4lligkeit<\/h3>\n<p>Flair ist im Allgemeinen nicht sehr empfindlich gegen\u00fcber Bodenkrankheiten. Dennoch werden vorbeugende Ma\u00dfnahmen gegen Phytophthora cactorum empfohlen. Flair ist nicht sehr empfindlich gegen Mehltau, aber Fr\u00fcchte auf Gestellen k\u00f6nnen davon betroffen sein. Da Flair sehr empfindlich auf Bodenherbizide reagiert, empfiehlt es sich, mit dem Spritzen zu warten, bis die Erdbeerpflanzen ausreichend bewurzelt sind und auch mit der Dosierung vorsichtig zu sein.<\/p>\n<p>[\/et_pb_text][et_pb_text admin_label=&#8220;Teelt ervaringen&#8220; _builder_version=&#8220;4.19.4&#8243; background_size=&#8220;initial&#8220; background_position=&#8220;top_left&#8220; background_repeat=&#8220;repeat&#8220; use_border_color=&#8220;off&#8220; border_color=&#8220;#ffffff&#8220; border_style=&#8220;solid&#8220; global_colors_info=&#8220;{}&#8220;]<\/p>\n<h3>Kultivierungserfahrungen<\/h3>\n<p>Aufgrund des hohen winterlichen K\u00e4ltebedarfs und der Bevorzugung niedriger Temperaturen w\u00e4hrend der Reife eignet sich Flair f\u00fcr k\u00e4ltere Anbaugebiete. Gute Ergebnisse k\u00f6nnen im Freien und unter Dach erzielt werden. Die Fr\u00fcchte sind ziemlich regenfest. Auch unter Tunneln l\u00e4sst sich mit Flair ein gutes Ergebnis erzielen, vorausgesetzt, es wird ausreichend bel\u00fcftet und bew\u00e4ssert. Bei Hitze oder Trockenheit k\u00f6nnen die Pflanzen auffallen, was das Pfl\u00fccken erschwert. Flair mag einfach ein k\u00fchleres Klima und ist daher f\u00fcr fr\u00fche Ernten geeignet. Flair hat auch Optionen als Traypflanze f\u00fcr den fr\u00fchen Gew\u00e4chshausanbau. Hier ist es wichtig, die Winterruhe durch ausreichend lange K\u00fchllagerung oder zus\u00e4tzliche tagverl\u00e4ngernde Beleuchtung zu durchbrechen. Der Flair-Erntetyp ist manchmal durch die etwas l\u00f6ffelf\u00f6rmigen Bl\u00e4tter oder hell gef\u00e4rbten l\u00e4nglichen Bl\u00e4tter gekennzeichnet, typische Symptome von Zinkmangel. Neben dem zus\u00e4tzlichen Bedarf an Zink muss Flair auch gen\u00fcgend Mangan und Eisen bekommen. Flair ist haupts\u00e4chlich eine Sorte f\u00fcr den Direktverkauf zu Hause oder f\u00fcr kurze Ketten. Es wird den Verbrauchern als Geschmackssorte beworben.<\/p>\n<div>\u00a0<\/div>\n<p>[\/et_pb_text][\/et_pb_column][\/et_pb_row][et_pb_row admin_label=&#8220;Rij&#8220; _builder_version=&#8220;4.16&#8243; background_size=&#8220;initial&#8220; background_position=&#8220;top_left&#8220; background_repeat=&#8220;repeat&#8220; global_colors_info=&#8220;{}&#8220;][et_pb_column type=&#8220;4_4&#8243; _builder_version=&#8220;4.16&#8243; custom_padding=&#8220;|||&#8220; global_colors_info=&#8220;{}&#8220; custom_padding__hover=&#8220;|||&#8220;][et_pb_text admin_label=&#8220;Beschikbaar als&#8220; _builder_version=&#8220;4.19.4&#8243; background_size=&#8220;initial&#8220; background_position=&#8220;top_left&#8220; background_repeat=&#8220;repeat&#8220; use_border_color=&#8220;off&#8220; border_color=&#8220;#ffffff&#8220; border_style=&#8220;solid&#8220; global_colors_info=&#8220;{}&#8220;]<\/p>\n<h1>Verf\u00fcgbar als:<\/h1>\n<p>[\/et_pb_text][et_pb_image src=&#8220;https:\/\/www.neessen.nl\/wp-content\/uploads\/2023\/02\/2212_eigenschappen-rassen_NL_sorteringen_darselect_elsanta_falco_flair_opera_parlando_rumba_sonata_sonsation_twist_verdiDU-1.png&#8220; title_text=&#8220;2212_eigenschappen rassen_NL_sorteringen_darselect_elsanta_falco_flair_opera_parlando_rumba_sonata_sonsation_twist_verdiDU-1&#8243; align_tablet=&#8220;center&#8220; align_phone=&#8220;center&#8220; align_last_edited=&#8220;on|desktop&#8220; admin_label=&#8220;Afbeelding sorteringen&#8220; _builder_version=&#8220;4.19.4&#8243; animation=&#8220;off&#8220; use_border_color=&#8220;off&#8220; border_color=&#8220;#ffffff&#8220; border_style=&#8220;solid&#8220; sticky=&#8220;off&#8220; always_center_on_mobile=&#8220;on&#8220; global_colors_info=&#8220;{}&#8220;][\/et_pb_image][\/et_pb_column][\/et_pb_row][et_pb_row admin_label=&#8220;Rij&#8220; _builder_version=&#8220;4.16&#8243; background_size=&#8220;initial&#8220; background_position=&#8220;top_left&#8220; background_repeat=&#8220;repeat&#8220; global_colors_info=&#8220;{}&#8220;][et_pb_column type=&#8220;4_4&#8243; _builder_version=&#8220;4.16&#8243; custom_padding=&#8220;|||&#8220; global_colors_info=&#8220;{}&#8220; custom_padding__hover=&#8220;|||&#8220;][et_pb_cta title=&#8220;Sortenbeschreibung PDF &#8220; button_url=&#8220;https:\/\/www.neessen.nl\/wp-content\/uploads\/2023\/01\/FLEVOBERRY-A4Flyer-Flair-1119.pdf&#8220; url_new_window=&#8220;on&#8220; button_text=&#8220;Herunterladen&#8220; admin_label=&#8220;Oproep tot actie&#8220; _builder_version=&#8220;4.19.4&#8243; background_size=&#8220;initial&#8220; background_position=&#8220;top_left&#8220; background_repeat=&#8220;repeat&#8220; use_border_color=&#8220;off&#8220; border_color=&#8220;#ffffff&#8220; border_style=&#8220;solid&#8220; button_letter_spacing_hover=&#8220;0&#8243; saved_tabs=&#8220;all&#8220; global_colors_info=&#8220;{}&#8220; button_text_size__hover_enabled=&#8220;off&#8220; button_one_text_size__hover_enabled=&#8220;off&#8220; button_two_text_size__hover_enabled=&#8220;off&#8220; button_text_color__hover_enabled=&#8220;off&#8220; button_one_text_color__hover_enabled=&#8220;off&#8220; button_two_text_color__hover_enabled=&#8220;off&#8220; button_border_width__hover_enabled=&#8220;off&#8220; button_one_border_width__hover_enabled=&#8220;off&#8220; button_two_border_width__hover_enabled=&#8220;off&#8220; button_border_color__hover_enabled=&#8220;off&#8220; button_one_border_color__hover_enabled=&#8220;off&#8220; button_two_border_color__hover_enabled=&#8220;off&#8220; button_border_radius__hover_enabled=&#8220;off&#8220; button_one_border_radius__hover_enabled=&#8220;off&#8220; button_two_border_radius__hover_enabled=&#8220;off&#8220; button_letter_spacing__hover_enabled=&#8220;on&#8220; button_letter_spacing__hover=&#8220;0&#8243; button_one_letter_spacing__hover_enabled=&#8220;off&#8220; button_two_letter_spacing__hover_enabled=&#8220;off&#8220; button_bg_color__hover_enabled=&#8220;off&#8220; button_one_bg_color__hover_enabled=&#8220;off&#8220; button_two_bg_color__hover_enabled=&#8220;off&#8220;][\/et_pb_cta][\/et_pb_column][\/et_pb_row][\/et_pb_section]<\/p>\n","protected":false},"excerpt":{"rendered":"<p>FlairEine fr\u00fche Sorte auf dem Markt mit starkem Aroma und gutem Geschmack. Flair bietet M\u00f6glichkeiten f\u00fcr den fr\u00fchen Anbau unter Glas und Tunnel. Im Gegensatz zu Darselect haben die Flair-Fr\u00fcchte einen besseren Stand und behalten einen guten Glanz. Im Vergleich zu Clery hat Flair den Vorteil, ein paar Tage fr\u00fcher da zu sein. Im Vergleich [&hellip;]<\/p>\n","protected":false},"author":1,"featured_media":0,"parent":2041,"menu_order":4,"comment_status":"closed","ping_status":"closed","template":"","meta":{"_et_pb_use_builder":"on","_et_pb_old_content":"<p><strong><em>Selectie<\/em> : getest onder het nummer 030801<br \/> <em>Origine<\/em> : Flevoplant Goossens, Ens, Nederland<\/strong><\/p><p><strong>Het vroegste ras op de markt met een sterk aroma en goede smaak. Flair biedt mogelijkheden voor de vroege teelt onder glas en tunnel. In tegenstelling tot Darselect hebben de vruchten van Flair een betere zetting en behouden ze een goede glans. Ten opzichte van Clery heeft Flair het voordeel nog een aantal dagen vroeger te zijn. Ten opzichte van Lambada is Flair minder gevoelig voor wortelziekten en zijn de vruchten harder.\u00a0 In het noorden van Duitsland en Scandinavi\u00eb vervangt Flair het minder smaakvolle Honeoye.<\/strong><\/p><h2>Bloei en plukperiode<\/h2><p>Gezien de vroegheid van Flair is het een ideaal ras om het aardbeiseizoen op te starten. Flair kan twee tot vijf dagen vroeger zijn dan Clery.\u00a0 De bloemtakken van Flair zijn lang waardoor vaak de bloemen boven het gewas uitsteken. Hierdoor, en zeker bij afdekking met vlies of folie,\u00a0 is er echter ook meer kans op nachtvorstschade en dienen hier passende voorzorgsmaatregelen genomen te worden. De vruchten van Flair groeien snel uit zodat er op korte tijd een geconcentreerde oogstperiode volgt.\u00a0 Gemiddeld genomen is de oogst op vier weken voorbij.<\/p><h2>Vruchtkwaliteit<\/h2><p>Flair houdt\u00a0 van een koel klimaat; de vruchten groeien dan goed uit en zijn voldoende stevig.\u00a0 Flair heeft een makkelijke vruchtzetting. Dit echter onder voorwaarde dat de planten voldoende winterkoude gekregen hebben voor de strekking van de bloemtakken en de kwaliteit van de bloemen. Bij een warm najaar kan Flair, doordat de bloemaanleg vroeg begint, makkelijker wat voorbloei geven. De vruchtvorm is wat langwerpig kegelvormig. Flair heeft een mooie glans en helrode kleur.<\/p><h2>Oogst en productie<\/h2><p>Typisch voor Flair is haar open opgericht gewas met relatief weinig blad op lange bladstelen. Door deze plantopbouw zijn de aardbeien makkelijk te plukken. Belangrijk tijdens de uitgroei en de oogst is een voldoende watergifte.\u00a0 In de tunnels is het bij warm weer nodig om de twee dagen te plukken in de morgend om zo overrijpheid te voorkomen. Worden de aardbeien niet tijdig geplukt dan kleuren ze makkelijk door bij bewaring. Omwille van de smaak is het\u00a0 ras uitermate geschikt bevonden voor rechtstreekse verkoop<br \/> Het vruchtgewicht is vergelijkbaar met Clery en ook de productie kan op dezelfde hoogte liggen indien tijdig geplant en goed bijbemest in het najaar.<br \/> Ook bij\u00a0 trayplanten is het belangrijk om voldoende vroeg te stekken en in de loop van september en oktober goed\u00a0 bij te bemesten om een zo een goed\u00a0 productiepotentieel te bekomen.<\/p><h2>Ziektegevoeligheid<\/h2><p>Flair is weinig gevoelig voor bodemziekten in het algemeen. Niettemin zijn preventieve maatregelen tegen Phytophthora cactorum aanbevolen. Flair is niet erg gevoelig voor meeldauw, op stellingteelten kunnen vruchten wel aangetast worden. Daar Flair erg gevoelig is voor bodemherbiciden is het aanbevolen om met bespuitingen te wachten totdat de aardbeiplanten voldoende zijn ingeworteld en ook voorzichtig met de dosis te zijn.<\/p><h2>Teeltervaringen<\/h2><p>Omwille van de hoge winterkoudebehoefte en de voorkeur voor lage temperaturen tijdens de afrijping is Flair geschikt voor koudere teeltregio\u2019s. Er kunnen goede resultaten geboekt worden in open lucht en onder afdekking. De vruchten zijn vrij regenvast. Ook onder tunnels kan met Flair een goed resultaat geboekt worden dit\u00a0 onder voorwaarde dat er voldoende gelucht en geirrigeerd wordt. Bij warmte of droogte kunnen de planten open vallen waardoor de plukbaarheid moeilijk wordt. Flair houdt nu eenmaal van een koeler klimaat en is net daarom geschikt voor vroege teelten. Flair heeft ook mogelijkheden als trayplant voor de vroege kasteelt. Hier is het belangrijk om de winterrust te doorbreken door middel van een voldoende lange koelcelbewaring of bijkomend dagverlengend belichten.<br \/> Het gewastype van Flair kenmerkt zich soms door de wat gelepelde bladeren of licht gekleurde langwerpige bladeren, typische symptomen van zinkgebrek. Naast de extra behoefte aan zink dient\u00a0 Flair ook voldoende mangaan en ijzer te krijgen.<br \/> Flair is vooral een ras voor de directe huisverkoop of korte ketens. Het wordt als smaakras gepromoot bij de consument.<\/p><p>[gallery link=\"file\" ids=\"115,114\"]<\/p>","_et_gb_content_width":""},"acf":[],"_links":{"self":[{"href":"https:\/\/www.neessen.nl\/de\/wp-json\/wp\/v2\/pages\/2147"}],"collection":[{"href":"https:\/\/www.neessen.nl\/de\/wp-json\/wp\/v2\/pages"}],"about":[{"href":"https:\/\/www.neessen.nl\/de\/wp-json\/wp\/v2\/types\/page"}],"author":[{"embeddable":true,"href":"https:\/\/www.neessen.nl\/de\/wp-json\/wp\/v2\/users\/1"}],"replies":[{"embeddable":true,"href":"https:\/\/www.neessen.nl\/de\/wp-json\/wp\/v2\/comments?post=2147"}],"version-history":[{"count":9,"href":"https:\/\/www.neessen.nl\/de\/wp-json\/wp\/v2\/pages\/2147\/revisions"}],"predecessor-version":[{"id":5987,"href":"https:\/\/www.neessen.nl\/de\/wp-json\/wp\/v2\/pages\/2147\/revisions\/5987"}],"up":[{"embeddable":true,"href":"https:\/\/www.neessen.nl\/de\/wp-json\/wp\/v2\/pages\/2041"}],"wp:attachment":[{"href":"https:\/\/www.neessen.nl\/de\/wp-json\/wp\/v2\/media?parent=2147"}],"curies":[{"name":"wp","href":"https:\/\/api.w.org\/{rel}","templated":true}]}}