{"id":2125,"date":"2016-06-21T10:02:33","date_gmt":"2016-06-21T08:02:33","guid":{"rendered":"https:\/\/www.neessen.nl\/middentijdse-aardbeienrassen\/sonata\/"},"modified":"2023-05-08T15:25:30","modified_gmt":"2023-05-08T13:25:30","slug":"sonata","status":"publish","type":"page","link":"https:\/\/www.neessen.nl\/de\/neessen-aardbei-en-aspergeplanten\/aardbeienplanten\/rassen\/middentijdse-aardbeienrassen\/sonata\/","title":{"rendered":"Sonata"},"content":{"rendered":"<p>[et_pb_section fb_built=&#8220;1&#8243; fullwidth=&#8220;on&#8220; admin_label=&#8220;Header 3 aarbeien&#8220; _builder_version=&#8220;4.19.4&#8243; _module_preset=&#8220;default&#8220; global_module=&#8220;2386&#8243; saved_tabs=&#8220;all&#8220; global_colors_info=&#8220;{}&#8220;][et_pb_fullwidth_image src=&#8220;https:\/\/www.neessen.nl\/wp-content\/uploads\/2023\/01\/neessen_header1.jpg&#8220; title_text=&#8220;neessen_header1&#8243; _builder_version=&#8220;4.19.4&#8243; _module_preset=&#8220;default&#8220; global_colors_info=&#8220;{}&#8220;][\/et_pb_fullwidth_image][\/et_pb_section][et_pb_section fb_built=&#8220;1&#8243; admin_label=&#8220;section&#8220; _builder_version=&#8220;4.16&#8243; global_colors_info=&#8220;{}&#8220;][et_pb_row admin_label=&#8220;Rij&#8220; _builder_version=&#8220;4.16&#8243; background_size=&#8220;initial&#8220; background_position=&#8220;top_left&#8220; background_repeat=&#8220;repeat&#8220; custom_margin=&#8220;0px|||&#8220; custom_padding=&#8220;0px|||&#8220; make_fullwidth=&#8220;off&#8220; use_custom_width=&#8220;off&#8220; width_unit=&#8220;on&#8220; global_colors_info=&#8220;{}&#8220;][et_pb_column type=&#8220;4_4&#8243; _builder_version=&#8220;4.16&#8243; custom_padding=&#8220;|||&#8220; global_colors_info=&#8220;{}&#8220; custom_padding__hover=&#8220;|||&#8220;][et_pb_text admin_label=&#8220;Titel&#8220; _builder_version=&#8220;4.19.4&#8243; text_font_size=&#8220;66&#8243; background_size=&#8220;initial&#8220; background_position=&#8220;top_left&#8220; background_repeat=&#8220;repeat&#8220; custom_margin=&#8220;21px|||||&#8220; custom_padding=&#8220;||14px|||&#8220; hover_enabled=&#8220;0&#8243; text_font_size_tablet=&#8220;40px&#8220; text_font_size_phone=&#8220;30px&#8220; text_font_size_last_edited=&#8220;on|phone&#8220; use_border_color=&#8220;off&#8220; border_color=&#8220;#ffffff&#8220; border_style=&#8220;solid&#8220; global_colors_info=&#8220;{}&#8220; sticky_enabled=&#8220;0&#8243;]<\/p>\n<p>Sonata<\/p>\n<p>[\/et_pb_text][\/et_pb_column][\/et_pb_row][et_pb_row admin_label=&#8220;Rij&#8220; _builder_version=&#8220;4.16&#8243; background_size=&#8220;initial&#8220; background_position=&#8220;top_left&#8220; background_repeat=&#8220;repeat&#8220; make_fullwidth=&#8220;off&#8220; use_custom_width=&#8220;off&#8220; width_unit=&#8220;on&#8220; global_colors_info=&#8220;{}&#8220;][et_pb_column type=&#8220;4_4&#8243; _builder_version=&#8220;4.16&#8243; custom_padding=&#8220;|||&#8220; global_colors_info=&#8220;{}&#8220; custom_padding__hover=&#8220;|||&#8220;][et_pb_image src=&#8220;https:\/\/www.neessen.nl\/wp-content\/uploads\/2023\/01\/Sonata_groep-vruchten-III.jpg&#8220; align_tablet=&#8220;center&#8220; align_phone=&#8220;center&#8220; align_last_edited=&#8220;on|desktop&#8220; admin_label=&#8220;Afbeelding&#8220; _builder_version=&#8220;4.16&#8243; animation=&#8220;off&#8220; use_border_color=&#8220;off&#8220; border_color=&#8220;#ffffff&#8220; border_style=&#8220;solid&#8220; sticky=&#8220;off&#8220; always_center_on_mobile=&#8220;on&#8220; global_colors_info=&#8220;{}&#8220;][\/et_pb_image][\/et_pb_column][\/et_pb_row][et_pb_row admin_label=&#8220;Rij&#8220; _builder_version=&#8220;4.16&#8243; background_size=&#8220;initial&#8220; background_position=&#8220;top_left&#8220; background_repeat=&#8220;repeat&#8220; global_colors_info=&#8220;{}&#8220;][et_pb_column type=&#8220;4_4&#8243; _builder_version=&#8220;4.16&#8243; custom_padding=&#8220;|||&#8220; global_colors_info=&#8220;{}&#8220; custom_padding__hover=&#8220;|||&#8220;][et_pb_text admin_label=&#8220;Tekst&#8220; _builder_version=&#8220;4.19.4&#8243; background_size=&#8220;initial&#8220; background_position=&#8220;top_left&#8220; background_repeat=&#8220;repeat&#8220; use_border_color=&#8220;off&#8220; border_color=&#8220;#ffffff&#8220; border_style=&#8220;solid&#8220; global_colors_info=&#8220;{}&#8220;]<\/p>\n<p><strong>Sonata ist so wie eine Erdbeere sein sollte: eine sehr schmackhafte und sch\u00f6ne Frucht. Diese mittelsp\u00e4te einmaltragende Sorte hat einen ausgezeichneten Fruchtansatz und bildet sch\u00f6ne, einheitliche Fr\u00fcchte. Sie ist sehr ertragreich und hat einen hohen Anteil an Fr\u00fcchten erster Qualit\u00e4t. Sonata ist einfach zu pfl\u00fccken und erfordert wenig Sortierarbeit. Die Sorte ist geeignet f\u00fcr eine Vielzahl von Kulturen von Skandinavien bis zu den Alpenl\u00e4ndern.<\/strong><\/p>\n<p>[\/et_pb_text][et_pb_image src=&#8220;https:\/\/www.neessen.nl\/wp-content\/uploads\/2023\/02\/2212_eigenschappen-rassen_NL_eigenschappen_sonataDU-1.png&#8220; title_text=&#8220;2212_eigenschappen rassen_NL_eigenschappen_sonataDU-1&#8243; align_tablet=&#8220;center&#8220; align_phone=&#8220;center&#8220; align_last_edited=&#8220;on|desktop&#8220; admin_label=&#8220;Afbeelding eigenschappen&#8220; _builder_version=&#8220;4.19.4&#8243; custom_margin=&#8220;0px|||&#8220; animation=&#8220;off&#8220; use_border_color=&#8220;off&#8220; border_color=&#8220;#ffffff&#8220; border_style=&#8220;solid&#8220; sticky=&#8220;off&#8220; always_center_on_mobile=&#8220;on&#8220; global_colors_info=&#8220;{}&#8220;][\/et_pb_image][et_pb_text admin_label=&#8220;Vrucht kwaliteit&#8220; _builder_version=&#8220;4.19.4&#8243; background_size=&#8220;initial&#8220; background_position=&#8220;top_left&#8220; background_repeat=&#8220;repeat&#8220; use_border_color=&#8220;off&#8220; border_color=&#8220;#ffffff&#8220; border_style=&#8220;solid&#8220; global_colors_info=&#8220;{}&#8220;]<\/p>\n<h3>Herrliche Fr\u00fcchte<\/h3>\n<p>Sonata produziert saftige Erdbeeren mit einem s\u00fc\u00dfen Geschmack und einem ausgepr\u00e4gten Erdbeeraroma. Kennzeichnend f\u00fcr Sonata sind die konische Form, die orangerote Farbe und die sch\u00f6nen Kronbl\u00e4tter. Die festen Fr\u00fcchte behalten auch bei Lagerung ihren sch\u00f6nen Glanz.<\/p>\n<p>[\/et_pb_text][et_pb_text admin_label=&#8220;Bloei en pluk&#8220; _builder_version=&#8220;4.19.4&#8243; background_size=&#8220;initial&#8220; background_position=&#8220;top_left&#8220; background_repeat=&#8220;repeat&#8220; use_border_color=&#8220;off&#8220; border_color=&#8220;#ffffff&#8220; border_style=&#8220;solid&#8220; global_colors_info=&#8220;{}&#8220;]<\/p>\n<h3>Bl\u00fcte und Ernte<\/h3>\n<p>Sonata produziert Bl\u00fcten von guter Qualit\u00e4t. Die Bl\u00fcte- und Erntezeit stimmt mit der von Elsanta \u00fcberein, wobei Sonata eine bessere Erntestreuung aufweist. Die Bl\u00fctentrauben befinden sich in der Regel gerade unterhalb der Bl\u00e4tter.<\/p>\n<p>Die Fr\u00fcchte sind gut best\u00e4ndig gegen Regen und rei\u00dfen nicht sehr schnell. Bei warmem Wetter ist Sonata jedoch etwas anf\u00e4lliger. Dieser Nachteil kann durch eine h\u00f6here Pfl\u00fcckfrequenz ausgeglichen werden und die Ernte sollte bei einer Orangef\u00e4rbung der Fr\u00fcchte stattfinden. Nach dem Pfl\u00fccken f\u00e4rben diese noch ein wenig nach.<\/p>\n<p><img decoding=\"async\" loading=\"lazy\" class=\"aligncenter\" src=\"https:\/\/www.fresh-forward.nl\/thumbnail\/inline\/633\/tabel-sonata-du.png\" width=\"539\" height=\"295\" \/><\/p>\n<p>[\/et_pb_text][et_pb_text admin_label=&#8220;Hoge productiviteit&#8220; _builder_version=&#8220;4.19.4&#8243; background_size=&#8220;initial&#8220; background_position=&#8220;top_left&#8220; background_repeat=&#8220;repeat&#8220; use_border_color=&#8220;off&#8220; border_color=&#8220;#ffffff&#8220; border_style=&#8220;solid&#8220; global_colors_info=&#8220;{}&#8220;]<\/p>\n<h3>Hohe Produktivit\u00e4t<\/h3>\n<p>Sonata ist eine ertragreiche Sorte, vor allem durch den hohen Anteil an Fr\u00fcchten erster Qualit\u00e4t. Sonata l\u00e4sst sich leicht pfl\u00fccken und erfordert wenig Sortierarbeit. Damit kann eine deutliche Einsparung von Arbeitskosten erzielt werden. Bei einer Verfr\u00fchung tritt fast kein Ertrags- oder Qualit\u00e4tsverlust auf.<\/p>\n<p>[\/et_pb_text][et_pb_text admin_label=&#8220;Bemesting en gewasverzorging&#8220; _builder_version=&#8220;4.19.4&#8243; background_size=&#8220;initial&#8220; background_position=&#8220;top_left&#8220; background_repeat=&#8220;repeat&#8220; use_border_color=&#8220;off&#8220; border_color=&#8220;#ffffff&#8220; border_style=&#8220;solid&#8220; global_colors_info=&#8220;{}&#8220;]<\/p>\n<h3>D\u00fcngung und Pflanzenpflege<\/h3>\n<p>Sowohl auf dem Vermehrungsfeld als auch beim Produktionsanbau hat Sonata einen gro\u00dfen Magnesium-, Mangan- und Eisenbedarf. Die Sorte ist kaum anf\u00e4llig f\u00fcr Echten Mehltau (<em>Podosphaera aphanis<\/em>). Die Rhizomf\u00e4ule (<em>Phytophthora cactorum<\/em>) erfordert vor allem bei der Aufzucht von Traypflanzen besondere Aufmerksamkeit: neben dem Pflanzenschutz ist es au\u00dferdem wichtig pr\u00e4ventive Ma\u00dfnahmen durchzuf\u00fchren. Da die Pflanzen ein relativ kurzes Rhizom besitzen, sollten sie im Freiland nicht zu tief gepflanzt werden. Zur Bek\u00e4mpfung der Frucht- (<em>Botrytis<\/em>) und Wurzelf\u00e4ule (<em>Rhizoctonia<\/em>) ist eine gute pr\u00e4ventive Behandlung von der Bl\u00fcte bis zur Ernte sehr wichtig. Dies betrifft vor allem den Tunnel- und den Daueranbau.<\/p>\n<p>[\/et_pb_text][et_pb_text admin_label=&#8220;Teelt ervaringen&#8220; _builder_version=&#8220;4.19.4&#8243; background_size=&#8220;initial&#8220; background_position=&#8220;top_left&#8220; background_repeat=&#8220;repeat&#8220; use_border_color=&#8220;off&#8220; border_color=&#8220;#ffffff&#8220; border_style=&#8220;solid&#8220; global_colors_info=&#8220;{}&#8220;]<\/p>\n<h3>Erfahrungen im Anbau: vielseitiger Einsatz<\/h3>\n<p>In den verschiedenen Anbaumethoden produziert Sonata hervorragende Erdbeeren. Die Sorte wird h\u00e4ufig im Fr\u00fchanbau eingesetzt sowie beim ersten gek\u00fchlten Anbau. Sonata eignet sich gut f\u00fcr eine Verfr\u00fchung mit Folienabdeckung. F\u00fcr eine Strohversp\u00e4tung ist sie weniger geeignet. Beim normalen Anbau mit Gr\u00fcnpflanzen und dem Anbau mit Frigopflanzen entwickelt Sonata ein schweres Gew\u00e4chs.<\/p>\n<p>Unter Glas wird sie vor allem im Fr\u00fchanbau in beheizten Gew\u00e4chsh\u00e4usern eingesetzt. Auch im Anbau unter Kunstlicht entwickelt sich Sonata ausgezeichnet. F\u00fcr diese beiden Anbaumethoden im Gew\u00e4chshaus ist die Sorte aufgrund ihres sehr guten Fruchtansatzes und ihrer hohen Produktion besonders geeignet. Da Sonata keine Kr\u00fcppelfr\u00fcchte produziert, ist der Ertrag sehr hoch.<\/p>\n<p>Eine fr\u00fche Pflanzung im Daueranbau Ende Juli\/Anfang August erm\u00f6glicht eine ausreichende F\u00e4rbung. Dies sorgt au\u00dferdem daf\u00fcr, dass die Pflanzen ausreichend niedrigen Temperaturen ausgesetzt werden, f\u00fcr ein gutes Wachstum im Fr\u00fchjahr.<\/p>\n<p>Sonata ist kaum anf\u00e4llig f\u00fcr Frost und dementsprechend auch f\u00fcr den Anbau in Skandinavien geeignet.<\/p>\n<p>Kurz gesagt: Sonata ist eine vielseitig einsetzbare Sorte mit sch\u00f6nen Fr\u00fcchten und einem herrlichen Geschmack.<\/p>\n<p>[\/et_pb_text][\/et_pb_column][\/et_pb_row][et_pb_row admin_label=&#8220;Rij&#8220; _builder_version=&#8220;4.16&#8243; background_size=&#8220;initial&#8220; background_position=&#8220;top_left&#8220; background_repeat=&#8220;repeat&#8220; global_colors_info=&#8220;{}&#8220;][et_pb_column type=&#8220;4_4&#8243; _builder_version=&#8220;4.16&#8243; custom_padding=&#8220;|||&#8220; global_colors_info=&#8220;{}&#8220; custom_padding__hover=&#8220;|||&#8220;][et_pb_text admin_label=&#8220;Beschikbaar als&#8220; _builder_version=&#8220;4.19.4&#8243; background_size=&#8220;initial&#8220; background_position=&#8220;top_left&#8220; background_repeat=&#8220;repeat&#8220; use_border_color=&#8220;off&#8220; border_color=&#8220;#ffffff&#8220; border_style=&#8220;solid&#8220; global_colors_info=&#8220;{}&#8220;]<\/p>\n<h1>Verf\u00fcgbar als:<\/h1>\n<p>[\/et_pb_text][et_pb_image src=&#8220;https:\/\/www.neessen.nl\/wp-content\/uploads\/2023\/02\/2212_eigenschappen-rassen_NL_sorteringen_darselect_elsanta_falco_flair_opera_parlando_rumba_sonata_sonsation_twist_verdiDU-1.png&#8220; title_text=&#8220;2212_eigenschappen rassen_NL_sorteringen_darselect_elsanta_falco_flair_opera_parlando_rumba_sonata_sonsation_twist_verdiDU-1&#8243; align_tablet=&#8220;center&#8220; align_phone=&#8220;center&#8220; align_last_edited=&#8220;on|desktop&#8220; admin_label=&#8220;Afbeelding sorteringen&#8220; _builder_version=&#8220;4.19.4&#8243; animation=&#8220;off&#8220; use_border_color=&#8220;off&#8220; border_color=&#8220;#ffffff&#8220; border_style=&#8220;solid&#8220; sticky=&#8220;off&#8220; always_center_on_mobile=&#8220;on&#8220; global_colors_info=&#8220;{}&#8220;][\/et_pb_image][\/et_pb_column][\/et_pb_row][et_pb_row admin_label=&#8220;Rij&#8220; _builder_version=&#8220;4.16&#8243; background_size=&#8220;initial&#8220; background_position=&#8220;top_left&#8220; background_repeat=&#8220;repeat&#8220; global_colors_info=&#8220;{}&#8220;][et_pb_column type=&#8220;4_4&#8243; _builder_version=&#8220;4.16&#8243; custom_padding=&#8220;|||&#8220; global_colors_info=&#8220;{}&#8220; custom_padding__hover=&#8220;|||&#8220;][et_pb_cta title=&#8220;Sortenbeschreibung PDF &#8220; button_url=&#8220;https:\/\/www.neessen.nl\/wp-content\/uploads\/2023\/01\/Sortebeschreibung-Sonata.pdf&#8220; url_new_window=&#8220;on&#8220; button_text=&#8220;Herunterladen&#8220; admin_label=&#8220;Oproep tot actie&#8220; _builder_version=&#8220;4.19.4&#8243; background_size=&#8220;initial&#8220; background_position=&#8220;top_left&#8220; background_repeat=&#8220;repeat&#8220; use_border_color=&#8220;off&#8220; border_color=&#8220;#ffffff&#8220; border_style=&#8220;solid&#8220; button_letter_spacing_hover=&#8220;0&#8243; saved_tabs=&#8220;all&#8220; global_colors_info=&#8220;{}&#8220; button_text_size__hover_enabled=&#8220;off&#8220; button_one_text_size__hover_enabled=&#8220;off&#8220; button_two_text_size__hover_enabled=&#8220;off&#8220; button_text_color__hover_enabled=&#8220;off&#8220; button_one_text_color__hover_enabled=&#8220;off&#8220; button_two_text_color__hover_enabled=&#8220;off&#8220; button_border_width__hover_enabled=&#8220;off&#8220; button_one_border_width__hover_enabled=&#8220;off&#8220; button_two_border_width__hover_enabled=&#8220;off&#8220; button_border_color__hover_enabled=&#8220;off&#8220; button_one_border_color__hover_enabled=&#8220;off&#8220; button_two_border_color__hover_enabled=&#8220;off&#8220; button_border_radius__hover_enabled=&#8220;off&#8220; button_one_border_radius__hover_enabled=&#8220;off&#8220; button_two_border_radius__hover_enabled=&#8220;off&#8220; button_letter_spacing__hover_enabled=&#8220;on&#8220; button_letter_spacing__hover=&#8220;0&#8243; button_one_letter_spacing__hover_enabled=&#8220;off&#8220; button_two_letter_spacing__hover_enabled=&#8220;off&#8220; button_bg_color__hover_enabled=&#8220;off&#8220; button_one_bg_color__hover_enabled=&#8220;off&#8220; button_two_bg_color__hover_enabled=&#8220;off&#8220;][\/et_pb_cta][\/et_pb_column][\/et_pb_row][et_pb_row admin_label=&#8220;Rij&#8220; _builder_version=&#8220;4.16&#8243; background_size=&#8220;initial&#8220; background_position=&#8220;top_left&#8220; background_repeat=&#8220;repeat&#8220; global_colors_info=&#8220;{}&#8220;][et_pb_column type=&#8220;4_4&#8243; _builder_version=&#8220;4.16&#8243; custom_padding=&#8220;|||&#8220; global_colors_info=&#8220;{}&#8220; custom_padding__hover=&#8220;|||&#8220;][et_pb_text admin_label=&#8220;Tekst&#8220; _builder_version=&#8220;4.19.4&#8243; background_size=&#8220;initial&#8220; background_position=&#8220;top_left&#8220; background_repeat=&#8220;repeat&#8220; use_border_color=&#8220;off&#8220; border_color=&#8220;#ffffff&#8220; border_style=&#8220;solid&#8220; saved_tabs=&#8220;all&#8220; global_colors_info=&#8220;{}&#8220;]<\/p>\n<p><a href=\"https:\/\/www.fresh-forward.nl\/nl\">Quelle angabe: FreshForward<\/a><\/p>\n<p>[\/et_pb_text][\/et_pb_column][\/et_pb_row][\/et_pb_section]<\/p>\n","protected":false},"excerpt":{"rendered":"<p>SonataSonata ist so wie eine Erdbeere sein sollte: eine sehr schmackhafte und sch\u00f6ne Frucht. Diese mittelsp\u00e4te einmaltragende Sorte hat einen ausgezeichneten Fruchtansatz und bildet sch\u00f6ne, einheitliche Fr\u00fcchte. Sie ist sehr ertragreich und hat einen hohen Anteil an Fr\u00fcchten erster Qualit\u00e4t. Sonata ist einfach zu pfl\u00fccken und erfordert wenig Sortierarbeit. Die Sorte ist geeignet f\u00fcr eine [&hellip;]<\/p>\n","protected":false},"author":1,"featured_media":0,"parent":2048,"menu_order":6,"comment_status":"closed","ping_status":"closed","template":"","meta":{"_et_pb_use_builder":"on","_et_pb_old_content":"<p><strong>Toonaangevend<\/strong>!<br \/> Sonata is een middenlate \u00e9\u00e9nmaaldrager met bijzonder goede smaakeigenschappen. Sonata is een uitstekend alternatief voor Elsanta. Het ras onderscheidt zich van Elsanta door de goede vruchtzetting en de uniforme vruchten. Sonata is geschikt voor de koelere klimaatzone in West-Europa, hoofdzakelijk ten noorden van de Alpen. Het ras is geschikt voor zowel de teelt onder glas als in de vollegrond. Onder glas kan Sonata worden toegepast als doorteelt en als nieuwe planting in de winter. Bij nieuwe planting in de winter gaat het meestal om een vroege stookteelt waarvoor Sonata zich goed leent omdat ze nauwelijks kromme vruchten geeft. Sonata is vanwege haar goede weggroei ook geschikt voor de teelt van gekoelde wachtbedplanten. Sonata heeft een goede vruchtzetting en is ook zeer gemakkelijk te plukken.<\/p><h2>Vruchtkwaliteit<\/h2><p>Sonata is een sappige aardbei met een zoete smaak en een duidelijk aardbeiaroma. De stevige, uniforme vrucht heeft een conische vorm en een helderrode kleur, inwendig is zij lichtrood. Typerend zijn het mooie kroontje en de mooie glans, die ook na bewaring behouden blijven. Het gemiddelde vruchtgewicht is hoger dan bij Elsanta. De vruchten zijn hard maar soms een beetje gevoelig voor drukplekken bij ongunstige klimaatomstandigheden. Met de<br \/> juiste plukfrequentie kan dit in de hand gehouden worden. Sonata is beter bestand tegen regen en scheurt minder snel dan Elsanta.<\/p><h2>Bloei en plukperiode<\/h2><p>Vanaf het begin van het seizoen is de bloemkwaliteit bijzonder goed. Doordat Sonata veel stuifmeel produceert, is het percentage misvormde vruchten bijzonder laag. In de voorjaarsteelten met trayplanten komt Sonata vrijwel gelijktijdig in productie met Elsanta. In de doorteelt is Sonata gemiddeld twee dagen later. Sonata heeft doorgaans een betere oogstspreiding dan Elsanta. De trossen zijn korter dan die van Elsanta en blijven meestal net onder het blad. Het optimale plukmoment is als de vruchten oranjerood zijn. Na het plukken kleuren zij nog even door. Bij warm weer is het belangrijk de plukfrequentie aan te passen.<\/p><h2>Productiviteit<\/h2><p>De opbrengst van Sonata is vergelijkbaar met de opbrengst van Elsanta. Het aantal vruchten van eerste kwaliteit ligt duidelijk hoger. Sonata plukt makkelijk en vraagt weinig sorteerarbeid. Daardoor kan de besparing ten opzichte van Elsanta hoog oplopen. Bij vervroeging is er nauwelijks sprake van opbrengst- of kwaliteitsverlies.<\/p><h2>Ziektegevoeligheid<\/h2><p>Sonata is gevoelig voor de volgende ziektes:<br \/> - verwelkingsziekte (Verticillium)<br \/> - stengelbasisrot (Phytophthora cactorum)<br \/> - koprot (Rhizoctonia)<br \/> In vergelijking met Elsanta blijkt Sonata minder gevoelig te zijn voor meeldauw (Sphaerotheca mac.). In de vermeerdering vraagt stengelbasisrot extra aandacht. Een preventieve bespuiting tegen grauwe schimmel (Botrytis) en koprot (Rhizoctonia) is onontbeerlijk.<\/p><h2>Teeltervaringen<\/h2><p>De normale teeltplanting vindt plaats in het najaar (augustus). Deze is vergelijkbaar met de frigoteelt (planting van frigoplanten in mei). Bij de normale openlucht teelten van frigoplanten ontwikkelt zich een zwaar gewas en zitten de trossen soms wat diep verscholen onder het bladerdek. Dit beschermt bloemen tegen late nachtvorst en nadien de vruchten tegen instraling. Een goede preventieve bespuiting tegen Botrytis en Rhizoctonia is dan erg belangrijk. De gekoelde teelt, plantingen met gekoelde planten, vindt plaats vanaf eind maart tot begin juli. Met name in de vroege teelten wordt Sonata vaak ingezet.<\/p><p>Sonata wordt tot op heden weinig gebruikt in de doorteelt vanwege de matige doorkleuring van de vruchten in de herfst. Dit gebeurt vooral bij donker weer. De voorjaarsproductie van de doorteelt verloopt zonder problemen. Sonata is zeer geschikt voor een vroege stookteelt vanwege zijn zeer goede vruchtzetting en hoge productie. Omdat Sonata geen misvormde vruchten geeft, heeft dit ras een groot voordeel in vroege teelten ten opzichte van Elsanta. Sonata is nauwelijks gevoelig voor vorst en daardoor geschikt voor de teelt in Scandinavi\u00eb, waar zij steeds vaker wordt aangeplant. Ze moet daar echter in de winter wel afgedekt worden met een vliesdoek. Sonata is vrij goed bestand tegen nachtvorst tijdens de bloei omdat de bloemen dan meestal nog onder de bladeren zitten. Sonata is minder geschikt voor verlating met stro.<\/p><p>Sonata heeft een grote behoefte aan magnesium. Dit geldt zowel op het vermeerderingsveld als in de productievelden. Ook de stikstofbemesting vraagt aandacht. Een evenwichtige balans aan sporenelementen (ijzer, mangaan) is van groot belang.<\/p><p>[gallery columns=\"4\" ids=\"151,152,153,154,155,156,157\"]<\/p>","_et_gb_content_width":""},"acf":[],"_links":{"self":[{"href":"https:\/\/www.neessen.nl\/de\/wp-json\/wp\/v2\/pages\/2125"}],"collection":[{"href":"https:\/\/www.neessen.nl\/de\/wp-json\/wp\/v2\/pages"}],"about":[{"href":"https:\/\/www.neessen.nl\/de\/wp-json\/wp\/v2\/types\/page"}],"author":[{"embeddable":true,"href":"https:\/\/www.neessen.nl\/de\/wp-json\/wp\/v2\/users\/1"}],"replies":[{"embeddable":true,"href":"https:\/\/www.neessen.nl\/de\/wp-json\/wp\/v2\/comments?post=2125"}],"version-history":[{"count":8,"href":"https:\/\/www.neessen.nl\/de\/wp-json\/wp\/v2\/pages\/2125\/revisions"}],"predecessor-version":[{"id":4985,"href":"https:\/\/www.neessen.nl\/de\/wp-json\/wp\/v2\/pages\/2125\/revisions\/4985"}],"up":[{"embeddable":true,"href":"https:\/\/www.neessen.nl\/de\/wp-json\/wp\/v2\/pages\/2048"}],"wp:attachment":[{"href":"https:\/\/www.neessen.nl\/de\/wp-json\/wp\/v2\/media?parent=2125"}],"curies":[{"name":"wp","href":"https:\/\/api.w.org\/{rel}","templated":true}]}}