{"id":2121,"date":"2016-06-21T10:33:35","date_gmt":"2016-06-21T08:33:35","guid":{"rendered":"https:\/\/www.neessen.nl\/middentijdse-aardbeienrassen\/opera\/"},"modified":"2026-01-20T02:36:48","modified_gmt":"2026-01-20T01:36:48","slug":"opera","status":"publish","type":"page","link":"https:\/\/www.neessen.nl\/de\/neessen-aardbei-en-aspergeplanten\/aardbeienplanten\/rassen\/middentijdse-aardbeienrassen\/opera\/","title":{"rendered":"Opera"},"content":{"rendered":"<p>[et_pb_section fb_built=&#8220;1&#8243; fullwidth=&#8220;on&#8220; admin_label=&#8220;Header 3 aarbeien&#8220; _builder_version=&#8220;4.19.4&#8243; _module_preset=&#8220;default&#8220; global_module=&#8220;2386&#8243; saved_tabs=&#8220;all&#8220; global_colors_info=&#8220;{}&#8220;][et_pb_fullwidth_image src=&#8220;https:\/\/www.neessen.nl\/wp-content\/uploads\/2023\/01\/neessen_header1.jpg&#8220; title_text=&#8220;neessen_header1&#8243; _builder_version=&#8220;4.19.4&#8243; _module_preset=&#8220;default&#8220; global_colors_info=&#8220;{}&#8220;][\/et_pb_fullwidth_image][\/et_pb_section][et_pb_section fb_built=&#8220;1&#8243; admin_label=&#8220;section&#8220; _builder_version=&#8220;4.16&#8243; global_colors_info=&#8220;{}&#8220;][et_pb_row admin_label=&#8220;Rij&#8220; _builder_version=&#8220;4.16&#8243; background_size=&#8220;initial&#8220; background_position=&#8220;top_left&#8220; background_repeat=&#8220;repeat&#8220; custom_margin=&#8220;0px|||&#8220; custom_padding=&#8220;0px|||&#8220; make_fullwidth=&#8220;off&#8220; use_custom_width=&#8220;off&#8220; width_unit=&#8220;on&#8220; global_colors_info=&#8220;{}&#8220;][et_pb_column type=&#8220;4_4&#8243; _builder_version=&#8220;4.16&#8243; custom_padding=&#8220;|||&#8220; global_colors_info=&#8220;{}&#8220; custom_padding__hover=&#8220;|||&#8220;][et_pb_text admin_label=&#8220;Titel&#8220; _builder_version=&#8220;4.19.4&#8243; text_font_size=&#8220;66&#8243; background_size=&#8220;initial&#8220; background_position=&#8220;top_left&#8220; background_repeat=&#8220;repeat&#8220; custom_padding=&#8220;18px|||||&#8220; text_font_size_tablet=&#8220;40px&#8220; text_font_size_phone=&#8220;30px&#8220; text_font_size_last_edited=&#8220;on|phone&#8220; use_border_color=&#8220;off&#8220; border_color=&#8220;#ffffff&#8220; border_style=&#8220;solid&#8220; global_colors_info=&#8220;{}&#8220;]<\/p>\n<p>Opera<\/p>\n<p>[\/et_pb_text][\/et_pb_column][\/et_pb_row][et_pb_row admin_label=&#8220;Rij&#8220; _builder_version=&#8220;4.16&#8243; background_size=&#8220;initial&#8220; background_position=&#8220;top_left&#8220; background_repeat=&#8220;repeat&#8220; custom_margin=&#8220;31px|auto||auto||&#8220; make_fullwidth=&#8220;off&#8220; use_custom_width=&#8220;off&#8220; width_unit=&#8220;on&#8220; global_colors_info=&#8220;{}&#8220;][et_pb_column type=&#8220;4_4&#8243; _builder_version=&#8220;4.16&#8243; custom_padding=&#8220;|||&#8220; global_colors_info=&#8220;{}&#8220; custom_padding__hover=&#8220;|||&#8220;][et_pb_image src=&#8220;https:\/\/www.neessen.nl\/wp-content\/uploads\/2023\/01\/Opera-2.jpg&#8220; align_tablet=&#8220;center&#8220; align_phone=&#8220;center&#8220; align_last_edited=&#8220;on|desktop&#8220; admin_label=&#8220;Afbeelding&#8220; _builder_version=&#8220;4.16&#8243; animation=&#8220;off&#8220; use_border_color=&#8220;off&#8220; border_color=&#8220;#ffffff&#8220; border_style=&#8220;solid&#8220; sticky=&#8220;off&#8220; always_center_on_mobile=&#8220;on&#8220; global_colors_info=&#8220;{}&#8220;][\/et_pb_image][\/et_pb_column][\/et_pb_row][et_pb_row admin_label=&#8220;Rij&#8220; _builder_version=&#8220;4.16&#8243; background_size=&#8220;initial&#8220; background_position=&#8220;top_left&#8220; background_repeat=&#8220;repeat&#8220; global_colors_info=&#8220;{}&#8220;][et_pb_column type=&#8220;4_4&#8243; _builder_version=&#8220;4.16&#8243; custom_padding=&#8220;|||&#8220; global_colors_info=&#8220;{}&#8220; custom_padding__hover=&#8220;|||&#8220;][et_pb_text admin_label=&#8220;Tekst&#8220; _builder_version=&#8220;4.19.4&#8243; background_size=&#8220;initial&#8220; background_position=&#8220;top_left&#8220; background_repeat=&#8220;repeat&#8220; use_border_color=&#8220;off&#8220; border_color=&#8220;#ffffff&#8220; border_style=&#8220;solid&#8220; global_colors_info=&#8220;{}&#8220;]<\/p>\n<p><strong>Opera ist eine Sorte aus dem Programm f\u00fcr einmaltragende Sorten von Fresh Forward. Opera vereint einige au\u00dfergew\u00f6hnliche Eigenschaften wie eine gro\u00dfe Fruchtgr\u00f6\u00dfe, einen prachtvollen Glanz und eine sehr hohe Ernteeffizienz. Dies macht die Sorte zu einer ausgezeichneten Alternative zu Elsanta in einem (gesch\u00fctzten) Stellagenanbau.<\/strong><\/p>\n<p>[\/et_pb_text][et_pb_image src=&#8220;https:\/\/www.neessen.nl\/wp-content\/uploads\/2026\/01\/2212_eigenschappen-rassen_NL_eigenschappen_operaDU-1.png&#8220; title_text=&#8220;2212_eigenschappen rassen_NL_eigenschappen_operaDU-1&#8243; align_tablet=&#8220;center&#8220; align_phone=&#8220;center&#8220; align_last_edited=&#8220;on|desktop&#8220; admin_label=&#8220;Afbeelding eigenschappen&#8220; _builder_version=&#8220;4.27.5&#8243; hover_enabled=&#8220;0&#8243; animation=&#8220;off&#8220; use_border_color=&#8220;off&#8220; border_color=&#8220;#ffffff&#8220; border_style=&#8220;solid&#8220; sticky=&#8220;off&#8220; always_center_on_mobile=&#8220;on&#8220; global_colors_info=&#8220;{}&#8220; sticky_enabled=&#8220;0&#8243;][\/et_pb_image][et_pb_text admin_label=&#8220;Teelt&#8220; _builder_version=&#8220;4.19.4&#8243; background_size=&#8220;initial&#8220; background_position=&#8220;top_left&#8220; background_repeat=&#8220;repeat&#8220; use_border_color=&#8220;off&#8220; border_color=&#8220;#ffffff&#8220; border_style=&#8220;solid&#8220; global_colors_info=&#8220;{}&#8220;]<\/p>\n<h3>Anbau<\/h3>\n<p>Opera ist eine mittelfr\u00fche einmaltragende Sorte mit einem mit Elsanta und Sonata ver\u00ad gleichbaren Erntebeginn. Die Pflege der Pflan\u00ad ze erfordert wenig Arbeit. Durch die langen Bl\u00fctenstiehle und das aufrechte Wachstum der Pflanze, lassen sich die Bl\u00fctenstiehle leicht trennen. Zudem erfordern die Pflanzen wenig Arbeit beim Ausputzen. Bienen und Hummeln fliegen gerne zu den pollenreichen Bl\u00fcten. Die langen Bl\u00fctenstiehlen kommen zeitlich sch\u00f6n versetzt aus der Pflanze und sorgen dadurch f\u00fcr einen sehr guten Ernteverlauf. Auch die letzten Fr\u00fcchte an der Pflanze sind gro\u00df. Dadurch hat Opera eine lange Erntezeit. Das durchschnittliche Fruchtgewicht ist im gesamten Ernteverlauf sehr hoch. Dies macht Opera zu einer Sorte mit einem hohen Anteil erstklassiger Erdbeeren und einer sehr hohen Ernteeffizienz. Die Pflanzen sind vital und Krankheiten haben kaum eine Chance. Opera ist kaum anf\u00e4llig f\u00fcr sowohl Rhizomf\u00e4ule (Phytophthora cactorum) als auch Mehltau (Podosphaera aphanis).<\/p>\n<h4><img decoding=\"async\" loading=\"lazy\" class=\"aligncenter\" src=\"https:\/\/www.fresh-forward.nl\/thumbnail\/inline\/636\/tabel-opera-du.png\" width=\"727\" height=\"365\" \/><\/h4>\n<h4>Sommeranbau auf Stellagen:<\/h4>\n<p>Die Sorte ist haupts\u00e4chlich f\u00fcr den Anbau auf Stellagen geeignet. Beim Stellagenanbau beh\u00e4lt Opera auch bei sommerlichen Tempera\u00ad turen ihre Gr\u00f6\u00dfe, ihren Geschmack und ihren Glanz. Der Ertrag und das Fruchtgewicht sind deutlich h\u00f6her als bei Elsanta. Dies f\u00fchrt auch zu einem h\u00f6heren Pfl\u00fcckleistung.<\/p>\n<h4>Erfahrungen im Durchkultur:<\/h4>\n<p>In den vergangenen Jahren wurden mit Opera gute Erfahrungen im Durchkultur gemacht. Opera hat einen geringeren K\u00e4ltebedarf als Elsanta, streckt sich einfacher und erzeugt weniger Kr\u00fcppelfr\u00fcchte im Fr\u00fchjahr. Opera hat einen gr\u00f6\u00dferen Bedarf an Spuren\u00ad elementen, insbesondere an Zink, Eisen und Mangan. Ab der Bl\u00fcte wird eine hohe Kaliumd\u00fcngung zur Gew\u00e4hrleistung der Fruchtqualit\u00e4t empfohlen.<\/p>\n<h3>Absatz<\/h3>\n<p>Opera bildet attraktive, gro\u00dfe, saftige, dunkelrote Fr\u00fcchte, die stark gl\u00e4nzen und gut haltbar sind. F\u00fcr den Handel ist die sch\u00f6ne Ausstrahlung der Opera ein Pluspunkt.<\/p>\n<p>[\/et_pb_text][et_pb_text admin_label=&#8220;Afzet&#8220; _builder_version=&#8220;4.16&#8243; background_size=&#8220;initial&#8220; background_position=&#8220;top_left&#8220; background_repeat=&#8220;repeat&#8220; use_border_color=&#8220;off&#8220; border_color=&#8220;#ffffff&#8220; border_style=&#8220;solid&#8220; global_colors_info=&#8220;{}&#8220;]<\/p>\n<h3>Afzet<\/h3>\n<p>Opera maakt grote sappige vruchten die sterk glanzen. De vruchten hebben een donker rode kleur, die ook bij korte dagen met weinig licht en warmte behouden blijft. Samen met haar mooie glans, garandeert dat in de winter een aantrekkelijke aardbei voor in het schap. Voor de handel is de mooie uitstraling van Opera in moeilijkere teelt perioden van het jaar een groot pluspunt.<br \/>\n[\/et_pb_text][\/et_pb_column][\/et_pb_row][et_pb_row admin_label=&#8220;Rij&#8220; _builder_version=&#8220;4.16&#8243; background_size=&#8220;initial&#8220; background_position=&#8220;top_left&#8220; background_repeat=&#8220;repeat&#8220; global_colors_info=&#8220;{}&#8220;][et_pb_column type=&#8220;4_4&#8243; _builder_version=&#8220;4.16&#8243; custom_padding=&#8220;|||&#8220; global_colors_info=&#8220;{}&#8220; custom_padding__hover=&#8220;|||&#8220;][et_pb_text admin_label=&#8220;Beschikbaar als&#8220; _builder_version=&#8220;4.19.4&#8243; background_size=&#8220;initial&#8220; background_position=&#8220;top_left&#8220; background_repeat=&#8220;repeat&#8220; use_border_color=&#8220;off&#8220; border_color=&#8220;#ffffff&#8220; border_style=&#8220;solid&#8220; global_colors_info=&#8220;{}&#8220;]<\/p>\n<h1>Verf\u00fcgbar als:<\/h1>\n<p>[\/et_pb_text][et_pb_image src=&#8220;https:\/\/www.neessen.nl\/wp-content\/uploads\/2023\/02\/2212_eigenschappen-rassen_NL_sorteringen_darselect_elsanta_falco_flair_opera_parlando_rumba_sonata_sonsation_twist_verdiDU-1.png&#8220; title_text=&#8220;2212_eigenschappen rassen_NL_sorteringen_darselect_elsanta_falco_flair_opera_parlando_rumba_sonata_sonsation_twist_verdiDU-1&#8243; align_tablet=&#8220;center&#8220; align_phone=&#8220;center&#8220; align_last_edited=&#8220;on|desktop&#8220; admin_label=&#8220;Afbeelding sorteringen&#8220; _builder_version=&#8220;4.19.4&#8243; animation=&#8220;off&#8220; use_border_color=&#8220;off&#8220; border_color=&#8220;#ffffff&#8220; border_style=&#8220;solid&#8220; sticky=&#8220;off&#8220; always_center_on_mobile=&#8220;on&#8220; global_colors_info=&#8220;{}&#8220;][\/et_pb_image][\/et_pb_column][\/et_pb_row][et_pb_row admin_label=&#8220;Rij&#8220; _builder_version=&#8220;4.16&#8243; background_size=&#8220;initial&#8220; background_position=&#8220;top_left&#8220; background_repeat=&#8220;repeat&#8220; global_colors_info=&#8220;{}&#8220;][et_pb_column type=&#8220;4_4&#8243; _builder_version=&#8220;4.16&#8243; custom_padding=&#8220;|||&#8220; global_colors_info=&#8220;{}&#8220; custom_padding__hover=&#8220;|||&#8220;][et_pb_cta title=&#8220;Sortenbeschreibung PDF &#8220; button_url=&#8220;https:\/\/www.neessen.nl\/wp-content\/uploads\/2023\/01\/Rasbeschrijving-Opera_DU.pdf&#8220; url_new_window=&#8220;on&#8220; button_text=&#8220;Herunterladen&#8220; admin_label=&#8220;Oproep tot actie&#8220; _builder_version=&#8220;4.19.4&#8243; background_size=&#8220;initial&#8220; background_position=&#8220;top_left&#8220; background_repeat=&#8220;repeat&#8220; use_border_color=&#8220;off&#8220; border_color=&#8220;#ffffff&#8220; border_style=&#8220;solid&#8220; button_letter_spacing_hover=&#8220;0&#8243; saved_tabs=&#8220;all&#8220; global_colors_info=&#8220;{}&#8220; button_text_size__hover_enabled=&#8220;off&#8220; button_one_text_size__hover_enabled=&#8220;off&#8220; button_two_text_size__hover_enabled=&#8220;off&#8220; button_text_color__hover_enabled=&#8220;off&#8220; button_one_text_color__hover_enabled=&#8220;off&#8220; button_two_text_color__hover_enabled=&#8220;off&#8220; button_border_width__hover_enabled=&#8220;off&#8220; button_one_border_width__hover_enabled=&#8220;off&#8220; button_two_border_width__hover_enabled=&#8220;off&#8220; button_border_color__hover_enabled=&#8220;off&#8220; button_one_border_color__hover_enabled=&#8220;off&#8220; button_two_border_color__hover_enabled=&#8220;off&#8220; button_border_radius__hover_enabled=&#8220;off&#8220; button_one_border_radius__hover_enabled=&#8220;off&#8220; button_two_border_radius__hover_enabled=&#8220;off&#8220; button_letter_spacing__hover_enabled=&#8220;on&#8220; button_letter_spacing__hover=&#8220;0&#8243; button_one_letter_spacing__hover_enabled=&#8220;off&#8220; button_two_letter_spacing__hover_enabled=&#8220;off&#8220; button_bg_color__hover_enabled=&#8220;off&#8220; button_one_bg_color__hover_enabled=&#8220;off&#8220; button_two_bg_color__hover_enabled=&#8220;off&#8220;][\/et_pb_cta][\/et_pb_column][\/et_pb_row][et_pb_row admin_label=&#8220;Rij&#8220; _builder_version=&#8220;4.16&#8243; background_size=&#8220;initial&#8220; background_position=&#8220;top_left&#8220; background_repeat=&#8220;repeat&#8220; global_colors_info=&#8220;{}&#8220;][et_pb_column type=&#8220;4_4&#8243; _builder_version=&#8220;4.16&#8243; custom_padding=&#8220;|||&#8220; global_colors_info=&#8220;{}&#8220; custom_padding__hover=&#8220;|||&#8220;][et_pb_text admin_label=&#8220;Tekst&#8220; _builder_version=&#8220;4.19.4&#8243; background_size=&#8220;initial&#8220; background_position=&#8220;top_left&#8220; background_repeat=&#8220;repeat&#8220; use_border_color=&#8220;off&#8220; border_color=&#8220;#ffffff&#8220; border_style=&#8220;solid&#8220; saved_tabs=&#8220;all&#8220; global_colors_info=&#8220;{}&#8220;]<\/p>\n<p><a href=\"https:\/\/www.fresh-forward.nl\/nl\">Quelle angabe: FreshForward<\/a><\/p>\n<p>[\/et_pb_text][\/et_pb_column][\/et_pb_row][\/et_pb_section]<\/p>\n","protected":false},"excerpt":{"rendered":"<p>OperaOpera ist eine Sorte aus dem Programm f\u00fcr einmaltragende Sorten von Fresh Forward. Opera vereint einige au\u00dfergew\u00f6hnliche Eigenschaften wie eine gro\u00dfe Fruchtgr\u00f6\u00dfe, einen prachtvollen Glanz und eine sehr hohe Ernteeffizienz. Dies macht die Sorte zu einer ausgezeichneten Alternative zu Elsanta in einem (gesch\u00fctzten) Stellagenanbau.Anbau Opera ist eine mittelfr\u00fche einmaltragende Sorte mit einem mit Elsanta und [&hellip;]<\/p>\n","protected":false},"author":1,"featured_media":0,"parent":2048,"menu_order":5,"comment_status":"closed","ping_status":"closed","template":"","meta":{"_et_pb_use_builder":"on","_et_pb_old_content":"<p>Wie wil dat nu niet? Bij het invallen van de winter nog even terugdenken aan de zomer, met een schaal vol prachtig grote, intens glanzende rode aardbeien. Met Opera, een nieuw ras uit het eenmaaldragers programma van Fresh Forward, is dit mogelijk. In Opera worden een aantal uitzonderlijke kenmerken gecombineerd zoals een grote vruchtmaat, prachtige glans, zeer hoge plukeffici\u00ebntie en goede doorkleuring in het najaar. Dit maakt het ras een uitstekend alternatief voor Elsanta in de doorteelt.<\/p><h2>Teelt<\/h2><p>Opera is een middentijdse eenmaaldrager die een vergelijkbare start van de oogstperiode heeft als Elsanta en Sonata. In de doorteelt heeft Opera weinig kou nodig, waardoor vroeg in het nieuwe jaar met de tweede bloei en oogst kan worden begonnen. De verzorging van het gewas vraagt weinig arbeid. Door haar lange bloemstelen en opgaand gewas, zijn de trossen makkelijk door te halen. Ook geven de planten weinig werk bij het opschonen. Het gewas is vitaal, ziekten maken weinig kans. Opera is weinig gevoelig voor zowel stengelbasisrot (Phytophthora cactorum) als meeldauw (Podosphaera aphanis). Behalve voor de doorteelt, is het ras ook geschikt voor de stellingteelt. In deze teelt behoudt Opera ook bij zomerse temperaturen haar maat, smaak en glans.<\/p><h2>Oogst<\/h2><p>De bijen en hommels vliegen graag op de stuifmeel rijke bloemen. De lange bloemstelen komen mooi gespreid uit de plant en zorgen daardoor voor een zeer goede oogstspreiding. Ook de laatste vruchten aan de plant blijven groot van maat. Daardoor heeft Opera een lange oogstperiode. Het gemiddeld vruchtgewicht ligt van het begin tot het einde van de oogst zeer hoog. Dit maakt Opera tot een ras met een hoog aandeel eerste klas aardbeien en een zeer hoge plukeffici\u00ebntie.<\/p><h2>Afzet<\/h2><p>Opera maakt grote sappige vruchten die sterk glanzen. De vruchten hebben een donker rode kleur, die ook bij korte dagen met weinig licht en warmte behouden blijft. Samen met haar mooie glans, garandeert dat in de winter een aantrekkelijke aardbei voor in het schap. Voor de handel is de mooie uitstraling van Opera in moeilijkere teelt perioden van het jaar een groot pluspunt.<\/p>","_et_gb_content_width":""},"acf":[],"_links":{"self":[{"href":"https:\/\/www.neessen.nl\/de\/wp-json\/wp\/v2\/pages\/2121"}],"collection":[{"href":"https:\/\/www.neessen.nl\/de\/wp-json\/wp\/v2\/pages"}],"about":[{"href":"https:\/\/www.neessen.nl\/de\/wp-json\/wp\/v2\/types\/page"}],"author":[{"embeddable":true,"href":"https:\/\/www.neessen.nl\/de\/wp-json\/wp\/v2\/users\/1"}],"replies":[{"embeddable":true,"href":"https:\/\/www.neessen.nl\/de\/wp-json\/wp\/v2\/comments?post=2121"}],"version-history":[{"count":8,"href":"https:\/\/www.neessen.nl\/de\/wp-json\/wp\/v2\/pages\/2121\/revisions"}],"predecessor-version":[{"id":6023,"href":"https:\/\/www.neessen.nl\/de\/wp-json\/wp\/v2\/pages\/2121\/revisions\/6023"}],"up":[{"embeddable":true,"href":"https:\/\/www.neessen.nl\/de\/wp-json\/wp\/v2\/pages\/2048"}],"wp:attachment":[{"href":"https:\/\/www.neessen.nl\/de\/wp-json\/wp\/v2\/media?parent=2121"}],"curies":[{"name":"wp","href":"https:\/\/api.w.org\/{rel}","templated":true}]}}