{"id":2102,"date":"2016-06-21T09:23:33","date_gmt":"2016-06-21T07:23:33","guid":{"rendered":"https:\/\/www.neessen.nl\/vroege-aardbeiden-rassen\/lambada\/"},"modified":"2023-05-08T15:21:00","modified_gmt":"2023-05-08T13:21:00","slug":"lambada","status":"publish","type":"page","link":"https:\/\/www.neessen.nl\/de\/neessen-aardbei-en-aspergeplanten\/aardbeienplanten\/rassen\/vroege-aardbeiden-rassen\/lambada\/","title":{"rendered":"Lambada"},"content":{"rendered":"<p>[et_pb_section fb_built=&#8220;1&#8243; fullwidth=&#8220;on&#8220; admin_label=&#8220;Header 3 aarbeien&#8220; _builder_version=&#8220;4.19.4&#8243; _module_preset=&#8220;default&#8220; global_module=&#8220;2386&#8243; saved_tabs=&#8220;all&#8220; global_colors_info=&#8220;{}&#8220;][et_pb_fullwidth_image src=&#8220;https:\/\/www.neessen.nl\/wp-content\/uploads\/2023\/01\/neessen_header1.jpg&#8220; title_text=&#8220;neessen_header1&#8243; _builder_version=&#8220;4.19.4&#8243; _module_preset=&#8220;default&#8220; global_colors_info=&#8220;{}&#8220;][\/et_pb_fullwidth_image][\/et_pb_section][et_pb_section fb_built=&#8220;1&#8243; admin_label=&#8220;section&#8220; _builder_version=&#8220;4.16&#8243; global_colors_info=&#8220;{}&#8220;][et_pb_row admin_label=&#8220;Rij&#8220; _builder_version=&#8220;4.16&#8243; background_size=&#8220;initial&#8220; background_position=&#8220;top_left&#8220; background_repeat=&#8220;repeat&#8220; custom_margin=&#8220;0px|||&#8220; custom_padding=&#8220;0px|||&#8220; make_fullwidth=&#8220;off&#8220; use_custom_width=&#8220;off&#8220; width_unit=&#8220;on&#8220; global_colors_info=&#8220;{}&#8220;][et_pb_column type=&#8220;4_4&#8243; _builder_version=&#8220;4.16&#8243; custom_padding=&#8220;|||&#8220; global_colors_info=&#8220;{}&#8220; custom_padding__hover=&#8220;|||&#8220;][et_pb_text admin_label=&#8220;Titel&#8220; _builder_version=&#8220;4.19.4&#8243; text_font_size=&#8220;66&#8243; background_size=&#8220;initial&#8220; background_position=&#8220;top_left&#8220; background_repeat=&#8220;repeat&#8220; custom_margin=&#8220;19px|||||&#8220; custom_padding=&#8220;||25px|||&#8220; hover_enabled=&#8220;0&#8243; text_font_size_tablet=&#8220;40px&#8220; text_font_size_phone=&#8220;30px&#8220; text_font_size_last_edited=&#8220;on|phone&#8220; use_border_color=&#8220;off&#8220; border_color=&#8220;#ffffff&#8220; border_style=&#8220;solid&#8220; global_colors_info=&#8220;{}&#8220; sticky_enabled=&#8220;0&#8243;]<\/p>\n<p>Lambada<\/p>\n<p>[\/et_pb_text][\/et_pb_column][\/et_pb_row][et_pb_row admin_label=&#8220;Rij&#8220; _builder_version=&#8220;4.16&#8243; background_size=&#8220;initial&#8220; background_position=&#8220;top_left&#8220; background_repeat=&#8220;repeat&#8220; make_fullwidth=&#8220;off&#8220; use_custom_width=&#8220;off&#8220; width_unit=&#8220;on&#8220; global_colors_info=&#8220;{}&#8220;][et_pb_column type=&#8220;4_4&#8243; _builder_version=&#8220;4.16&#8243; custom_padding=&#8220;|||&#8220; global_colors_info=&#8220;{}&#8220; custom_padding__hover=&#8220;|||&#8220;][et_pb_image src=&#8220;https:\/\/www.neessen.nl\/wp-content\/uploads\/2023\/01\/Lambada.jpg&#8220; align_tablet=&#8220;center&#8220; align_phone=&#8220;center&#8220; align_last_edited=&#8220;on|desktop&#8220; admin_label=&#8220;Afbeelding&#8220; _builder_version=&#8220;4.16&#8243; animation=&#8220;off&#8220; use_border_color=&#8220;off&#8220; border_color=&#8220;#ffffff&#8220; border_style=&#8220;solid&#8220; sticky=&#8220;off&#8220; always_center_on_mobile=&#8220;on&#8220; global_colors_info=&#8220;{}&#8220;][\/et_pb_image][\/et_pb_column][\/et_pb_row][et_pb_row admin_label=&#8220;Rij&#8220; _builder_version=&#8220;4.16&#8243; background_size=&#8220;initial&#8220; background_position=&#8220;top_left&#8220; background_repeat=&#8220;repeat&#8220; global_colors_info=&#8220;{}&#8220;][et_pb_column type=&#8220;4_4&#8243; _builder_version=&#8220;4.16&#8243; custom_padding=&#8220;|||&#8220; global_colors_info=&#8220;{}&#8220; custom_padding__hover=&#8220;|||&#8220;][et_pb_text admin_label=&#8220;Tekst&#8220; _builder_version=&#8220;4.19.4&#8243; background_size=&#8220;initial&#8220; background_position=&#8220;top_left&#8220; background_repeat=&#8220;repeat&#8220; use_border_color=&#8220;off&#8220; border_color=&#8220;#ffffff&#8220; border_style=&#8220;solid&#8220; global_colors_info=&#8220;{}&#8220;]<\/p>\n<p><strong>Lambada ist bekannt f\u00fcr ihren ausgezeichneten Geschmack. Die Fr\u00fcchte sind gro\u00df, au\u00dfergew\u00f6hnlich s\u00fc\u00df und haben ein sch\u00f6nes Aussehen. Dadurch sind sie sehr geeignet f\u00fcr Konditoren und Gastronomiek\u00fcchen. Lambada wird in Deutschland auch viel f\u00fcr den Hausverkauf benutzt.<\/strong><\/p>\n<p>[\/et_pb_text][et_pb_image src=&#8220;https:\/\/www.neessen.nl\/wp-content\/uploads\/2023\/02\/2212_eigenschappen-rassen_NL_eigenschappen_lambadaDU-1.png&#8220; title_text=&#8220;2212_eigenschappen rassen_NL_eigenschappen_lambadaDU-1&#8243; align_tablet=&#8220;center&#8220; align_phone=&#8220;center&#8220; align_last_edited=&#8220;on|desktop&#8220; admin_label=&#8220;Afbeelding eigenschappen&#8220; _builder_version=&#8220;4.19.4&#8243; animation=&#8220;off&#8220; use_border_color=&#8220;off&#8220; border_color=&#8220;#ffffff&#8220; border_style=&#8220;solid&#8220; sticky=&#8220;off&#8220; always_center_on_mobile=&#8220;on&#8220; global_colors_info=&#8220;{}&#8220;][\/et_pb_image][et_pb_text admin_label=&#8220;Tekst&#8220; _builder_version=&#8220;4.19.4&#8243; background_size=&#8220;initial&#8220; background_position=&#8220;top_left&#8220; background_repeat=&#8220;repeat&#8220; use_border_color=&#8220;off&#8220; border_color=&#8220;#ffffff&#8220; border_style=&#8220;solid&#8220; global_colors_info=&#8220;{}&#8220;]<\/p>\n<h3>Fruchtqualit\u00e4t<\/h3>\n<p>Lambada hat eine gl\u00e4nzende hellrote Farbe, von innen sind die Fr\u00fcchte hellrot gef\u00e4rbt. Der Fruchtglanz verschwindet nach dem Pfl\u00fccken allm\u00e4hlich. Lambada hat einen guten Fruchtansatz. Die Fr\u00fcchte sind gro\u00df, etwas kegelf\u00f6rmig und sehr gleichm\u00e4\u00dfig in Bezug auf Gr\u00f6\u00dfe und Form. Auf dem Gebiet der Robustheit punktet Lambada weniger gut; die Fr\u00fcchte sind weniger robust und dadurch anf\u00e4llig, Druckstellen sind nahezu direkt sichtbar. Vorsichtiges Pfl\u00fccken ist eine Bedingung. Es gibt wenig verkr\u00fcppelte Fr\u00fcchte. Lambada kennzeichnet sich durch den s\u00fc\u00dfen, saftigen Geschmack. Lambada hat ein angenehmes Erdbeeraroma, einen hohen Brix-Wert (&gt;10) und der Geschmack ist deutlich besser als der der anderen Sorten.<\/p>\n<h3>Bl\u00fcte- und erntezeit\u00a0<\/h3>\n<p>Lambada kennzeichnet sich durch die gro\u00dfen Bl\u00fcten und gut entwickelte Staubbl\u00e4tter. Lambada hat robuste Bl\u00fctentrauben mit gutem Bl\u00fctenstaub und einem nahezu perfekten Satz. Das durchschnittliche Fruchtgewicht ist mit dem von Darselect vergleichbar. Lambada ist fr\u00fch reif und deutlich fr\u00fcher als Elsanta. Lambada l\u00e4sst sich unter Folie gut verfr\u00fchen.<\/p>\n<h3>Produktivit\u00e4t<\/h3>\n<p>Die Produktivit\u00e4t von Lambada ist m\u00e4\u00dfig bis zufrieden stellend. Der Prozentsatz der Fr\u00fcchte mit Klasse I ist hoch. Weil Lambada wenig Bl\u00fctenstengel produziert, ist der Ertrag nicht hoch. Durch eine hohe Pflanzdichte kann die Produktion gesteigert werden. Die ersten Fr\u00fcchte sind sehr gro\u00df und weisen manchmal in der Mitte einen Hohlraum auf. Die Haltbarkeit der Fr\u00fcchte ist begrenzt.<\/p>\n<h3>Anf\u00e4lligkeit f\u00fcr krankeheit<\/h3>\n<p>Lambadapflanzen sind anf\u00e4llig f\u00fcr die Verticillium-Welke (Verticillium dahliae) und Mehltau (Sphaerotheca macularis), und ziemlich anf\u00e4llig f\u00fcr die Rote Wurzelf\u00e4ule (Phytophthora fragariae) und die lilafarbene Fleckenkrankheit (Alternaria alternata). Die Pflanzen sind wenig anf\u00e4llig f\u00fcr Rhizomf\u00e4ule (Phytophthora cactorum). Die Fr\u00fcchte sind etwas anf\u00e4llig f\u00fcr Obstf\u00e4ule (Botrytis cinerea) und anf\u00e4llig f\u00fcr Mehltau (Sphaerotheca macularis).<\/p>\n<h3>Erfahrungen im anbau<\/h3>\n<p>Lambada ist eine fr\u00fche Erdbeersorte und geeignet f\u00fcr einen fr\u00fchen Anbau im beheizten Gew\u00e4chshaus oder im Freiland. In Freilandkulturen ist Lambada ungef\u00e4hr einer Woche fr\u00fcher als Elsanta. Lambada l\u00e4sst sich unter Folie gut verfr\u00fchen.<\/p>\n<p>[\/et_pb_text][\/et_pb_column][\/et_pb_row][et_pb_row admin_label=&#8220;Rij&#8220; _builder_version=&#8220;4.16&#8243; background_size=&#8220;initial&#8220; background_position=&#8220;top_left&#8220; background_repeat=&#8220;repeat&#8220; global_colors_info=&#8220;{}&#8220;][et_pb_column type=&#8220;4_4&#8243; _builder_version=&#8220;4.16&#8243; custom_padding=&#8220;|||&#8220; global_colors_info=&#8220;{}&#8220; custom_padding__hover=&#8220;|||&#8220;][et_pb_text admin_label=&#8220;Beschikbaar als&#8220; _builder_version=&#8220;4.19.4&#8243; background_size=&#8220;initial&#8220; background_position=&#8220;top_left&#8220; background_repeat=&#8220;repeat&#8220; use_border_color=&#8220;off&#8220; border_color=&#8220;#ffffff&#8220; border_style=&#8220;solid&#8220; global_colors_info=&#8220;{}&#8220;]<\/p>\n<h1>Verf\u00fcgbar als:<\/h1>\n<p>[\/et_pb_text][et_pb_image src=&#8220;https:\/\/www.neessen.nl\/wp-content\/uploads\/2023\/02\/2212_eigenschappen-rassen_NL_sorteringen_lambadaDU-1.png&#8220; title_text=&#8220;2212_eigenschappen rassen_NL_sorteringen_lambadaDU-1&#8243; align_tablet=&#8220;center&#8220; align_phone=&#8220;center&#8220; align_last_edited=&#8220;on|desktop&#8220; admin_label=&#8220;Afbeelding sorteringen&#8220; _builder_version=&#8220;4.19.4&#8243; animation=&#8220;off&#8220; use_border_color=&#8220;off&#8220; border_color=&#8220;#ffffff&#8220; border_style=&#8220;solid&#8220; sticky=&#8220;off&#8220; always_center_on_mobile=&#8220;on&#8220; global_colors_info=&#8220;{}&#8220;][\/et_pb_image][\/et_pb_column][\/et_pb_row][et_pb_row admin_label=&#8220;Rij&#8220; _builder_version=&#8220;4.16&#8243; background_size=&#8220;initial&#8220; background_position=&#8220;top_left&#8220; background_repeat=&#8220;repeat&#8220; global_colors_info=&#8220;{}&#8220;][et_pb_column type=&#8220;4_4&#8243; _builder_version=&#8220;4.16&#8243; custom_padding=&#8220;|||&#8220; global_colors_info=&#8220;{}&#8220; custom_padding__hover=&#8220;|||&#8220;][et_pb_cta title=&#8220;Sortenbeschreibung PDF  Englisch&#8220; button_url=&#8220;https:\/\/www.neessen.nl\/wp-content\/uploads\/2023\/01\/Rasbeschrijving_Lambada_UK.pdf&#8220; url_new_window=&#8220;on&#8220; button_text=&#8220;Herunterladen&#8220; admin_label=&#8220;Oproep tot actie&#8220; _builder_version=&#8220;4.19.4&#8243; background_size=&#8220;initial&#8220; background_position=&#8220;top_left&#8220; background_repeat=&#8220;repeat&#8220; use_border_color=&#8220;off&#8220; border_color=&#8220;#ffffff&#8220; border_style=&#8220;solid&#8220; button_letter_spacing_hover=&#8220;0&#8243; saved_tabs=&#8220;all&#8220; global_colors_info=&#8220;{}&#8220; button_text_size__hover_enabled=&#8220;off&#8220; button_one_text_size__hover_enabled=&#8220;off&#8220; button_two_text_size__hover_enabled=&#8220;off&#8220; button_text_color__hover_enabled=&#8220;off&#8220; button_one_text_color__hover_enabled=&#8220;off&#8220; button_two_text_color__hover_enabled=&#8220;off&#8220; button_border_width__hover_enabled=&#8220;off&#8220; button_one_border_width__hover_enabled=&#8220;off&#8220; button_two_border_width__hover_enabled=&#8220;off&#8220; button_border_color__hover_enabled=&#8220;off&#8220; button_one_border_color__hover_enabled=&#8220;off&#8220; button_two_border_color__hover_enabled=&#8220;off&#8220; button_border_radius__hover_enabled=&#8220;off&#8220; button_one_border_radius__hover_enabled=&#8220;off&#8220; button_two_border_radius__hover_enabled=&#8220;off&#8220; button_letter_spacing__hover_enabled=&#8220;on&#8220; button_letter_spacing__hover=&#8220;0&#8243; button_one_letter_spacing__hover_enabled=&#8220;off&#8220; button_two_letter_spacing__hover_enabled=&#8220;off&#8220; button_bg_color__hover_enabled=&#8220;off&#8220; button_one_bg_color__hover_enabled=&#8220;off&#8220; button_two_bg_color__hover_enabled=&#8220;off&#8220;][\/et_pb_cta][et_pb_text admin_label=&#8220;Tekst&#8220; _builder_version=&#8220;4.19.4&#8243; background_size=&#8220;initial&#8220; background_position=&#8220;top_left&#8220; background_repeat=&#8220;repeat&#8220; use_border_color=&#8220;off&#8220; border_color=&#8220;#ffffff&#8220; border_style=&#8220;solid&#8220; saved_tabs=&#8220;all&#8220; global_colors_info=&#8220;{}&#8220;]<\/p>\n<p>Quelle angabe<a href=\"https:\/\/www.fresh-forward.nl\/nl\">: FreshForward<\/a><\/p>\n<p>[\/et_pb_text][\/et_pb_column][\/et_pb_row][\/et_pb_section]<\/p>\n","protected":false},"excerpt":{"rendered":"<p>LambadaLambada ist bekannt f\u00fcr ihren ausgezeichneten Geschmack. Die Fr\u00fcchte sind gro\u00df, au\u00dfergew\u00f6hnlich s\u00fc\u00df und haben ein sch\u00f6nes Aussehen. Dadurch sind sie sehr geeignet f\u00fcr Konditoren und Gastronomiek\u00fcchen. Lambada wird in Deutschland auch viel f\u00fcr den Hausverkauf benutzt.Fruchtqualit\u00e4t Lambada hat eine gl\u00e4nzende hellrote Farbe, von innen sind die Fr\u00fcchte hellrot gef\u00e4rbt. Der Fruchtglanz verschwindet nach dem [&hellip;]<\/p>\n","protected":false},"author":1,"featured_media":0,"parent":2041,"menu_order":9,"comment_status":"closed","ping_status":"closed","template":"","meta":{"_et_pb_use_builder":"on","_et_pb_old_content":"<p><strong>Die smaakt!<\/strong><br \/> Lambada staat bekend om haar uitstekende smaak. De vruchten zijn groot, uitzonderlijk zoet en hebben een mooi uiterlijk. Hierdoor zijn ze zeer geschikt voor banketbakkers en gastronomische keukens. Lambada wordt ook veel gebruikt voor huisverkoop in Duitsland.<\/p><h2>Vruchtkwaliteit<\/h2><p>Lambada heeft een glanzende helderrode kleur, van binnen zijn de vruchten lichtrood gekleurd. De vruchtglans verdwijnt geleidelijk na het plukken. Lambada heeft een goede vruchtzetting. De vruchten zijn groot, iets kegelvormig en zeer gelijkmatig van grootte en vorm. Op het gebied van stevigheid scoort Lambada minder goed; de vruchten zijn minder stevig en daardoor kwetsbaar, drukplekken zijn vrijwel direct zichtbaar. Voorzichtig plukken is een vereiste. Er is weinig sprake van vruchtmisvorming. Lambada kenmerkt zich door de zoetige, sappige smaak. Lambada heeft een aangenaam aardbeiaroma, een hoge Brix-waarde (>10) en de smaak is duidelijk beter dan die van andere rassen.<\/p><h2>Bloei en plukperiode<\/h2><p>Lambada kenmerkt zich door de grote bloemen en goed ontwikkelde meeldraden. Lambada heeft stevige bloemtakken met goed stuifmeel en een vrijwel perfecte zetting. Het gemiddelde vruchtgewicht is vergelijkbaar met dat van Darselect. Lambada is vroeg rijp en duidelijk eerder dan Elsanta. Lambada laat zich onder folie goed vervroegen.<\/p><h2>Productiviteit<\/h2><p>De productiviteit van Lambada is matig tot redelijk. Het percentage eerste kwaliteit vruchten is hoog. Omdat Lambada weinig bloemstengels produceert, is de opbrengst niet hoog. Door een hoge plantdichtheid kan de productie verhoogd worden. De eerste vruchten zijn heel groot en vertonen soms een holte in het midden. De houdbaarheid van de vruchten is beperkt.<\/p><h2>Ziektegevoeligheid<\/h2><p>De planten van Lambada zijn iets gevoelig voor verwelkingsziekte (Verticillium dahliae), stengelbasisrot (Phytophthora cactorum), meeldauw (Sphaerotheca macularis) en paarse vlekkenziekte (Alternaria alternata) en tamelijk vatbaar voor roodwortelrot (Phytophthora fragariae). De vruchten zijn iets vatbaar voor vruchtrot (Botrytis cinerea) en vatbaar meeldauw (Sphaerotheca macularis).<\/p><h2>Teeltervaringen<\/h2><p>Lambada is een vroeg aardbeiras en geschikt voor een vroege stookteelt en een teelt in de open lucht. In de vollegrondsteelt is Lambada ongeveer een week eerder dan Elsanta. Lambada laat zich onder folie goed vervroegen.<\/p>","_et_gb_content_width":""},"acf":[],"_links":{"self":[{"href":"https:\/\/www.neessen.nl\/de\/wp-json\/wp\/v2\/pages\/2102"}],"collection":[{"href":"https:\/\/www.neessen.nl\/de\/wp-json\/wp\/v2\/pages"}],"about":[{"href":"https:\/\/www.neessen.nl\/de\/wp-json\/wp\/v2\/types\/page"}],"author":[{"embeddable":true,"href":"https:\/\/www.neessen.nl\/de\/wp-json\/wp\/v2\/users\/1"}],"replies":[{"embeddable":true,"href":"https:\/\/www.neessen.nl\/de\/wp-json\/wp\/v2\/comments?post=2102"}],"version-history":[{"count":8,"href":"https:\/\/www.neessen.nl\/de\/wp-json\/wp\/v2\/pages\/2102\/revisions"}],"predecessor-version":[{"id":4962,"href":"https:\/\/www.neessen.nl\/de\/wp-json\/wp\/v2\/pages\/2102\/revisions\/4962"}],"up":[{"embeddable":true,"href":"https:\/\/www.neessen.nl\/de\/wp-json\/wp\/v2\/pages\/2041"}],"wp:attachment":[{"href":"https:\/\/www.neessen.nl\/de\/wp-json\/wp\/v2\/media?parent=2102"}],"curies":[{"name":"wp","href":"https:\/\/api.w.org\/{rel}","templated":true}]}}