{"id":2082,"date":"2022-11-17T11:46:27","date_gmt":"2022-11-17T10:46:27","guid":{"rendered":"https:\/\/www.neessen.nl\/verdi\/"},"modified":"2026-01-14T00:40:56","modified_gmt":"2026-01-13T23:40:56","slug":"verdi","status":"publish","type":"page","link":"https:\/\/www.neessen.nl\/de\/neessen-aardbei-en-aspergeplanten\/aardbeienplanten\/rassen\/vroege-aardbeiden-rassen\/verdi\/","title":{"rendered":"Verdi"},"content":{"rendered":"<p>[et_pb_section fb_built=&#8220;1&#8243; fullwidth=&#8220;on&#8220; admin_label=&#8220;Header 3 aarbeien&#8220; _builder_version=&#8220;4.19.4&#8243; _module_preset=&#8220;default&#8220; global_module=&#8220;2386&#8243; saved_tabs=&#8220;all&#8220; global_colors_info=&#8220;{}&#8220;][et_pb_fullwidth_image src=&#8220;https:\/\/www.neessen.nl\/wp-content\/uploads\/2023\/01\/neessen_header1.jpg&#8220; title_text=&#8220;neessen_header1&#8243; _builder_version=&#8220;4.19.4&#8243; _module_preset=&#8220;default&#8220; global_colors_info=&#8220;{}&#8220;][\/et_pb_fullwidth_image][\/et_pb_section][et_pb_section fb_built=&#8220;1&#8243; admin_label=&#8220;section&#8220; _builder_version=&#8220;4.16&#8243; custom_margin=&#8220;20px|||||&#8220; global_colors_info=&#8220;{}&#8220;][et_pb_row admin_label=&#8220;Rij&#8220; _builder_version=&#8220;4.16&#8243; background_size=&#8220;initial&#8220; background_position=&#8220;top_left&#8220; background_repeat=&#8220;repeat&#8220; custom_margin=&#8220;0px|||&#8220; custom_padding=&#8220;0px|||&#8220; make_fullwidth=&#8220;off&#8220; use_custom_width=&#8220;off&#8220; width_unit=&#8220;on&#8220; global_colors_info=&#8220;{}&#8220;][et_pb_column type=&#8220;4_4&#8243; _builder_version=&#8220;4.16&#8243; custom_padding=&#8220;|||&#8220; global_colors_info=&#8220;{}&#8220; custom_padding__hover=&#8220;|||&#8220;][et_pb_text admin_label=&#8220;Titel&#8220; _builder_version=&#8220;4.19.4&#8243; text_font_size=&#8220;66&#8243; background_size=&#8220;initial&#8220; background_position=&#8220;top_left&#8220; background_repeat=&#8220;repeat&#8220; text_font_size_tablet=&#8220;40px&#8220; text_font_size_phone=&#8220;30px&#8220; text_font_size_last_edited=&#8220;on|phone&#8220; use_border_color=&#8220;off&#8220; border_color=&#8220;#ffffff&#8220; border_style=&#8220;solid&#8220; global_colors_info=&#8220;{}&#8220;]<\/p>\n<p>Verdi<\/p>\n<p>[\/et_pb_text][\/et_pb_column][\/et_pb_row][et_pb_row admin_label=&#8220;Rij&#8220; _builder_version=&#8220;4.16&#8243; background_size=&#8220;initial&#8220; background_position=&#8220;top_left&#8220; background_repeat=&#8220;repeat&#8220; custom_margin=&#8220;17px|auto||auto||&#8220; make_fullwidth=&#8220;off&#8220; use_custom_width=&#8220;off&#8220; width_unit=&#8220;on&#8220; global_colors_info=&#8220;{}&#8220;][et_pb_column type=&#8220;4_4&#8243; _builder_version=&#8220;4.16&#8243; custom_padding=&#8220;|||&#8220; global_colors_info=&#8220;{}&#8220; custom_padding__hover=&#8220;|||&#8220;][et_pb_image src=&#8220;https:\/\/www.neessen.nl\/wp-content\/uploads\/2022\/12\/verdi.jpg&#8220; alt=&#8220;Bron: Fresh Forward&#8220; align_tablet=&#8220;center&#8220; align_phone=&#8220;center&#8220; align_last_edited=&#8220;on|desktop&#8220; admin_label=&#8220;Afbeelding&#8220; _builder_version=&#8220;4.16&#8243; animation=&#8220;off&#8220; use_border_color=&#8220;off&#8220; border_color=&#8220;#ffffff&#8220; border_style=&#8220;solid&#8220; sticky=&#8220;off&#8220; always_center_on_mobile=&#8220;on&#8220; global_colors_info=&#8220;{}&#8220;][\/et_pb_image][\/et_pb_column][\/et_pb_row][et_pb_row admin_label=&#8220;Rij&#8220; _builder_version=&#8220;4.16&#8243; background_size=&#8220;initial&#8220; background_position=&#8220;top_left&#8220; background_repeat=&#8220;repeat&#8220; global_colors_info=&#8220;{}&#8220;][et_pb_column type=&#8220;4_4&#8243; _builder_version=&#8220;4.16&#8243; custom_padding=&#8220;|||&#8220; global_colors_info=&#8220;{}&#8220; custom_padding__hover=&#8220;|||&#8220;][et_pb_text admin_label=&#8220;Tekst&#8220; _builder_version=&#8220;4.19.4&#8243; background_size=&#8220;initial&#8220; background_position=&#8220;top_left&#8220; background_repeat=&#8220;repeat&#8220; use_border_color=&#8220;off&#8220; border_color=&#8220;#ffffff&#8220; border_style=&#8220;solid&#8220; global_colors_info=&#8220;{}&#8220;]<\/p>\n<p><strong>Verdi ist eine mittelfr\u00fche, junitragende Erdbeerauswahl. Die Erntezeit ist mit der von Darselect vergleichbar. Verdi eignet sich f\u00fcr den Anbau in konventionellen Frisch- und Frigosystemen im Freiland, in \u00fcberdachten Systemen oder in Tunneln. Verdi bildet eine gesunde, ausgewogene Pflanze mit limettengr\u00fcnen, gl\u00e4nzenden Bl\u00e4ttern.<\/strong><\/p>\n<p>[\/et_pb_text][et_pb_image src=&#8220;https:\/\/www.neessen.nl\/wp-content\/uploads\/2026\/01\/2212_eigenschappen-rassen_NL_eigenschappen_verdiDU-1.png&#8220; title_text=&#8220;2212_eigenschappen rassen_NL_eigenschappen_verdiDU-1&#8243; align_tablet=&#8220;center&#8220; align_phone=&#8220;center&#8220; align_last_edited=&#8220;on|desktop&#8220; admin_label=&#8220;Afbeelding eigenschappen&#8220; _builder_version=&#8220;4.27.5&#8243; hover_enabled=&#8220;0&#8243; animation=&#8220;off&#8220; use_border_color=&#8220;off&#8220; border_color=&#8220;#ffffff&#8220; border_style=&#8220;solid&#8220; sticky=&#8220;off&#8220; always_center_on_mobile=&#8220;on&#8220; global_colors_info=&#8220;{}&#8220; sticky_enabled=&#8220;0&#8243;][\/et_pb_image][et_pb_text admin_label=&#8220;Vrucht kwalitiet&#8220; _builder_version=&#8220;4.19.4&#8243; background_size=&#8220;initial&#8220; background_position=&#8220;top_left&#8220; background_repeat=&#8220;repeat&#8220; use_border_color=&#8220;off&#8220; border_color=&#8220;#ffffff&#8220; border_style=&#8220;solid&#8220; global_colors_info=&#8220;{}&#8220;]<\/p>\n<h3>Fruchtqualit\u00e4t<\/h3>\n<p>Verdi bildet ansprechende Fr\u00fcchte aus. Die ersten Fr\u00fcchte k\u00f6nnen gro\u00df und etwas \u201eklobig\u201c sein. Die folgenden Fr\u00fcchte sind lang, kegelf\u00f6rmig und einheitlich. Die Frucht hat eine intensiv rote bis tiefrote Farbe und einen attraktiven Glanz. Gegen die zweite Saisonh\u00e4lfte ist vor allem die Fruchtgr\u00f6\u00dfe gut, und im Vergleich zu Sorten wie Clery und Magnum kann ein h\u00f6heres Fruchtgewicht erwartet werden. Verdi kennzeichnet sich durch seine saftige Textur und den hohen Brix-Wert. Aufgrund seines ausgepr\u00e4gten Aromas eignet sich Verdi gut f\u00fcr den Direktverkauf und f\u00fcr kurze Absatzkan\u00e4le. Die Haltbarkeit der Fr\u00fcchte ist gut. Geschmack und Textur bleiben relativ gut erhalten, obwohl die Fr\u00fcchte ihre Farbe nach der Ernte noch leicht intensivieren k\u00f6nnen. Ein Ernteintervall von 2\u20133 Tagen ist normal und zur Optimierung der Fruchtqualit\u00e4t empfehlenswert.<\/p>\n<p>[\/et_pb_text][et_pb_text admin_label=&#8220;Teeltlijn&#8220; _builder_version=&#8220;4.19.4&#8243; background_size=&#8220;initial&#8220; background_position=&#8220;top_left&#8220; background_repeat=&#8220;repeat&#8220; use_border_color=&#8220;off&#8220; border_color=&#8220;#ffffff&#8220; border_style=&#8220;solid&#8220; global_colors_info=&#8220;{}&#8220;]<\/p>\n<h3>Pflanze und Wachstumsverhalten<\/h3>\n<p>Die Pflanzen von Verdi sind gesund, resistent und ausgewogen. Durch den offenen Aufbau der Pflanze sind die Bl\u00fctenst\u00e4nde deutlich erkennbar. Verdi w\u00e4chst kompakt und das vegetativ-generative Gleichgewicht bleibt optimal. Die Bl\u00e4tter sind limettengr\u00fcn und gl\u00e4nzend. Die Bl\u00fctenst\u00e4nde tragen normalerweise 7\u20138 Bl\u00fcten, die normalerweise unter dem Bl\u00e4tterdach bleiben. Verdi ist zudem relativ hitzetolerant und trotzt Perioden mit hohen Temperaturen.<\/p>\n<p>&nbsp;<\/p>\n<h3>Schnittplan<\/h3>\n<p>Mit Beginn der Ernte steigt die Produktion rasch an. Dank der guten Verbreitung der Entstehung neuer Bl\u00fctenst\u00e4nde hat Verdi im Vergleich zu anderen Sorten mit konstanter Produktion eine l\u00e4ngere Erntezeit (Abb. 1). Daher bleibt die Fruchtgr\u00f6\u00dfe relativ konstant (Tabelle 1). Das gleichbleibend hohe Fruchtgewicht in Kombination mit der Sichtbarkeit der Fruchttrauben f\u00fchrt zu einer hohen Pfl\u00fcckleistung.<\/p>\n<p style=\"text-align: center;\"><img decoding=\"async\" loading=\"lazy\" class=\"aligncenter\" src=\"https:\/\/www.fresh-forward.nl\/thumbnail\/inline\/832\/verdi-grafiek-de.jpg\" width=\"549\" height=\"325\" \/><br \/><em>Diagramm 1. Prozents\u00e4tze des Gesamtertrags, aufgetragen \u00fcber mehrere Erntewochen.<\/em><\/p>\n<p>Verdi starts its production when the production of Flair is decreasing. When the production of Verdi, in turn, decreases, the production Faith has commenced. Due to this relatively long harvest window, Verdi bridges the gap between Flair and Faith, resulting in an evenly distributed weekly production.<\/p>\n<p>[\/et_pb_text][et_pb_text admin_label=&#8220;Resistentie tegen ziekten en plagen&#8220; _builder_version=&#8220;4.19.4&#8243; background_size=&#8220;initial&#8220; background_position=&#8220;top_left&#8220; background_repeat=&#8220;repeat&#8220; use_border_color=&#8220;off&#8220; border_color=&#8220;#ffffff&#8220; border_style=&#8220;solid&#8220; global_colors_info=&#8220;{}&#8220;]<\/p>\n<h3>Sch\u00e4dlings- und Krankheitsresistenz<\/h3>\n<p>Versuche haben gezeigt, dass Verdi eine sehr gute Resistenz gegen Infektionen durch bodenb\u00fcrtige Krankheiten wie Rhizomf\u00e4ule und Verticillium-Welke hat. Verdi ist au\u00dferdem tolerant gegen Mehltau.<\/p>\n<p style=\"text-align: center;\"><em>Tabelle 1. \u00dcbersicht \u00fcber die Merkmale der Verdi-Kultur im Vergleich zu Clery und Allegro. Die Ergebnisse basieren auf Versuchen von Fresh Forward. Die Eigenschaften werden auf einer Skala von 1 (schlecht) bis 9 (ausgezeichnet) bewertet.<\/em><img decoding=\"async\" src=\"https:\/\/www.fresh-forward.nl\/thumbnail\/inline\/831\/verdi-tabel-de.jpg\" \/><\/p>\n<p>[\/et_pb_text][et_pb_text admin_label=&#8220;Bemesting&#8220; _builder_version=&#8220;4.19.4&#8243; background_size=&#8220;initial&#8220; background_position=&#8220;top_left&#8220; background_repeat=&#8220;repeat&#8220; use_border_color=&#8220;off&#8220; border_color=&#8220;#ffffff&#8220; border_style=&#8220;solid&#8220; global_colors_info=&#8220;{}&#8220;]<\/p>\n<h3>D\u00fcngung<\/h3>\n<p>Verdi ist eine starke Sorte und nutzt die im Boden verf\u00fcgbaren N\u00e4hrstoffen auf effiziente Art. Daher ben\u00f6tigt Verdi weniger D\u00fcngung f\u00fcr eine erfolgreiche Ernte. F\u00fcr spezifische D\u00fcngungsstrategien setzen Sie sich mit uns in Verbindung.<\/p>\n<p>Eine zus\u00e4tzliche Gabe von 25 kg reinem Stickstoff w\u00e4hrend der vegetativen Phase reicht zur Bildung einer ausreichenden Blattmasse aus. W\u00e4hrend der Bl\u00fcte und Ernte wird f\u00fcr eine erfolgreiche Ernte ein Kalium-Calcium-Verh\u00e4ltnis von 7:2 empfohlen. Dabei ist besonders darauf zu achten, die Pflanzen gleichm\u00e4\u00dfig und nach Bedarf zu gie\u00dfen.<\/p>\n<p>[\/et_pb_text][\/et_pb_column][\/et_pb_row][et_pb_row admin_label=&#8220;Rij&#8220; _builder_version=&#8220;4.16&#8243; background_size=&#8220;initial&#8220; background_position=&#8220;top_left&#8220; background_repeat=&#8220;repeat&#8220; global_colors_info=&#8220;{}&#8220;][et_pb_column type=&#8220;4_4&#8243; _builder_version=&#8220;4.16&#8243; custom_padding=&#8220;|||&#8220; global_colors_info=&#8220;{}&#8220; custom_padding__hover=&#8220;|||&#8220;][et_pb_text admin_label=&#8220;Beschikbaar als&#8220; _builder_version=&#8220;4.19.4&#8243; background_size=&#8220;initial&#8220; background_position=&#8220;top_left&#8220; background_repeat=&#8220;repeat&#8220; use_border_color=&#8220;off&#8220; border_color=&#8220;#ffffff&#8220; border_style=&#8220;solid&#8220; global_colors_info=&#8220;{}&#8220;]<\/p>\n<h1>Verf\u00fcgbar als:<\/h1>\n<p>[\/et_pb_text][et_pb_image src=&#8220;https:\/\/www.neessen.nl\/wp-content\/uploads\/2023\/02\/2212_eigenschappen-rassen_NL_sorteringen_allegroDU-1.png&#8220; title_text=&#8220;2212_eigenschappen rassen_NL_sorteringen_darselect_elsanta_falco_flair_opera_parlando_rumba_sonata_sonsation_twist_verdiDU-1&#8243; align_tablet=&#8220;center&#8220; align_phone=&#8220;center&#8220; align_last_edited=&#8220;on|desktop&#8220; admin_label=&#8220;Afbeelding sorteringen&#8220; _builder_version=&#8220;4.19.4&#8243; animation=&#8220;off&#8220; use_border_color=&#8220;off&#8220; border_color=&#8220;#ffffff&#8220; border_style=&#8220;solid&#8220; sticky=&#8220;off&#8220; always_center_on_mobile=&#8220;on&#8220; global_colors_info=&#8220;{}&#8220;][\/et_pb_image][\/et_pb_column][\/et_pb_row][et_pb_row admin_label=&#8220;Rij&#8220; _builder_version=&#8220;4.16&#8243; background_size=&#8220;initial&#8220; background_position=&#8220;top_left&#8220; background_repeat=&#8220;repeat&#8220; global_colors_info=&#8220;{}&#8220;][et_pb_column type=&#8220;4_4&#8243; _builder_version=&#8220;4.16&#8243; custom_padding=&#8220;|||&#8220; global_colors_info=&#8220;{}&#8220; custom_padding__hover=&#8220;|||&#8220;][et_pb_cta title=&#8220;Sortenbeschreibung PDF&#8220; button_url=&#8220;https:\/\/www.neessen.nl\/wp-content\/uploads\/2023\/01\/FF_Brochure_Verdi_web_DE.pdf&#8220; url_new_window=&#8220;on&#8220; button_text=&#8220;Herunterladen&#8220; admin_label=&#8220;Oproep tot actie&#8220; _builder_version=&#8220;4.19.4&#8243; background_size=&#8220;initial&#8220; background_position=&#8220;top_left&#8220; background_repeat=&#8220;repeat&#8220; use_border_color=&#8220;off&#8220; border_color=&#8220;#ffffff&#8220; border_style=&#8220;solid&#8220; button_letter_spacing_hover=&#8220;0&#8243; saved_tabs=&#8220;all&#8220; global_colors_info=&#8220;{}&#8220; button_text_size__hover_enabled=&#8220;off&#8220; button_one_text_size__hover_enabled=&#8220;off&#8220; button_two_text_size__hover_enabled=&#8220;off&#8220; button_text_color__hover_enabled=&#8220;off&#8220; button_one_text_color__hover_enabled=&#8220;off&#8220; button_two_text_color__hover_enabled=&#8220;off&#8220; button_border_width__hover_enabled=&#8220;off&#8220; button_one_border_width__hover_enabled=&#8220;off&#8220; button_two_border_width__hover_enabled=&#8220;off&#8220; button_border_color__hover_enabled=&#8220;off&#8220; button_one_border_color__hover_enabled=&#8220;off&#8220; button_two_border_color__hover_enabled=&#8220;off&#8220; button_border_radius__hover_enabled=&#8220;off&#8220; button_one_border_radius__hover_enabled=&#8220;off&#8220; button_two_border_radius__hover_enabled=&#8220;off&#8220; button_letter_spacing__hover_enabled=&#8220;on&#8220; button_letter_spacing__hover=&#8220;0&#8243; button_one_letter_spacing__hover_enabled=&#8220;off&#8220; button_two_letter_spacing__hover_enabled=&#8220;off&#8220; button_bg_color__hover_enabled=&#8220;off&#8220; button_one_bg_color__hover_enabled=&#8220;off&#8220; button_two_bg_color__hover_enabled=&#8220;off&#8220;][\/et_pb_cta][\/et_pb_column][\/et_pb_row][et_pb_row admin_label=&#8220;Rij&#8220; _builder_version=&#8220;4.16&#8243; background_size=&#8220;initial&#8220; background_position=&#8220;top_left&#8220; background_repeat=&#8220;repeat&#8220; global_colors_info=&#8220;{}&#8220;][et_pb_column type=&#8220;4_4&#8243; _builder_version=&#8220;4.16&#8243; custom_padding=&#8220;|||&#8220; global_colors_info=&#8220;{}&#8220; custom_padding__hover=&#8220;|||&#8220;][et_pb_text admin_label=&#8220;Tekst&#8220; _builder_version=&#8220;4.19.4&#8243; background_size=&#8220;initial&#8220; background_position=&#8220;top_left&#8220; background_repeat=&#8220;repeat&#8220; use_border_color=&#8220;off&#8220; border_color=&#8220;#ffffff&#8220; border_style=&#8220;solid&#8220; saved_tabs=&#8220;all&#8220; global_colors_info=&#8220;{}&#8220;]<\/p>\n<p>Quelle angabe<a href=\"https:\/\/www.fresh-forward.nl\/nl\">: FreshForward<\/a><\/p>\n<p>[\/et_pb_text][\/et_pb_column][\/et_pb_row][\/et_pb_section]<\/p>\n","protected":false},"excerpt":{"rendered":"<p>VerdiVerdi ist eine mittelfr\u00fche, junitragende Erdbeerauswahl. Die Erntezeit ist mit der von Darselect vergleichbar. Verdi eignet sich f\u00fcr den Anbau in konventionellen Frisch- und Frigosystemen im Freiland, in \u00fcberdachten Systemen oder in Tunneln. Verdi bildet eine gesunde, ausgewogene Pflanze mit limettengr\u00fcnen, gl\u00e4nzenden Bl\u00e4ttern.Fruchtqualit\u00e4t Verdi bildet ansprechende Fr\u00fcchte aus. Die ersten Fr\u00fcchte k\u00f6nnen gro\u00df und etwas [&hellip;]<\/p>\n","protected":false},"author":3,"featured_media":0,"parent":2041,"menu_order":2,"comment_status":"closed","ping_status":"closed","template":"","meta":{"_et_pb_use_builder":"on","_et_pb_old_content":"","_et_gb_content_width":""},"acf":[],"_links":{"self":[{"href":"https:\/\/www.neessen.nl\/de\/wp-json\/wp\/v2\/pages\/2082"}],"collection":[{"href":"https:\/\/www.neessen.nl\/de\/wp-json\/wp\/v2\/pages"}],"about":[{"href":"https:\/\/www.neessen.nl\/de\/wp-json\/wp\/v2\/types\/page"}],"author":[{"embeddable":true,"href":"https:\/\/www.neessen.nl\/de\/wp-json\/wp\/v2\/users\/3"}],"replies":[{"embeddable":true,"href":"https:\/\/www.neessen.nl\/de\/wp-json\/wp\/v2\/comments?post=2082"}],"version-history":[{"count":10,"href":"https:\/\/www.neessen.nl\/de\/wp-json\/wp\/v2\/pages\/2082\/revisions"}],"predecessor-version":[{"id":5970,"href":"https:\/\/www.neessen.nl\/de\/wp-json\/wp\/v2\/pages\/2082\/revisions\/5970"}],"up":[{"embeddable":true,"href":"https:\/\/www.neessen.nl\/de\/wp-json\/wp\/v2\/pages\/2041"}],"wp:attachment":[{"href":"https:\/\/www.neessen.nl\/de\/wp-json\/wp\/v2\/media?parent=2082"}],"curies":[{"name":"wp","href":"https:\/\/api.w.org\/{rel}","templated":true}]}}