{"id":2020,"date":"2016-06-20T13:55:29","date_gmt":"2016-06-20T11:55:29","guid":{"rendered":"https:\/\/www.neessen.nl\/aardbeienplanten\/rassen\/"},"modified":"2026-01-28T02:56:55","modified_gmt":"2026-01-28T01:56:55","slug":"rassen","status":"publish","type":"page","link":"https:\/\/www.neessen.nl\/de\/neessen-aardbei-en-aspergeplanten\/aardbeienplanten\/rassen\/","title":{"rendered":"Rassen"},"content":{"rendered":"<p>[et_pb_section fb_built=&#8220;1&#8243; fullwidth=&#8220;on&#8220; admin_label=&#8220;Header 3 aarbeien&#8220; _builder_version=&#8220;4.19.4&#8243; _module_preset=&#8220;default&#8220; global_module=&#8220;2386&#8243; saved_tabs=&#8220;all&#8220; global_colors_info=&#8220;{}&#8220;][et_pb_fullwidth_image src=&#8220;https:\/\/www.neessen.nl\/wp-content\/uploads\/2023\/01\/neessen_header1.jpg&#8220; title_text=&#8220;neessen_header1&#8243; _builder_version=&#8220;4.19.4&#8243; _module_preset=&#8220;default&#8220; global_colors_info=&#8220;{}&#8220;][\/et_pb_fullwidth_image][\/et_pb_section][et_pb_section fb_built=&#8220;1&#8243; admin_label=&#8220;section&#8220; _builder_version=&#8220;4.16&#8243; background_color=&#8220;#ffffff&#8220; transparent_background=&#8220;off&#8220; make_fullwidth=&#8220;off&#8220; use_custom_width=&#8220;off&#8220; width_unit=&#8220;on&#8220; global_colors_info=&#8220;{}&#8220;][et_pb_row admin_label=&#8220;Rij&#8220; _builder_version=&#8220;4.16&#8243; background_size=&#8220;initial&#8220; background_position=&#8220;top_left&#8220; background_repeat=&#8220;repeat&#8220; global_colors_info=&#8220;{}&#8220;][et_pb_column type=&#8220;4_4&#8243; _builder_version=&#8220;4.16&#8243; custom_padding=&#8220;|||&#8220; global_colors_info=&#8220;{}&#8220; custom_padding__hover=&#8220;|||&#8220;][et_pb_text admin_label=&#8220;Tekst&#8220; _builder_version=&#8220;4.19.4&#8243; text_font_size=&#8220;66&#8243; background_size=&#8220;initial&#8220; background_position=&#8220;top_left&#8220; background_repeat=&#8220;repeat&#8220; custom_padding=&#8220;13px|||||&#8220; text_font_size_tablet=&#8220;40px&#8220; text_font_size_phone=&#8220;30px&#8220; text_font_size_last_edited=&#8220;on|phone&#8220; use_border_color=&#8220;off&#8220; border_color=&#8220;#ffffff&#8220; border_style=&#8220;solid&#8220; global_colors_info=&#8220;{}&#8220;]<\/p>\n<p>Sorten<\/p>\n<p>[\/et_pb_text][et_pb_text admin_label=&#8220;Tekst&#8220; _builder_version=&#8220;4.19.4&#8243; text_font_size=&#8220;16&#8243; background_size=&#8220;initial&#8220; background_position=&#8220;top_left&#8220; background_repeat=&#8220;repeat&#8220; use_border_color=&#8220;off&#8220; border_color=&#8220;#ffffff&#8220; border_style=&#8220;solid&#8220; global_colors_info=&#8220;{}&#8220;]<\/p>\n<p>Neessen vermehrt Erdbeerpflanzen in verschiedenen Sorten und hat f\u00fcr jede Zielgruppe die passenden Sorten im Sortiment. Nachfolgend finden Sie unsere Sorten unterteilt in fr\u00fch, mittel, sp\u00e4t oder immertragend.<\/p>\n<p>[\/et_pb_text][\/et_pb_column][\/et_pb_row][et_pb_row column_structure=&#8220;1_4,1_4,1_4,1_4&#8243; admin_label=&#8220;Rij&#8220; _builder_version=&#8220;4.16&#8243; background_color=&#8220;#ffffff&#8220; background_size=&#8220;initial&#8220; background_position=&#8220;top_left&#8220; background_repeat=&#8220;repeat&#8220; make_fullwidth=&#8220;off&#8220; use_custom_width=&#8220;off&#8220; width_unit=&#8220;on&#8220; global_colors_info=&#8220;{}&#8220;][et_pb_column type=&#8220;1_4&#8243; _builder_version=&#8220;4.16&#8243; custom_padding=&#8220;|||&#8220; global_colors_info=&#8220;{}&#8220; custom_padding__hover=&#8220;|||&#8220;][et_pb_button button_url=&#8220;https:\/\/www.neessen.nl\/de\/vroege-aardbeiden-rassen\/&#8220; button_text=&#8220; Fr\u00fche Sorten&#8220; button_alignment=&#8220;center&#8220; admin_label=&#8220;Knop&#8220; _builder_version=&#8220;4.19.4&#8243; custom_button=&#8220;on&#8220; button_text_size=&#8220;18&#8243; button_text_color=&#8220;#ffffff&#8220; button_bg_color=&#8220;#0d712f&#8220; button_border_width=&#8220;5&#8243; button_border_radius=&#8220;27&#8243; button_letter_spacing_hover=&#8220;0&#8243; global_colors_info=&#8220;{}&#8220; button_text_size__hover_enabled=&#8220;off&#8220; button_one_text_size__hover_enabled=&#8220;off&#8220; button_two_text_size__hover_enabled=&#8220;off&#8220; button_text_color__hover_enabled=&#8220;off&#8220; button_one_text_color__hover_enabled=&#8220;off&#8220; button_two_text_color__hover_enabled=&#8220;off&#8220; button_border_width__hover_enabled=&#8220;off&#8220; button_one_border_width__hover_enabled=&#8220;off&#8220; button_two_border_width__hover_enabled=&#8220;off&#8220; button_border_color__hover_enabled=&#8220;off&#8220; button_one_border_color__hover_enabled=&#8220;off&#8220; button_two_border_color__hover_enabled=&#8220;off&#8220; button_border_radius__hover_enabled=&#8220;off&#8220; button_one_border_radius__hover_enabled=&#8220;off&#8220; button_two_border_radius__hover_enabled=&#8220;off&#8220; button_letter_spacing__hover_enabled=&#8220;on&#8220; button_letter_spacing__hover=&#8220;0&#8243; button_one_letter_spacing__hover_enabled=&#8220;off&#8220; button_two_letter_spacing__hover_enabled=&#8220;off&#8220; button_bg_color__hover_enabled=&#8220;off&#8220; button_one_bg_color__hover_enabled=&#8220;off&#8220; button_two_bg_color__hover_enabled=&#8220;off&#8220;][\/et_pb_button][et_pb_text admin_label=&#8220;Tekst&#8220; _builder_version=&#8220;4.19.4&#8243; background_size=&#8220;initial&#8220; background_position=&#8220;top_left&#8220; background_repeat=&#8220;repeat&#8220; use_border_color=&#8220;off&#8220; border_color=&#8220;#ffffff&#8220; border_style=&#8220;solid&#8220; global_colors_info=&#8220;{}&#8220;]<\/p>\n<h4 style=\"text-align: center;\"><a href=\"https:\/\/www.neessen.nl\/aardbeienplanten\/de\/twist\/\">Twist<\/a><\/h4>\n<h4 style=\"text-align: center;\"><a href=\"https:\/\/www.neessen.nl\/de\/verdi\/\">Verdi<\/a><\/h4>\n<h4 style=\"text-align: center;\"><a href=\"https:\/\/www.neessen.nl\/de\/allegro\/\">Allegro<\/a><\/h4>\n<h4 style=\"text-align: center;\"><a href=\"https:\/\/www.neessen.nl\/vroege-aardbeiden-rassen\/de\/flair\/\">Flair<\/a><\/h4>\n<h4 style=\"text-align: center;\"><a href=\"https:\/\/www.neessen.nl\/de\/rumba\/\">Rumba<\/a><\/h4>\n<h4 style=\"text-align: center;\"><a href=\"https:\/\/www.neessen.nl\/de\/vroege-aardbeiden-rassen\/malling-centenary\/\">Malling Centenary<\/a><\/h4>\n<h4 style=\"text-align: center;\"><a href=\"https:\/\/www.neessen.nl\/de\/vroege-aardbeiden-rassen\/darselect\/\">Darselect<\/a><\/h4>\n<h4 style=\"text-align: center;\"><a href=\"https:\/\/www.neessen.nl\/de\/vroege-aardbeiden-rassen\/lambada\/\">Lambada<\/a><\/h4>\n<h4 style=\"text-align: center;\"><a href=\"https:\/\/www.neessen.nl\/de\/vroege-aardbeiden-rassen\/daroyal\/\">Daroyal<\/a><\/h4>\n<h4 style=\"text-align: center;\"><a href=\"https:\/\/www.neessen.nl\/de\/vroege-aardbeiden-rassen\/honeoye\/\">Honeoye<\/a><\/h4>\n<h4 style=\"text-align: center;\"><a href=\"https:\/\/www.neessen.nl\/de\/vroege-aardbeiden-rassen\/elvira\/\">\u00a0Elvira<\/a><\/h4>\n<p>&nbsp;<\/p>\n<p>[\/et_pb_text][\/et_pb_column][et_pb_column type=&#8220;1_4&#8243; _builder_version=&#8220;4.16&#8243; custom_padding=&#8220;|||&#8220; global_colors_info=&#8220;{}&#8220; custom_padding__hover=&#8220;|||&#8220;][et_pb_button button_url=&#8220;https:\/\/www.neessen.nl\/de\/middentijdse-aardbeienrassen\/&#8220; button_text=&#8220;Hauptreifezeit&#8220; button_alignment=&#8220;center&#8220; admin_label=&#8220;Knop&#8220; _builder_version=&#8220;4.19.4&#8243; custom_button=&#8220;on&#8220; button_text_size=&#8220;18&#8243; button_text_color=&#8220;#ffffff&#8220; button_bg_color=&#8220;#0d712f&#8220; button_border_width=&#8220;3&#8243; button_border_radius=&#8220;27&#8243; button_letter_spacing_hover=&#8220;0&#8243; global_colors_info=&#8220;{}&#8220; button_text_size__hover_enabled=&#8220;off&#8220; button_one_text_size__hover_enabled=&#8220;off&#8220; button_two_text_size__hover_enabled=&#8220;off&#8220; button_text_color__hover_enabled=&#8220;off&#8220; button_one_text_color__hover_enabled=&#8220;off&#8220; button_two_text_color__hover_enabled=&#8220;off&#8220; button_border_width__hover_enabled=&#8220;off&#8220; button_one_border_width__hover_enabled=&#8220;off&#8220; button_two_border_width__hover_enabled=&#8220;off&#8220; button_border_color__hover_enabled=&#8220;off&#8220; button_one_border_color__hover_enabled=&#8220;off&#8220; button_two_border_color__hover_enabled=&#8220;off&#8220; button_border_radius__hover_enabled=&#8220;off&#8220; button_one_border_radius__hover_enabled=&#8220;off&#8220; button_two_border_radius__hover_enabled=&#8220;off&#8220; button_letter_spacing__hover_enabled=&#8220;on&#8220; button_letter_spacing__hover=&#8220;0&#8243; button_one_letter_spacing__hover_enabled=&#8220;off&#8220; button_two_letter_spacing__hover_enabled=&#8220;off&#8220; button_bg_color__hover_enabled=&#8220;off&#8220; button_one_bg_color__hover_enabled=&#8220;off&#8220; button_two_bg_color__hover_enabled=&#8220;off&#8220;][\/et_pb_button][et_pb_text admin_label=&#8220;Tekst&#8220; _builder_version=&#8220;4.27.5&#8243; background_size=&#8220;initial&#8220; background_position=&#8220;top_left&#8220; background_repeat=&#8220;repeat&#8220; use_border_color=&#8220;off&#8220; border_color=&#8220;#ffffff&#8220; border_style=&#8220;solid&#8220; global_colors_info=&#8220;{}&#8220;]<\/p>\n<h4 style=\"text-align: center;\"><a href=\"https:\/\/www.neessen.nl\/de\/middentijdse-aardbeienrassen\/parlando\/\">Parlando<\/a><\/h4>\n<h4 style=\"text-align: center;\"><a href=\"https:\/\/www.neessen.nl\/de\/middentijdse-aardbeienrassen\/jenkka-fe2122\/\">Jenkka<\/a><\/h4>\n<h4 style=\"text-align: center;\"><a href=\"https:\/\/www.neessen.nl\/de\/middentijdse-aardbeienrassen\/falco\/\">Falco<\/a><\/h4>\n<h4 style=\"text-align: center;\"><a href=\"https:\/\/www.neessen.nl\/de\/middentijdse-aardbeienrassen\/sonsation\/\">Sonsation<\/a><\/h4>\n<h4 style=\"text-align: center;\"><a href=\"https:\/\/www.neessen.nl\/de\/middentijdse-aardbeienrassen\/opera\/\">Opera<\/a><\/h4>\n<h4 style=\"text-align: center;\"><a href=\"https:\/\/www.neessen.nl\/de\/middentijdse-aardbeienrassen\/sonata\/\">Sonata<\/a><\/h4>\n<h4 style=\"text-align: center;\"><a href=\"https:\/\/www.neessen.nl\/de\/middentijdse-aardbeienrassen\/limalexia\/\">Limalexia<\/a><\/h4>\n<h4 style=\"text-align: center;\"><a href=\"https:\/\/www.neessen.nl\/de\/neessen-aardbei-en-aspergeplanten\/aardbeienplanten\/rassen\/middentijdse-aardbeienrassen\/fardao\/\">Fardao<\/a><\/h4>\n<h4 style=\"text-align: center;\"><a href=\"https:\/\/www.neessen.nl\/de\/middentijdse-aardbeienrassen\/elsanta\/\">Elsanta<\/a><\/h4>\n<h4 style=\"text-align: center;\"><a href=\"https:\/\/www.neessen.nl\/de\/middentijdse-aardbeienrassen\/korona\/\">Korona<\/a><\/h4>\n<h4 style=\"text-align: center;\"><a href=\"https:\/\/www.neessen.nl\/de\/middentijdse-aardbeienrassen\/senga-sengana\/\">Senga Sengana<\/a><\/h4>\n<h4 style=\"text-align: center;\"><a href=\"https:\/\/www.neessen.nl\/de\/middentijdse-aardbeienrassen\/tenira\/\">Tenira<\/a><\/h4>\n<h4 style=\"text-align: center;\"><a href=\"https:\/\/www.neessen.nl\/de\/middentijdse-aardbeienrassen\/kent\/\">Kent<\/a><\/h4>\n<p>&nbsp;<\/p>\n<p>[\/et_pb_text][\/et_pb_column][et_pb_column type=&#8220;1_4&#8243; _builder_version=&#8220;4.16&#8243; custom_padding=&#8220;|||&#8220; global_colors_info=&#8220;{}&#8220; custom_padding__hover=&#8220;|||&#8220;][et_pb_button button_url=&#8220;https:\/\/www.neessen.nl\/de\/late-aardbeien-rassen\/&#8220; button_text=&#8220;Sp\u00e4te Sorten&#8220; button_alignment=&#8220;center&#8220; admin_label=&#8220;Knop&#8220; _builder_version=&#8220;4.19.4&#8243; custom_button=&#8220;on&#8220; button_text_size=&#8220;18&#8243; button_text_color=&#8220;#ffffff&#8220; button_bg_color=&#8220;#0d712f&#8220; button_border_radius=&#8220;27&#8243; button_letter_spacing_hover=&#8220;0&#8243; global_colors_info=&#8220;{}&#8220; button_text_size__hover_enabled=&#8220;off&#8220; button_one_text_size__hover_enabled=&#8220;off&#8220; button_two_text_size__hover_enabled=&#8220;off&#8220; button_text_color__hover_enabled=&#8220;off&#8220; button_one_text_color__hover_enabled=&#8220;off&#8220; button_two_text_color__hover_enabled=&#8220;off&#8220; button_border_width__hover_enabled=&#8220;off&#8220; button_one_border_width__hover_enabled=&#8220;off&#8220; button_two_border_width__hover_enabled=&#8220;off&#8220; button_border_color__hover_enabled=&#8220;off&#8220; button_one_border_color__hover_enabled=&#8220;off&#8220; button_two_border_color__hover_enabled=&#8220;off&#8220; button_border_radius__hover_enabled=&#8220;off&#8220; button_one_border_radius__hover_enabled=&#8220;off&#8220; button_two_border_radius__hover_enabled=&#8220;off&#8220; button_letter_spacing__hover_enabled=&#8220;on&#8220; button_letter_spacing__hover=&#8220;0&#8243; button_one_letter_spacing__hover_enabled=&#8220;off&#8220; button_two_letter_spacing__hover_enabled=&#8220;off&#8220; button_bg_color__hover_enabled=&#8220;off&#8220; button_one_bg_color__hover_enabled=&#8220;off&#8220; button_two_bg_color__hover_enabled=&#8220;off&#8220;][\/et_pb_button][et_pb_text admin_label=&#8220;Tekst&#8220; _builder_version=&#8220;4.27.5&#8243; background_size=&#8220;initial&#8220; background_position=&#8220;top_left&#8220; background_repeat=&#8220;repeat&#8220; use_border_color=&#8220;off&#8220; border_color=&#8220;#ffffff&#8220; border_style=&#8220;solid&#8220; global_colors_info=&#8220;{}&#8220;]<\/p>\n<h4 style=\"text-align: center;\">Cadenza<\/h4>\n<h4 style=\"text-align: center;\">Ravellia<\/h4>\n<h4 style=\"text-align: center;\"><a href=\"https:\/\/www.neessen.nl\/de\/late-aardbeien-rassen\/malwina\/\">Malwina<\/a><\/h4>\n<h4 style=\"text-align: center;\"><a href=\"https:\/\/www.neessen.nl\/de\/late-aardbeien-rassen\/salsa\/\">Salsa<\/a><\/h4>\n<p>[\/et_pb_text][\/et_pb_column][et_pb_column type=&#8220;1_4&#8243; _builder_version=&#8220;4.16&#8243; custom_padding=&#8220;|||&#8220; global_colors_info=&#8220;{}&#8220; custom_padding__hover=&#8220;|||&#8220;][et_pb_button button_url=&#8220;https:\/\/www.neessen.nl\/de\/doordragende-aardbeien-rassen\/&#8220; button_text=&#8220;Remontierende Sorten&#8220; button_alignment=&#8220;center&#8220; admin_label=&#8220;Knop&#8220; _builder_version=&#8220;4.19.4&#8243; custom_button=&#8220;on&#8220; button_text_size=&#8220;18&#8243; button_text_color=&#8220;#ffffff&#8220; button_bg_color=&#8220;#0d712f&#8220; button_border_radius=&#8220;27&#8243; button_letter_spacing_hover=&#8220;0&#8243; global_colors_info=&#8220;{}&#8220; button_text_size__hover_enabled=&#8220;off&#8220; button_one_text_size__hover_enabled=&#8220;off&#8220; button_two_text_size__hover_enabled=&#8220;off&#8220; button_text_color__hover_enabled=&#8220;off&#8220; button_one_text_color__hover_enabled=&#8220;off&#8220; button_two_text_color__hover_enabled=&#8220;off&#8220; button_border_width__hover_enabled=&#8220;off&#8220; button_one_border_width__hover_enabled=&#8220;off&#8220; button_two_border_width__hover_enabled=&#8220;off&#8220; button_border_color__hover_enabled=&#8220;off&#8220; button_one_border_color__hover_enabled=&#8220;off&#8220; button_two_border_color__hover_enabled=&#8220;off&#8220; button_border_radius__hover_enabled=&#8220;off&#8220; button_one_border_radius__hover_enabled=&#8220;off&#8220; button_two_border_radius__hover_enabled=&#8220;off&#8220; button_letter_spacing__hover_enabled=&#8220;on&#8220; button_letter_spacing__hover=&#8220;0&#8243; button_one_letter_spacing__hover_enabled=&#8220;off&#8220; button_two_letter_spacing__hover_enabled=&#8220;off&#8220; button_bg_color__hover_enabled=&#8220;off&#8220; button_one_bg_color__hover_enabled=&#8220;off&#8220; button_two_bg_color__hover_enabled=&#8220;off&#8220;][\/et_pb_button][et_pb_text admin_label=&#8220;Tekst&#8220; _builder_version=&#8220;4.27.5&#8243; background_size=&#8220;initial&#8220; background_position=&#8220;top_left&#8220; background_repeat=&#8220;repeat&#8220; hover_enabled=&#8220;0&#8243; use_border_color=&#8220;off&#8220; border_color=&#8220;#ffffff&#8220; border_style=&#8220;solid&#8220; global_colors_info=&#8220;{}&#8220; sticky_enabled=&#8220;0&#8243;]<\/p>\n<h4 style=\"text-align: center;\"><a href=\"https:\/\/www.neessen.nl\/de\/neessen-aardbei-en-aspergeplanten\/aardbeienplanten\/rassen\/doordragende-aardbeien-rassen\/karima\/\">Karima<\/a><\/h4>\n<h4 style=\"text-align: center;\"><a href=\"https:\/\/www.neessen.nl\/de\/neessen-aardbei-en-aspergeplanten\/aardbeienplanten\/rassen\/doordragende-aardbeien-rassen\/favori\/\">Favori<\/a><\/h4>\n<h4 style=\"text-align: center;\"><a href=\"https:\/\/www.neessen.nl\/de\/neessen-aardbei-en-aspergeplanten\/aardbeienplanten\/rassen\/doordragende-aardbeien-rassen\/hademar\/\">Hademar<\/a><\/h4>\n<h4 style=\"text-align: center;\"><a href=\"https:\/\/www.neessen.nl\/malling-ace\/\">Malling Ace<\/a><\/h4>\n<h4 style=\"text-align: center;\"><a href=\"https:\/\/www.neessen.nl\/de\/neessen-aardbei-en-aspergeplanten\/aardbeienplanten\/rassen\/doordragende-aardbeien-rassen\/florice\/\">Florice<\/a><\/h4>\n<h4 style=\"text-align: center;\"><a href=\"https:\/\/www.neessen.nl\/de\/neessen-aardbei-en-aspergeplanten\/aardbeienplanten\/rassen\/doordragende-aardbeien-rassen\/ferris\/\">Ferris<\/a><\/h4>\n<h4 style=\"text-align: center;\"><a href=\"https:\/\/www.neessen.nl\/doordragende-aardbeien-rassen\/selva\/\">Selva<\/a><\/h4>\n<h4 style=\"text-align: center;\"><a href=\"https:\/\/www.neessen.nl\/doordragende-aardbeien-rassen\/diamante\/\">Diamante<\/a><\/h4>\n<h4 style=\"text-align: center;\"><a href=\"https:\/\/www.neessen.nl\/doordragende-aardbeien-rassen\/ostara\/\">Ostara<\/a><\/h4>\n<p>[\/et_pb_text][\/et_pb_column][\/et_pb_row][\/et_pb_section]<\/p>\n","protected":false},"excerpt":{"rendered":"<p>SortenNeessen vermehrt Erdbeerpflanzen in verschiedenen Sorten und hat f\u00fcr jede Zielgruppe die passenden Sorten im Sortiment. Nachfolgend finden Sie unsere Sorten unterteilt in fr\u00fch, mittel, sp\u00e4t oder immertragend.Twist Verdi Allegro Flair Rumba Malling Centenary Darselect Lambada Daroyal Honeoye \u00a0Elvira &nbsp;Parlando Jenkka Falco Sonsation Opera Sonata Limalexia Fardao Elsanta Korona Senga Sengana Tenira Kent &nbsp;Cadenza Ravellia [&hellip;]<\/p>\n","protected":false},"author":1,"featured_media":0,"parent":311,"menu_order":0,"comment_status":"closed","ping_status":"closed","template":"","meta":{"_et_pb_use_builder":"on","_et_pb_old_content":"<p>Neessen vermeerdert diverse rassen aardbeiplanten en heeft voor iedere doelgroep de geschikte rassen in haar assortiment. Hieronder vindt u al onze rassen uitgesplitst in vroeg, middel, laat of doordragend.<\/p><p>Klik hier voor een overzicht van onze vroege rassen<\/p><p>Klik hier voor een overzicht van onze middel rassen<\/p><p>Klik hier voor een overzicht van onze late rassen<\/p><p>Klik hier voor een overzicht van onze doordragende rassen<\/p>","_et_gb_content_width":""},"acf":[],"_links":{"self":[{"href":"https:\/\/www.neessen.nl\/de\/wp-json\/wp\/v2\/pages\/2020"}],"collection":[{"href":"https:\/\/www.neessen.nl\/de\/wp-json\/wp\/v2\/pages"}],"about":[{"href":"https:\/\/www.neessen.nl\/de\/wp-json\/wp\/v2\/types\/page"}],"author":[{"embeddable":true,"href":"https:\/\/www.neessen.nl\/de\/wp-json\/wp\/v2\/users\/1"}],"replies":[{"embeddable":true,"href":"https:\/\/www.neessen.nl\/de\/wp-json\/wp\/v2\/comments?post=2020"}],"version-history":[{"count":15,"href":"https:\/\/www.neessen.nl\/de\/wp-json\/wp\/v2\/pages\/2020\/revisions"}],"predecessor-version":[{"id":6119,"href":"https:\/\/www.neessen.nl\/de\/wp-json\/wp\/v2\/pages\/2020\/revisions\/6119"}],"up":[{"embeddable":true,"href":"https:\/\/www.neessen.nl\/de\/wp-json\/wp\/v2\/pages\/311"}],"wp:attachment":[{"href":"https:\/\/www.neessen.nl\/de\/wp-json\/wp\/v2\/media?parent=2020"}],"curies":[{"name":"wp","href":"https:\/\/api.w.org\/{rel}","templated":true}]}}